{"id":731,"date":"2026-03-25T06:00:51","date_gmt":"2026-03-25T06:00:51","guid":{"rendered":"https:\/\/jstvalve.com\/?post_type=product&#038;p=731"},"modified":"2026-04-19T13:20:25","modified_gmt":"2026-04-19T13:20:25","slug":"van-bi-bang-thep-khong-gi","status":"publish","type":"product","link":"https:\/\/jstvalve.com\/vi\/product\/stainless-steel-ball-valves\/","title":{"rendered":"Van bi b\u1eb1ng th\u00e9p kh\u00f4ng g\u1ec9"},"content":{"rendered":"<hr \/>\n<h6>Th\u00f4ng s\u1ed1 k\u1ef9 thu\u1eadt c\u1ee7a van phao bi b\u1eb1ng th\u00e9p kh\u00f4ng g\u1ec9<\/h6>\n<ul class=\"list-paddingleft-2\">\n<li>Lo\u1ea1i n\u1ed5i ho\u1eb7c lo\u1ea1i tr\u1ee5c quay<\/li>\n<li>\u0110\u01b0\u1eddng k\u00ednh \u0111\u1ea7y \u0111\u1ee7 ho\u1eb7c \u0111\u01b0\u1eddng k\u00ednh thu nh\u1ecf<\/li>\n<li>C\u1eeda v\u00e0o b\u00ean h\u00f4ng<\/li>\n<li>C\u1ea5u tr\u00fac th\u00e2n xe chia l\u00e0m nhi\u1ec1u ph\u1ea7n (2 m\u1ea3nh ho\u1eb7c 3 m\u1ea3nh)<\/li>\n<li>Tr\u1ee5c ch\u1ed1ng r\u00f2 r\u1ec9<\/li>\n<li>Thi\u1ebft b\u1ecb ch\u1ed1ng t\u0129nh \u0111i\u1ec7n<\/li>\n<li>Thi\u1ebft k\u1ebf ch\u1ed1ng ch\u00e1y ho\u1eb7c thi\u1ebft k\u1ebf kh\u00f4ng ch\u1ed1ng ch\u00e1y<\/li>\n<li>Lo\u1ea1i c\u00f3 \u0111\u1ec7m m\u1ec1m ho\u1eb7c lo\u1ea1i c\u00f3 \u0111\u1ec7m kim lo\u1ea1i<\/li>\n<li>\u0110\u1ea7u n\u1ed1i: Lo\u1ea1i c\u00f3 v\u00e0nh, Lo\u1ea1i m\u1ecfng, Lo\u1ea1i ren, BW, SW<\/li>\n<li>Ch\u00fang t\u00f4i cung c\u1ea5p c\u00e1c lo\u1ea1i van c\u00f4ng nghi\u1ec7p kh\u00e1c nhau c\u00f3 th\u1ec3 \u0111\u01b0\u1ee3c \u0111i\u1ec1u khi\u1ec3n b\u1eb1ng: C\u1ea7n g\u1ea1t, B\u00e1nh r\u0103ng, B\u1ed9 truy\u1ec1n \u0111\u1ed9ng \u0111i\u1ec7n, B\u1ed9 truy\u1ec1n \u0111\u1ed9ng kh\u00ed n\u00e9n, Tr\u1ee5c tr\u1ea7n<\/li>\n<li>Thi\u1ebft k\u1ebf ho\u00e0n to\u00e0n tu\u00e2n th\u1ee7 ti\u00eau chu\u1ea9n ASME B16.34 ho\u1eb7c API 6D<\/li>\n<li>\u0110\u00e3 \u0111\u01b0\u1ee3c th\u1eed nghi\u1ec7m v\u00e0 ki\u1ec3m tra theo ti\u00eau chu\u1ea9n API 598 ho\u1eb7c API 6D<\/li>\n<li>D\u1ea3i k\u00edch th\u01b0\u1edbc\/\u00e1p su\u1ea5t nh\u01b0 b\u1ea3ng d\u01b0\u1edbi \u0111\u00e2y; c\u00f3 s\u1eb5n van bi th\u00e9p kh\u00f4ng g\u1ec9 ch\u1ecbu \u00e1p su\u1ea5t cao.<\/li>\n<\/ul>\n<div class=\"overflow-x\">\n<table border=\"1\" cellspacing=\"0\" cellpadding=\"6\">\n<tbody>\n<tr class=\"firstRow\" bgcolor=\"#e6f2ff\">\n<td valign=\"center\"><b>C\u1ea5u tr\u00fac<\/b><\/td>\n<td valign=\"center\"><b>L\u1edaP<\/b><\/td>\n<td valign=\"center\"><b>PN<\/b><\/td>\n<td valign=\"center\"><b>K\u00cdCH TH\u01af\u1edaC (inch)<\/b><\/td>\n<td valign=\"center\"><b>DN (mm)<\/b><\/td>\n<\/tr>\n<tr>\n<td rowspan=\"6\" valign=\"center\">Thi\u1ebft k\u1ebf n\u1ed5i<\/td>\n<td valign=\"center\">L\u1edbp 150<\/td>\n<td valign=\"center\">PN10\u2013PN20<\/td>\n<td valign=\"center\">1\/2\u2033\u201310\u2033<\/td>\n<td valign=\"center\">DN15\u2013DN250<\/td>\n<\/tr>\n<tr>\n<td valign=\"center\">L\u1edbp 300<\/td>\n<td valign=\"center\">PN25\u2013PN50<\/td>\n<td valign=\"center\">1\/2\u2033\u20138\u2033<\/td>\n<td valign=\"center\">DN15\u2013DN200<\/td>\n<\/tr>\n<tr>\n<td valign=\"center\">L\u1edbp 600<\/td>\n<td valign=\"center\">PN63\u2013PN100<\/td>\n<td valign=\"center\">1\/2\u2033~6\u2033<\/td>\n<td valign=\"center\">DN15\u2013DN150<\/td>\n<\/tr>\n<tr>\n<td valign=\"center\">L\u1edbp 800<\/td>\n<td valign=\"center\">\/<\/td>\n<td valign=\"center\">1\/2\u2033~4\u2033<\/td>\n<td valign=\"center\">DN15\u2013DN100<\/td>\n<\/tr>\n<tr>\n<td valign=\"center\">L\u1edbp 900<\/td>\n<td valign=\"center\">PN160<\/td>\n<td valign=\"center\">1\/2\u2033~3\u2033<\/td>\n<td valign=\"center\">DN15\u2013DN80<\/td>\n<\/tr>\n<tr>\n<td valign=\"center\">L\u1edbp 1500<\/td>\n<td valign=\"center\">PN250<\/td>\n<td valign=\"center\">1\/2\u2033~2\u2033<\/td>\n<td valign=\"center\">DN15\u2013DN50<\/td>\n<\/tr>\n<tr>\n<td rowspan=\"5\" valign=\"center\">Thi\u1ebft k\u1ebf trunnion<\/td>\n<td valign=\"center\">L\u1edbp 150<\/td>\n<td valign=\"center\">PN10\u2013PN20<\/td>\n<td valign=\"center\">6\u2033~40\u2033<\/td>\n<td valign=\"center\">DN150\u2013DN1000<\/td>\n<\/tr>\n<tr>\n<td valign=\"center\">L\u1edbp 300<\/td>\n<td valign=\"center\">PN25~PN50<\/td>\n<td valign=\"center\">4\u2033~40\u2033<\/td>\n<td valign=\"center\">DN100\u2013DN1000<\/td>\n<\/tr>\n<tr>\n<td valign=\"center\">L\u1edbp 600<\/td>\n<td valign=\"center\">PN63\u2013PN100<\/td>\n<td valign=\"center\">4\u2033~40\u2033<\/td>\n<td valign=\"center\">DN100\u2013DN1000<\/td>\n<\/tr>\n<tr>\n<td valign=\"center\">L\u1edbp 900<\/td>\n<td valign=\"center\">PN160<\/td>\n<td valign=\"center\">4\u2033~24\u2033<\/td>\n<td valign=\"center\">DN100\u2013DN600<\/td>\n<\/tr>\n<tr>\n<td valign=\"center\">L\u1edbp 1500<\/td>\n<td valign=\"center\">PN250<\/td>\n<td valign=\"center\">4\u2033~24\u2033<\/td>\n<td valign=\"center\">DN100\u2013DN600<\/td>\n<\/tr>\n<\/tbody>\n<\/table>\n<p>&gt;<\/p>\n<hr \/>\n<h6>\u1ee8ng d\u1ee5ng c\u1ee7a van bi c\u00f3 m\u1eb7t b\u00edch b\u1eb1ng th\u00e9p kh\u00f4ng g\u1ec9<\/h6>\n<ul class=\"list-paddingleft-2\">\n<li>Van bi tay b\u1eb1ng th\u00e9p kh\u00f4ng g\u1ec9 ch\u1ee7 y\u1ebfu \u0111\u01b0\u1ee3c s\u1eed d\u1ee5ng trong ng\u00e0nh c\u00f4ng nghi\u1ec7p h\u00f3a d\u1ea7u, ch\u1eb3ng h\u1ea1n nh\u01b0 thi\u1ebft b\u1ecb t\u00e1ch etylen, thi\u1ebft b\u1ecb polyetylen v\u00e0 thi\u1ebft b\u1ecb polypropylen trong s\u1ea3n xu\u1ea5t etylen; thi\u1ebft b\u1ecb PTA (axit terephthalic tinh khi\u1ebft), thi\u1ebft b\u1ecb polyester v\u00e0 thi\u1ebft b\u1ecb k\u00e9o s\u1ee3i polyester trong s\u1ea3n xu\u1ea5t s\u1ee3i h\u00f3a h\u1ecdc.<\/li>\n<li>Van m\u1ed9t chi\u1ec1u bi b\u1eb1ng th\u00e9p kh\u00f4ng g\u1ec9 304 v\u00e0 304L th\u00edch h\u1ee3p \u0111\u1ec3 v\u1eadn chuy\u1ec3n trong m\u00f4i tr\u01b0\u1eddng axit-baz\u01a1 y\u1ebfu c\u00f3 t\u00ednh \u0103n m\u00f2n th\u1ea5p, ch\u1eb3ng h\u1ea1n nh\u01b0 axit nitric, ph\u00e2n b\u00f3n, benzen, oxy, v.v.<\/li>\n<li>Van \u0111i\u1ec1u khi\u1ec3n b\u1eb1ng tay lo\u1ea1i 316 v\u00e0 316L ch\u1ee7 y\u1ebfu \u0111\u01b0\u1ee3c s\u1eed d\u1ee5ng \u0111\u1ec3 v\u1eadn chuy\u1ec3n c\u00e1c ch\u1ea5t l\u1ecfng l\u00e0 axit v\u00e0 baz\u01a1 m\u1ea1nh, ch\u1eb3ng h\u1ea1n nh\u01b0 axit axetic, axit clohydric, axit sunfuric, v.v.<\/li>\n<\/ul>\n<\/div>","protected":false},"excerpt":{"rendered":"<p>Van bi th\u00e9p kh\u00f4ng g\u1ec9 c\u1ee7a JST c\u00f3 kh\u1ea3 n\u0103ng ch\u1ecbu \u0111\u01b0\u1ee3c \u00e1p su\u1ea5t v\u00e0 nhi\u1ec7t \u0111\u1ed9 c\u1ef1c cao, \u0111\u01b0\u1ee3c s\u1eed d\u1ee5ng r\u1ed9ng r\u00e3i \u0111\u1ec3 \u0111i\u1ec1u khi\u1ec3n l\u01b0u l\u01b0\u1ee3ng c\u1ee7a c\u00e1c ch\u1ea5t l\u1ecfng nh\u01b0 kh\u00f4ng kh\u00ed, n\u01b0\u1edbc, h\u01a1i n\u01b0\u1edbc, m\u00f4i tr\u01b0\u1eddng \u0103n m\u00f2n, b\u00f9n, d\u1ea7u, kim lo\u1ea1i l\u1ecfng v\u00e0 m\u00f4i tr\u01b0\u1eddng ph\u00f3ng x\u1ea1.<\/p>","protected":false},"featured_media":755,"comment_status":"open","ping_status":"closed","template":"","meta":{"_kad_post_transparent":"default","_kad_post_title":"","_kad_post_layout":"default","_kad_post_sidebar_id":"","_kad_post_content_style":"default","_kad_post_vertical_padding":"default","_kad_post_feature":"","_kad_post_feature_position":"","_kad_post_header":false,"_kad_post_footer":false,"_kad_post_classname":""},"product_brand":[],"product_cat":[25],"product_tag":[],"class_list":{"0":"post-731","1":"product","2":"type-product","3":"status-publish","4":"has-post-thumbnail","6":"product_cat-ball-valve","8":"first","9":"instock","10":"shipping-taxable","11":"product-type-simple","12":"entry","13":"content-bg","14":"loop-entry"},"_links":{"self":[{"href":"https:\/\/jstvalve.com\/vi\/wp-json\/wp\/v2\/product\/731","targetHints":{"allow":["GET"]}}],"collection":[{"href":"https:\/\/jstvalve.com\/vi\/wp-json\/wp\/v2\/product"}],"about":[{"href":"https:\/\/jstvalve.com\/vi\/wp-json\/wp\/v2\/types\/product"}],"replies":[{"embeddable":true,"href":"https:\/\/jstvalve.com\/vi\/wp-json\/wp\/v2\/comments?post=731"}],"wp:featuredmedia":[{"embeddable":true,"href":"https:\/\/jstvalve.com\/vi\/wp-json\/wp\/v2\/media\/755"}],"wp:attachment":[{"href":"https:\/\/jstvalve.com\/vi\/wp-json\/wp\/v2\/media?parent=731"}],"wp:term":[{"taxonomy":"product_brand","embeddable":true,"href":"https:\/\/jstvalve.com\/vi\/wp-json\/wp\/v2\/product_brand?post=731"},{"taxonomy":"product_cat","embeddable":true,"href":"https:\/\/jstvalve.com\/vi\/wp-json\/wp\/v2\/product_cat?post=731"},{"taxonomy":"product_tag","embeddable":true,"href":"https:\/\/jstvalve.com\/vi\/wp-json\/wp\/v2\/product_tag?post=731"}],"curies":[{"name":"wp","href":"https:\/\/api.w.org\/{rel}","templated":true}]}}