{"id":730,"date":"2026-03-25T06:00:51","date_gmt":"2026-03-25T06:00:51","guid":{"rendered":"https:\/\/jstvalve.com\/?post_type=product&#038;p=730"},"modified":"2026-03-30T03:43:47","modified_gmt":"2026-03-30T03:43:47","slug":"stainless-steel-gate-valves-application","status":"publish","type":"product","link":"https:\/\/jstvalve.com\/vi\/san-pham\/stainless-steel-gate-valves-application\/","title":{"rendered":"Van c\u1ed5ng b\u1eb1ng th\u00e9p kh\u00f4ng g\u1ec9"},"content":{"rendered":"<hr \/>\n<h6>\u1ee8ng d\u1ee5ng c\u1ee7a van c\u1ed5ng b\u1eb1ng th\u00e9p kh\u00f4ng g\u1ec9:<\/h6>\n<ul class=\"list-paddingleft-2\">\n<li>Van c\u1ed5ng b\u1eb1ng th\u00e9p kh\u00f4ng g\u1ec9 ch\u1ee7 y\u1ebfu \u0111\u01b0\u1ee3c s\u1eed d\u1ee5ng trong ng\u00e0nh c\u00f4ng nghi\u1ec7p h\u00f3a d\u1ea7u, ch\u1eb3ng h\u1ea1n nh\u01b0 thi\u1ebft b\u1ecb t\u00e1ch ethylene, thi\u1ebft b\u1ecb polyethylene v\u00e0 thi\u1ebft b\u1ecb polypropylene trong s\u1ea3n xu\u1ea5t ethylene; thi\u1ebft b\u1ecb PTA (axit terephthalic tinh khi\u1ebft), thi\u1ebft b\u1ecb polyester v\u00e0 thi\u1ebft b\u1ecb k\u00e9o s\u1ee3i polyester trong s\u1ea3n xu\u1ea5t s\u1ee3i h\u00f3a h\u1ecdc.<\/li>\n<li>Th\u00e9p kh\u00f4ng g\u1ec9 304 v\u00e0 304L th\u00edch h\u1ee3p \u0111\u1ec3 v\u1eadn chuy\u1ec3n trong m\u00f4i tr\u01b0\u1eddng axit-baz\u01a1 y\u1ebfu c\u00f3 \u0111\u1ed9 \u0103n m\u00f2n th\u1ea5p, ch\u1eb3ng h\u1ea1n nh\u01b0 axit nitric, ph\u00e2n b\u00f3n, benzen, oxy, v.v.<\/li>\n<li>Th\u00e9p kh\u00f4ng g\u1ec9 316 v\u00e0 316L ch\u1ee7 y\u1ebfu \u0111\u01b0\u1ee3c s\u1eed d\u1ee5ng \u0111\u1ec3 v\u1eadn chuy\u1ec3n c\u00e1c axit v\u00e0 baz\u01a1 m\u1ea1nh \u1edf n\u1ed3ng \u0111\u1ed9 trung b\u00ecnh, ch\u1eb3ng h\u1ea1n nh\u01b0 axit axetic, axit clohydric, axit sunfuric, v.v.<\/li>\n<\/ul>","protected":false},"excerpt":{"rendered":"<p>V\u1edbi kh\u1ea3 n\u0103ng ch\u1ecbu \u0111\u01b0\u1ee3c \u00e1p su\u1ea5t c\u1ef1c cao t\u1eeb 0,0013 MPa \u0111\u1ebfn 1000 MPa v\u00e0 nhi\u1ec7t \u0111\u1ed9 c\u1ef1c cao t\u1eeb \u2013269 \u0111\u1ebfn 1430 \u2103, van th\u00e9p kh\u00f4ng g\u1ec9 \u0111\u01b0\u1ee3c s\u1eed d\u1ee5ng r\u1ed9ng r\u00e3i \u0111\u1ec3 \u0111i\u1ec1u khi\u1ec3n l\u01b0u l\u01b0\u1ee3ng c\u1ee7a c\u00e1c ch\u1ea5t l\u1ecfng nh\u01b0 kh\u00f4ng kh\u00ed, n\u01b0\u1edbc, h\u01a1i n\u01b0\u1edbc, m\u00f4i tr\u01b0\u1eddng \u0103n m\u00f2n, b\u00f9n, d\u1ea7u, kim lo\u1ea1i l\u1ecfng v\u00e0 m\u00f4i tr\u01b0\u1eddng ph\u00f3ng x\u1ea1.<\/p>","protected":false},"featured_media":753,"comment_status":"open","ping_status":"closed","template":"","meta":{"_kad_post_transparent":"default","_kad_post_title":"","_kad_post_layout":"default","_kad_post_sidebar_id":"","_kad_post_content_style":"default","_kad_post_vertical_padding":"default","_kad_post_feature":"","_kad_post_feature_position":"","_kad_post_header":false,"_kad_post_footer":false,"_kad_post_classname":""},"product_brand":[],"product_cat":[28],"product_tag":[],"class_list":{"0":"post-730","1":"product","2":"type-product","3":"status-publish","4":"has-post-thumbnail","6":"product_cat-gate-valve","8":"first","9":"instock","10":"shipping-taxable","11":"product-type-simple","12":"entry","13":"content-bg","14":"loop-entry"},"yoast_head":"<!-- This site is optimized with the Yoast SEO Premium plugin v26.7 (Yoast SEO v27.2) - https:\/\/yoast.com\/product\/yoast-seo-premium-wordpress\/ -->\n<title>Stainless Steel Gate Valves Application | 304, 304L, 316 &amp; 316L Industrial Uses<\/title>\n<meta name=\"description\" content=\"Stainless steel gate valves are widely used in petrochemical, PTA, polyester, and chemical fiber industries. 304\/304L are ideal for weak corrosive media, while 316\/316L are suitable for strong acid and alkali transportation.\" \/>\n<meta name=\"robots\" content=\"index, follow, max-snippet:-1, max-image-preview:large, max-video-preview:-1\" \/>\n<link rel=\"canonical\" href=\"https:\/\/jstvalve.com\/vi\/san-pham\/stainless-steel-gate-valves-application\/\" \/>\n<meta property=\"og:locale\" content=\"vi_VN\" \/>\n<meta property=\"og:type\" content=\"article\" \/>\n<meta property=\"og:title\" content=\"Stainless Steel Gate Valves\" \/>\n<meta property=\"og:description\" content=\"Stainless steel gate valves are widely used in petrochemical, PTA, polyester, and chemical fiber industries. 304\/304L are ideal for weak corrosive media, while 316\/316L are suitable for strong acid and alkali transportation.\" \/>\n<meta property=\"og:url\" content=\"https:\/\/jstvalve.com\/vi\/san-pham\/stainless-steel-gate-valves-application\/\" \/>\n<meta property=\"og:site_name\" content=\"jstvalve.com\" \/>\n<meta property=\"article:publisher\" content=\"https:\/\/www.facebook.com\/jst.valve\/\" \/>\n<meta property=\"article:modified_time\" content=\"2026-03-30T03:43:47+00:00\" \/>\n<meta property=\"og:image\" content=\"https:\/\/jstvalve.com\/wp-content\/uploads\/2026\/03\/DM_20250906101153_025.jpeg\" \/>\n\t<meta property=\"og:image:width\" content=\"262\" \/>\n\t<meta property=\"og:image:height\" content=\"262\" \/>\n\t<meta property=\"og:image:type\" content=\"image\/jpeg\" \/>\n<meta name=\"twitter:card\" content=\"summary_large_image\" \/>\n<meta name=\"twitter:label1\" content=\"\u01af\u1edbc t\u00ednh th\u1eddi gian \u0111\u1ecdc\" \/>\n\t<meta name=\"twitter:data1\" content=\"1 ph\u00fat\" \/>\n<script type=\"application\/ld+json\" class=\"yoast-schema-graph\">{\"@context\":\"https:\/\/schema.org\",\"@graph\":[{\"@type\":\"WebPage\",\"@id\":\"https:\/\/jstvalve.com\/product\/stainless-steel-gate-valves-application\/\",\"url\":\"https:\/\/jstvalve.com\/product\/stainless-steel-gate-valves-application\/\",\"name\":\"Stainless Steel Gate Valves Application | 304, 304L, 316 & 316L Industrial Uses\",\"isPartOf\":{\"@id\":\"https:\/\/jstvalve.com\/#website\"},\"primaryImageOfPage\":{\"@id\":\"https:\/\/jstvalve.com\/product\/stainless-steel-gate-valves-application\/#primaryimage\"},\"image\":{\"@id\":\"https:\/\/jstvalve.com\/product\/stainless-steel-gate-valves-application\/#primaryimage\"},\"thumbnailUrl\":\"https:\/\/jstvalve.com\/wp-content\/uploads\/2026\/03\/DM_20250906101153_025.jpeg\",\"datePublished\":\"2026-03-25T06:00:51+00:00\",\"dateModified\":\"2026-03-30T03:43:47+00:00\",\"description\":\"Stainless steel gate valves are widely used in petrochemical, PTA, polyester, and chemical fiber industries. 304\/304L are ideal for weak corrosive media, while 316\/316L are suitable for strong acid and alkali transportation.\",\"breadcrumb\":{\"@id\":\"https:\/\/jstvalve.com\/product\/stainless-steel-gate-valves-application\/#breadcrumb\"},\"inLanguage\":\"vi\",\"potentialAction\":[{\"@type\":\"ReadAction\",\"target\":[\"https:\/\/jstvalve.com\/product\/stainless-steel-gate-valves-application\/\"]}]},{\"@type\":\"ImageObject\",\"inLanguage\":\"vi\",\"@id\":\"https:\/\/jstvalve.com\/product\/stainless-steel-gate-valves-application\/#primaryimage\",\"url\":\"https:\/\/jstvalve.com\/wp-content\/uploads\/2026\/03\/DM_20250906101153_025.jpeg\",\"contentUrl\":\"https:\/\/jstvalve.com\/wp-content\/uploads\/2026\/03\/DM_20250906101153_025.jpeg\",\"width\":262,\"height\":262},{\"@type\":\"BreadcrumbList\",\"@id\":\"https:\/\/jstvalve.com\/product\/stainless-steel-gate-valves-application\/#breadcrumb\",\"itemListElement\":[{\"@type\":\"ListItem\",\"position\":1,\"name\":\"Home\",\"item\":\"https:\/\/jstvalve.com\/\"},{\"@type\":\"ListItem\",\"position\":2,\"name\":\"Shop\",\"item\":\"https:\/\/jstvalve.com\/?page_id=257\"},{\"@type\":\"ListItem\",\"position\":3,\"name\":\"Stainless Steel Gate Valves\"}]},{\"@type\":\"WebSite\",\"@id\":\"https:\/\/jstvalve.com\/#website\",\"url\":\"https:\/\/jstvalve.com\/\",\"name\":\"jstvalve.com\",\"description\":\"\",\"publisher\":{\"@id\":\"https:\/\/jstvalve.com\/#organization\"},\"potentialAction\":[{\"@type\":\"SearchAction\",\"target\":{\"@type\":\"EntryPoint\",\"urlTemplate\":\"https:\/\/jstvalve.com\/?s={search_term_string}\"},\"query-input\":{\"@type\":\"PropertyValueSpecification\",\"valueRequired\":true,\"valueName\":\"search_term_string\"}}],\"inLanguage\":\"vi\"},{\"@type\":\"Organization\",\"@id\":\"https:\/\/jstvalve.com\/#organization\",\"name\":\"jstvalve.com\",\"url\":\"https:\/\/jstvalve.com\/\",\"logo\":{\"@type\":\"ImageObject\",\"inLanguage\":\"vi\",\"@id\":\"https:\/\/jstvalve.com\/#\/schema\/logo\/image\/\",\"url\":\"https:\/\/jstvalve.com\/wp-content\/uploads\/2026\/03\/cropped-1608878501.webp\",\"contentUrl\":\"https:\/\/jstvalve.com\/wp-content\/uploads\/2026\/03\/cropped-1608878501.webp\",\"width\":300,\"height\":154,\"caption\":\"jstvalve.com\"},\"image\":{\"@id\":\"https:\/\/jstvalve.com\/#\/schema\/logo\/image\/\"},\"sameAs\":[\"https:\/\/www.facebook.com\/jst.valve\/\"]}]}<\/script>\n<!-- \/ Yoast SEO Premium plugin. -->","yoast_head_json":{"title":"Stainless Steel Gate Valves Application | 304, 304L, 316 & 316L Industrial Uses","description":"Stainless steel gate valves are widely used in petrochemical, PTA, polyester, and chemical fiber industries. 304\/304L are ideal for weak corrosive media, while 316\/316L are suitable for strong acid and alkali transportation.","robots":{"index":"index","follow":"follow","max-snippet":"max-snippet:-1","max-image-preview":"max-image-preview:large","max-video-preview":"max-video-preview:-1"},"canonical":"https:\/\/jstvalve.com\/vi\/san-pham\/stainless-steel-gate-valves-application\/","og_locale":"vi_VN","og_type":"article","og_title":"Stainless Steel Gate Valves","og_description":"Stainless steel gate valves are widely used in petrochemical, PTA, polyester, and chemical fiber industries. 304\/304L are ideal for weak corrosive media, while 316\/316L are suitable for strong acid and alkali transportation.","og_url":"https:\/\/jstvalve.com\/vi\/san-pham\/stainless-steel-gate-valves-application\/","og_site_name":"jstvalve.com","article_publisher":"https:\/\/www.facebook.com\/jst.valve\/","article_modified_time":"2026-03-30T03:43:47+00:00","og_image":[{"width":262,"height":262,"url":"https:\/\/jstvalve.com\/wp-content\/uploads\/2026\/03\/DM_20250906101153_025.jpeg","type":"image\/jpeg"}],"twitter_card":"summary_large_image","twitter_misc":{"\u01af\u1edbc t\u00ednh th\u1eddi gian \u0111\u1ecdc":"1 ph\u00fat"},"schema":{"@context":"https:\/\/schema.org","@graph":[{"@type":"WebPage","@id":"https:\/\/jstvalve.com\/product\/stainless-steel-gate-valves-application\/","url":"https:\/\/jstvalve.com\/product\/stainless-steel-gate-valves-application\/","name":"Stainless Steel Gate Valves Application | 304, 304L, 316 & 316L Industrial Uses","isPartOf":{"@id":"https:\/\/jstvalve.com\/#website"},"primaryImageOfPage":{"@id":"https:\/\/jstvalve.com\/product\/stainless-steel-gate-valves-application\/#primaryimage"},"image":{"@id":"https:\/\/jstvalve.com\/product\/stainless-steel-gate-valves-application\/#primaryimage"},"thumbnailUrl":"https:\/\/jstvalve.com\/wp-content\/uploads\/2026\/03\/DM_20250906101153_025.jpeg","datePublished":"2026-03-25T06:00:51+00:00","dateModified":"2026-03-30T03:43:47+00:00","description":"Stainless steel gate valves are widely used in petrochemical, PTA, polyester, and chemical fiber industries. 304\/304L are ideal for weak corrosive media, while 316\/316L are suitable for strong acid and alkali transportation.","breadcrumb":{"@id":"https:\/\/jstvalve.com\/product\/stainless-steel-gate-valves-application\/#breadcrumb"},"inLanguage":"vi","potentialAction":[{"@type":"ReadAction","target":["https:\/\/jstvalve.com\/product\/stainless-steel-gate-valves-application\/"]}]},{"@type":"ImageObject","inLanguage":"vi","@id":"https:\/\/jstvalve.com\/product\/stainless-steel-gate-valves-application\/#primaryimage","url":"https:\/\/jstvalve.com\/wp-content\/uploads\/2026\/03\/DM_20250906101153_025.jpeg","contentUrl":"https:\/\/jstvalve.com\/wp-content\/uploads\/2026\/03\/DM_20250906101153_025.jpeg","width":262,"height":262},{"@type":"BreadcrumbList","@id":"https:\/\/jstvalve.com\/product\/stainless-steel-gate-valves-application\/#breadcrumb","itemListElement":[{"@type":"ListItem","position":1,"name":"Home","item":"https:\/\/jstvalve.com\/"},{"@type":"ListItem","position":2,"name":"Shop","item":"https:\/\/jstvalve.com\/?page_id=257"},{"@type":"ListItem","position":3,"name":"Stainless Steel Gate Valves"}]},{"@type":"WebSite","@id":"https:\/\/jstvalve.com\/#website","url":"https:\/\/jstvalve.com\/","name":"jstvalve.com","description":"","publisher":{"@id":"https:\/\/jstvalve.com\/#organization"},"potentialAction":[{"@type":"SearchAction","target":{"@type":"EntryPoint","urlTemplate":"https:\/\/jstvalve.com\/?s={search_term_string}"},"query-input":{"@type":"PropertyValueSpecification","valueRequired":true,"valueName":"search_term_string"}}],"inLanguage":"vi"},{"@type":"Organization","@id":"https:\/\/jstvalve.com\/#organization","name":"jstvalve.com","url":"https:\/\/jstvalve.com\/","logo":{"@type":"ImageObject","inLanguage":"vi","@id":"https:\/\/jstvalve.com\/#\/schema\/logo\/image\/","url":"https:\/\/jstvalve.com\/wp-content\/uploads\/2026\/03\/cropped-1608878501.webp","contentUrl":"https:\/\/jstvalve.com\/wp-content\/uploads\/2026\/03\/cropped-1608878501.webp","width":300,"height":154,"caption":"jstvalve.com"},"image":{"@id":"https:\/\/jstvalve.com\/#\/schema\/logo\/image\/"},"sameAs":["https:\/\/www.facebook.com\/jst.valve\/"]}]}},"_links":{"self":[{"href":"https:\/\/jstvalve.com\/vi\/wp-json\/wp\/v2\/product\/730","targetHints":{"allow":["GET"]}}],"collection":[{"href":"https:\/\/jstvalve.com\/vi\/wp-json\/wp\/v2\/product"}],"about":[{"href":"https:\/\/jstvalve.com\/vi\/wp-json\/wp\/v2\/types\/product"}],"replies":[{"embeddable":true,"href":"https:\/\/jstvalve.com\/vi\/wp-json\/wp\/v2\/comments?post=730"}],"wp:featuredmedia":[{"embeddable":true,"href":"https:\/\/jstvalve.com\/vi\/wp-json\/wp\/v2\/media\/753"}],"wp:attachment":[{"href":"https:\/\/jstvalve.com\/vi\/wp-json\/wp\/v2\/media?parent=730"}],"wp:term":[{"taxonomy":"product_brand","embeddable":true,"href":"https:\/\/jstvalve.com\/vi\/wp-json\/wp\/v2\/product_brand?post=730"},{"taxonomy":"product_cat","embeddable":true,"href":"https:\/\/jstvalve.com\/vi\/wp-json\/wp\/v2\/product_cat?post=730"},{"taxonomy":"product_tag","embeddable":true,"href":"https:\/\/jstvalve.com\/vi\/wp-json\/wp\/v2\/product_tag?post=730"}],"curies":[{"name":"wp","href":"https:\/\/api.w.org\/{rel}","templated":true}]}}