{"id":719,"date":"2026-03-25T06:00:51","date_gmt":"2026-03-25T06:00:51","guid":{"rendered":"https:\/\/jstvalve.com\/?post_type=product&#038;p=719"},"modified":"2026-03-30T02:58:23","modified_gmt":"2026-03-30T02:58:23","slug":"van-bi-nab-c95800","status":"publish","type":"product","link":"https:\/\/jstvalve.com\/vi\/product\/nab-c95800-ball-valves\/","title":{"rendered":"Van bi NAB C95800"},"content":{"rendered":"<hr \/>\n<h6>T\u1ea1i sao n\u00ean s\u1eed d\u1ee5ng van bi nh\u00f4m NAB?<\/h6>\n<ul class=\"list-paddingleft-2\">\n<li>C\u00e1c \u01b0u \u0111i\u1ec3m c\u1ee7a van bi NAB l\u00e0 r\u1ea5t \u0111\u00e1ng k\u1ec3. Lo\u1ea1i van c\u00f4ng nghi\u1ec7p n\u00e0y \u0111\u1eb7c bi\u1ec7t ph\u00f9 h\u1ee3p \u0111\u1ec3 s\u1eed d\u1ee5ng trong m\u00f4i tr\u01b0\u1eddng n\u01b0\u1edbc bi\u1ec3n, n\u01a1i m\u00e0 c\u00e1c \u0111\u1eb7c t\u00ednh ch\u1ed1ng \u0103n m\u00f2n, \u0111\u1eb7c bi\u1ec7t l\u00e0 kh\u1ea3 n\u0103ng ch\u1ed1ng r\u1ed7 do clorua, r\u1ea5t xu\u1ea5t s\u1eafc. C\u00f4ng ngh\u1ec7 s\u1ea3n xu\u1ea5t c\u00e1c chi ti\u1ebft \u0111\u00fac c\u00f3 ch\u1ea5t l\u01b0\u1ee3ng \u1ed5n \u0111\u1ecbnh \u0111\u00e3 \u0111\u01b0\u1ee3c kh\u1eb3ng \u0111\u1ecbnh, v\u00e0 h\u1ea7u nh\u01b0 kh\u00f4ng c\u1ea7n ph\u1ea3i th\u1ef1c hi\u1ec7n c\u00e1c ph\u01b0\u01a1ng ph\u00e1p ki\u1ec3m tra kh\u00f4ng ph\u00e1 h\u1ee7y quy m\u00f4 l\u1edbn nh\u01b0 \u0111\u1ed1i v\u1edbi th\u00e9p 6Mo, th\u00e9p duplex v\u00e0 th\u00e9p si\u00eau duplex.<\/li>\n<li>V\u1ec1 m\u1eb7t c\u01a1 h\u1ecdc, van bi tay n\u00e0y c\u00f3 t\u00ednh n\u0103ng t\u01b0\u01a1ng \u0111\u01b0\u01a1ng v\u1edbi c\u00e1c h\u1ee3p kim ch\u1ed1ng \u0103n m\u00f2n ph\u1ed5 bi\u1ebfn kh\u00e1c, nh\u01b0ng \u0111\u1ec3 t\u1eadn d\u1ee5ng t\u1ed1i \u0111a c\u00e1c \u0111\u1eb7c t\u00ednh n\u00e0y, c\u1ea7n ph\u1ea3i tu\u00e2n th\u1ee7 c\u00e1c th\u00f4ng s\u1ed1 \u00e1p su\u1ea5t v\u00e0 nhi\u1ec7t \u0111\u1ed9 \u0111\u01b0\u1ee3c quy \u0111\u1ecbnh c\u1ee5 th\u1ec3. C\u00e1c \u0111\u1eb7c t\u00ednh ch\u1ed1ng k\u1eb9t v\u00e0 ch\u1ed1ng m\u00e0i m\u00f2n v\u01b0\u1ee3t tr\u1ed9i gi\u00fap \u0111\u1ea3m b\u1ea3o tu\u1ed5i th\u1ecd cao v\u00e0 hi\u1ec7u su\u1ea5t \u1ed5n \u0111\u1ecbnh cho van bi NAB.<\/li>\n<li>Nh\u1eefng h\u1ea1n ch\u1ebf c\u1ee7a lo\u1ea1i van \u0111i\u1ec1u khi\u1ec3n b\u1eb1ng tay n\u00e0y l\u00e0 kh\u00f4ng n\u00ean s\u1eed d\u1ee5ng trong m\u00f4i tr\u01b0\u1eddng c\u00f3 ch\u1ee9a sunfua v\u00e0 c\u1ea7n ph\u1ea3i t\u00ednh \u0111\u1ebfn gi\u1edbi h\u1ea1n l\u01b0u l\u01b0\u1ee3ng c\u1ee7a n\u00f3. C\u00e1c lo\u1ea1i van b\u1eb1ng gang v\u00e0 th\u00e9p c\u1ea1nh tranh c\u1ea7n c\u00f3 m\u1ed9t s\u1ed1 h\u00ecnh th\u1ee9c b\u1ea3o v\u1ec7 \u0111\u1ec3 c\u00f3 th\u1ec3 c\u1ea1nh tranh, v\u00e0 ngay c\u1ea3 khi c\u00f3 b\u1ea3o v\u1ec7, ch\u1ea5t l\u01b0\u1ee3ng v\u00e0 \u0111\u1ed9 b\u1ec1n c\u1ee7a l\u1edbp b\u1ea3o v\u1ec7 n\u00e0y m\u1edbi l\u00e0 y\u1ebfu t\u1ed1 quy\u1ebft \u0111\u1ecbnh tu\u1ed5i th\u1ecd c\u1ee7a van. Van th\u00e9p kh\u00f4ng g\u1ec9 d\u1ec5 b\u1ecb \u0103n m\u00f2n k\u1ebd h\u1edf v\u00e0 r\u1ed7 nghi\u00eam tr\u1ecdng trong n\u01b0\u1edbc bi\u1ec3n, v\u00e0 c\u00e1c van th\u00e9p kh\u00f4ng g\u1ec9 6Mo, duplex v\u00e0 super duplex b\u1ecb gi\u1edbi h\u1ea1n \u1edf nhi\u1ec7t \u0111\u1ed9 20 \u2103 v\u00e0 h\u00e0m l\u01b0\u1ee3ng clo t\u1ed1i \u0111a khi s\u1eed d\u1ee5ng trong n\u01b0\u1edbc bi\u1ec3n. Chi ph\u00ed c\u1ee7a c\u00e1c h\u1ee3p kim cao c\u1ea5p h\u01a1n tr\u1edf th\u00e0nh m\u1ed9t y\u1ebfu t\u1ed1 quan tr\u1ecdng v\u00e0 c\u1ea7n c\u00f3 l\u00fd do \u0111\u1eb7c bi\u1ec7t \u0111\u1ec3 s\u1eed d\u1ee5ng.<\/li>\n<\/ul>\n<hr \/>\n<h6>\u1ee8ng d\u1ee5ng c\u1ee7a van bi \u0111\u1ed3ng NAB C95800<\/h6>\n<ul class=\"list-paddingleft-2\">\n<li>K\u1ef9 thu\u1eadt bi\u1ec3n<\/li>\n<li>Ng\u00e0nh c\u00f4ng nghi\u1ec7p h\u00f3a d\u1ea7u<\/li>\n<li>Ng\u00e0nh c\u00f4ng nghi\u1ec7p h\u00f3a ch\u1ea5t than<\/li>\n<li>Nh\u00e0 thu\u1ed1c<\/li>\n<li>Ng\u00e0nh s\u1ea3n xu\u1ea5t b\u1ed9t gi\u1ea5y v\u00e0 gi\u1ea5y<\/li>\n<\/ul>","protected":false},"excerpt":{"rendered":"<p>Van bi b\u1eb1ng \u0111\u1ed3ng niken-nh\u00f4m c\u1ee7a JST c\u00f3 kh\u1ea3 n\u0103ng ch\u1ed1ng \u0103n m\u00f2n tuy\u1ec7t v\u1eddi, l\u00e0 v\u1eadt li\u1ec7u thay th\u1ebf ph\u00f9 h\u1ee3p v\u00e0 r\u1ebb h\u01a1n nhi\u1ec1u so v\u1edbi h\u1ee3p kim Monel trong nhi\u1ec1u \u1ee9ng d\u1ee5ng li\u00ean quan \u0111\u1ebfn n\u01b0\u1edbc bi\u1ec3n. Van bi b\u1eb1ng \u0111\u1ed3ng niken-nh\u00f4m ch\u1ee7 y\u1ebfu bao g\u1ed3m niken v\u00e0 ferromangan. V\u1edbi kh\u1ea3 n\u0103ng ch\u1ed1ng \u0103n m\u00f2n v\u01b0\u1ee3t tr\u1ed9i, van bi b\u1eb1ng \u0111\u1ed3ng niken-nh\u00f4m \u0111\u00f3ng vai tr\u00f2 l\u00e0 v\u1eadt li\u1ec7u quan tr\u1ecdng cho c\u00e1nh qu\u1ea1t t\u00e0u bi\u1ec3n, m\u00e1y b\u01a1m, van v\u00e0 c\u00e1c chi ti\u1ebft k\u1ebft n\u1ed1i d\u01b0\u1edbi n\u01b0\u1edbc, \u0111\u01b0\u1ee3c s\u1eed d\u1ee5ng r\u1ed9ng r\u00e3i trong ng\u00e0nh kh\u1eed m\u1eb7n n\u01b0\u1edbc bi\u1ec3n v\u00e0 c\u00f4ng nghi\u1ec7p h\u00f3a d\u1ea7u.<\/p>","protected":false},"featured_media":733,"comment_status":"open","ping_status":"closed","template":"","meta":{"_kad_post_transparent":"default","_kad_post_title":"","_kad_post_layout":"default","_kad_post_sidebar_id":"","_kad_post_content_style":"default","_kad_post_vertical_padding":"default","_kad_post_feature":"","_kad_post_feature_position":"","_kad_post_header":false,"_kad_post_footer":false,"_kad_post_classname":""},"product_brand":[],"product_cat":[25],"product_tag":[],"class_list":{"0":"post-719","1":"product","2":"type-product","3":"status-publish","4":"has-post-thumbnail","6":"product_cat-ball-valve","8":"first","9":"instock","10":"shipping-taxable","11":"product-type-simple","12":"entry","13":"content-bg","14":"loop-entry"},"_links":{"self":[{"href":"https:\/\/jstvalve.com\/vi\/wp-json\/wp\/v2\/product\/719","targetHints":{"allow":["GET"]}}],"collection":[{"href":"https:\/\/jstvalve.com\/vi\/wp-json\/wp\/v2\/product"}],"about":[{"href":"https:\/\/jstvalve.com\/vi\/wp-json\/wp\/v2\/types\/product"}],"replies":[{"embeddable":true,"href":"https:\/\/jstvalve.com\/vi\/wp-json\/wp\/v2\/comments?post=719"}],"wp:featuredmedia":[{"embeddable":true,"href":"https:\/\/jstvalve.com\/vi\/wp-json\/wp\/v2\/media\/733"}],"wp:attachment":[{"href":"https:\/\/jstvalve.com\/vi\/wp-json\/wp\/v2\/media?parent=719"}],"wp:term":[{"taxonomy":"product_brand","embeddable":true,"href":"https:\/\/jstvalve.com\/vi\/wp-json\/wp\/v2\/product_brand?post=719"},{"taxonomy":"product_cat","embeddable":true,"href":"https:\/\/jstvalve.com\/vi\/wp-json\/wp\/v2\/product_cat?post=719"},{"taxonomy":"product_tag","embeddable":true,"href":"https:\/\/jstvalve.com\/vi\/wp-json\/wp\/v2\/product_tag?post=719"}],"curies":[{"name":"wp","href":"https:\/\/api.w.org\/{rel}","templated":true}]}}