{"id":643,"date":"2026-03-25T06:00:39","date_gmt":"2026-03-25T06:00:39","guid":{"rendered":"https:\/\/jstvalve.com\/?post_type=product&#038;p=643"},"modified":"2026-03-27T08:01:45","modified_gmt":"2026-03-27T08:01:45","slug":"van-bi-monel","status":"publish","type":"product","link":"https:\/\/jstvalve.com\/vi\/product\/monel-ball-valves\/","title":{"rendered":"Van bi Monel"},"content":{"rendered":"<hr \/>\n<h6>\u0110\u1eb7c t\u00ednh ch\u1ed1ng \u0103n m\u00f2n c\u1ee7a van bi Monel<\/h6>\n<ul class=\"list-paddingleft-2\">\n<li>\u0110i\u1ec1u n\u00e0y\u00a0<a href=\"https:\/\/www.wsv-valve.com\/products\/ball-valves\/\" target=\"_self\" rel=\"noopener\">van bi<\/a>\u00a0c\u00f3 l\u1ef1c c\u1ea3n d\u00f2ng ch\u1ea3y nh\u1ecf; ngay c\u1ea3 \u0111\u1ed1i v\u1edbi c\u00e1c van bi c\u00f3 \u0111\u01b0\u1eddng k\u00ednh trong thu nh\u1ecf, l\u1ef1c c\u1ea3n d\u00f2ng ch\u1ea3y c\u0169ng r\u1ea5t nh\u1ecf.<\/li>\n<li>Van bi Monel c\u00f3 kh\u1ea3 n\u0103ng l\u00e0m k\u00edn t\u1ed1t.<\/li>\n<li>H\u1ec7 th\u1ed1ng l\u00e0m k\u00edn tr\u1ee5c c\u1ee7a van bi Monel r\u1ea5t \u0111\u00e1ng tin c\u1eady; van c\u00f3 th\u1ec3 \u0111\u01b0\u1ee3c m\u1edf ho\u1eb7c \u0111\u00f3ng ch\u1ec9 c\u1ea7n xoay tr\u1ee5c 90 \u0111\u1ed9, v\u00e0 l\u1edbp \u0111\u1ec7m l\u00e0m k\u00edn tr\u1ee5c kh\u00f4ng d\u1ec5 b\u1ecb h\u01b0 h\u1ecfng.<\/li>\n<li>C\u00e1i\u00a0<a href=\"https:\/\/www.wsv-valve.com\/manual-valve-wsv\/\" target=\"_self\" rel=\"noopener\">van \u0111i\u1ec1u khi\u1ec3n b\u1eb1ng tay<\/a>\u00a0v\u1edbi kh\u1ea3 n\u0103ng ch\u1ed1ng \u0103n m\u00f2n tuy\u1ec7t v\u1eddi trong nhi\u1ec1u m\u00f4i tr\u01b0\u1eddng axit v\u00e0 ki\u1ec1m. S\u1ea3n ph\u1ea9m n\u00e0y \u0111\u1eb7c bi\u1ec7t ph\u00f9 h\u1ee3p v\u1edbi c\u00e1c \u0111i\u1ec1u ki\u1ec7n kh\u1eed h\u00f3a h\u1ecdc.<\/li>\n<li>Van bi Monel ph\u00f9 h\u1ee3p v\u1edbi t\u1ea5t c\u1ea3 c\u00e1c thi\u1ebft b\u1ecb chuy\u00ean d\u1ee5ng, c\u00f3 t\u00ednh ch\u1ea5t c\u01a1 h\u1ecdc t\u1ed1t.<\/li>\n<li>Van bi Monel gi\u00fap k\u00e9o d\u00e0i tu\u1ed5i th\u1ecd c\u1ee7a h\u1ec7 th\u1ed1ng \u0111o l\u01b0\u1eddng.<\/li>\n<li>Van bi Monel c\u00f3 th\u1ec3 gi\u00fap gi\u1ea3m th\u1eddi gian ng\u1eebng ho\u1ea1t \u0111\u1ed9ng c\u1ee7a nh\u00e0 m\u00e1y.<\/li>\n<li>Nh\u1eefng\u00a0<a href=\"https:\/\/www.wsv-valve.com\/\" target=\"_self\" rel=\"noopener\">c\u00e1c lo\u1ea1i van c\u00f4ng nghi\u1ec7p<\/a>\u00a0c\u00f3 th\u1ec3 gi\u00fap gi\u1ea3m b\u1edbt chi ph\u00ed b\u1ea3o tr\u00ec cao.<\/li>\n<li>Van bi Monel c\u00f3 kh\u1ea3 n\u0103ng h\u00e0n t\u1ed1t.<\/li>\n<li>Van bi Monel c\u00f3 d\u1ea3i nhi\u1ec7t \u0111\u1ed9 ho\u1ea1t \u0111\u1ed9ng.<\/li>\n<\/ul>\n<hr \/>\n<h6>\u1ee8ng d\u1ee5ng c\u1ee7a van bi Monel<\/h6>\n<ul class=\"list-paddingleft-2\">\n<li>Nh\u00e0 m\u00e1y h\u00f3a d\u1ea7u<\/li>\n<li>Nh\u00e0 m\u00e1y l\u1ecdc d\u1ea7u<\/li>\n<li>Nh\u00e0 m\u00e1y \u0111i\u1ec7n<\/li>\n<li>Nh\u00e0 m\u00e1y x\u1eed l\u00fd n\u01b0\u1edbc<\/li>\n<li>Khai th\u00e1c bi\u1ec3n<\/li>\n<\/ul>","protected":false},"excerpt":{"rendered":"<p>Van bi Monel \u0111\u01b0\u1ee3c thi\u1ebft k\u1ebf \u0111\u1ec3 ho\u1ea1t \u0111\u1ed9ng b\u1ec1n b\u1ec9 trong nhi\u1ec1u n\u0103m v\u1edbi chi ph\u00ed h\u1ee3p l\u00fd v\u00e0 c\u00f3 s\u1eb5n trong nhi\u1ec1u t\u00f9y ch\u1ecdn kh\u00e1c nhau. Lo\u1ea1i van n\u00e0y c\u00f3 kh\u1ea3 n\u0103ng ch\u1ed1ng \u0103n m\u00f2n cao h\u01a1n so v\u1edbi c\u00e1c h\u1ee3p kim \u0111\u1ed3ng khi ti\u1ebfp x\u00fac v\u1edbi n\u01b0\u1edbc bi\u1ec3n. Van bi Monel ph\u00f9 h\u1ee3p \u0111\u1ec3 v\u1eadn chuy\u1ec3n kh\u00ed hydro florua \u1edf nhi\u1ec7t \u0111\u1ed9 cao v\u00e0 dung d\u1ecbch axit hydrofluoric.<\/p>","protected":false},"featured_media":673,"comment_status":"open","ping_status":"closed","template":"","meta":{"_kad_post_transparent":"","_kad_post_title":"","_kad_post_layout":"","_kad_post_sidebar_id":"","_kad_post_content_style":"","_kad_post_vertical_padding":"","_kad_post_feature":"","_kad_post_feature_position":"","_kad_post_header":false,"_kad_post_footer":false,"_kad_post_classname":""},"product_brand":[],"product_cat":[25],"product_tag":[],"class_list":{"0":"post-643","1":"product","2":"type-product","3":"status-publish","4":"has-post-thumbnail","6":"product_cat-ball-valve","8":"first","9":"instock","10":"shipping-taxable","11":"product-type-simple","12":"entry","13":"content-bg","14":"loop-entry"},"_links":{"self":[{"href":"https:\/\/jstvalve.com\/vi\/wp-json\/wp\/v2\/product\/643","targetHints":{"allow":["GET"]}}],"collection":[{"href":"https:\/\/jstvalve.com\/vi\/wp-json\/wp\/v2\/product"}],"about":[{"href":"https:\/\/jstvalve.com\/vi\/wp-json\/wp\/v2\/types\/product"}],"replies":[{"embeddable":true,"href":"https:\/\/jstvalve.com\/vi\/wp-json\/wp\/v2\/comments?post=643"}],"wp:featuredmedia":[{"embeddable":true,"href":"https:\/\/jstvalve.com\/vi\/wp-json\/wp\/v2\/media\/673"}],"wp:attachment":[{"href":"https:\/\/jstvalve.com\/vi\/wp-json\/wp\/v2\/media?parent=643"}],"wp:term":[{"taxonomy":"product_brand","embeddable":true,"href":"https:\/\/jstvalve.com\/vi\/wp-json\/wp\/v2\/product_brand?post=643"},{"taxonomy":"product_cat","embeddable":true,"href":"https:\/\/jstvalve.com\/vi\/wp-json\/wp\/v2\/product_cat?post=643"},{"taxonomy":"product_tag","embeddable":true,"href":"https:\/\/jstvalve.com\/vi\/wp-json\/wp\/v2\/product_tag?post=643"}],"curies":[{"name":"wp","href":"https:\/\/api.w.org\/{rel}","templated":true}]}}