{"id":563,"date":"2026-03-25T06:00:19","date_gmt":"2026-03-25T06:00:19","guid":{"rendered":"https:\/\/jstvalve.com\/?post_type=product&#038;p=563"},"modified":"2026-03-27T08:07:37","modified_gmt":"2026-03-27T08:07:37","slug":"van-cam-bang-niken","status":"publish","type":"product","link":"https:\/\/jstvalve.com\/vi\/product\/nickel-plug-valves\/","title":{"rendered":"Van c\u1eafm b\u1eb1ng niken"},"content":{"rendered":"<hr \/>\n<h6>Th\u00f4ng tin chi ti\u1ebft v\u1ec1 van c\u1eafm b\u1eb1ng niken<\/h6>\n<ul class=\"list-paddingleft-2\">\n<li>D\u00f2ng ch\u1ea3y hai chi\u1ec1u, c\u01a1 ch\u1ebf v\u1eadn h\u00e0nh \u0111\u01a1n gi\u1ea3n, thi\u1ebft k\u1ebf nh\u1eb9 v\u00e0 g\u1ecdn g\u00e0ng, c\u00f9ng v\u1edbi c\u00e1c c\u1ea5u h\u00ecnh nhi\u1ec1u c\u1ed5ng \u0111\u1ec1u g\u00f3p ph\u1ea7n c\u1ea3i thi\u1ec7n thi\u1ebft k\u1ebf h\u1ec7 th\u1ed1ng<\/li>\n<li>\u00a0\u1ed0ng l\u00f3t PTFE tr\u01a1 ho\u00e0n to\u00e0n bao quanh \u0111\u1ea7u c\u1eafm, t\u1ea1o ra m\u1ed9t b\u1ec1 m\u1eb7t l\u00e0m k\u00edn r\u1ed9ng, bao quanh to\u00e0n b\u1ed9 chu vi t\u1eeb c\u1ed5ng n\u00e0y sang c\u1ed5ng kia<\/li>\n<li>\u00a0\u0110\u1ea3m b\u1ea3o \u0111\u1ed9 k\u00edn kh\u00edt, kh\u00f4ng b\u1ecb ch\u1ea3y l\u1ea1nh, bi\u1ebfn d\u1ea1ng hay xoay \u1ed1ng n\u1ed1i, \u0111\u1ed3ng th\u1eddi gi\u1ea3m thi\u1ec3u \u0111\u00e1ng k\u1ec3 nguy c\u01a1 r\u00f2 r\u1ec9<\/li>\n<li>\u00a0Kh\u00f4ng b\u1ecb k\u1eb9t hay d\u00ednh<\/li>\n<li>\u00a0Kh\u00f4ng c\u00f3 khoang r\u1ed7ng n\u00e0o trong c\u01a1 th\u1ec3 m\u00e0 ch\u1ea5t l\u1ecfng c\u00f3 th\u1ec3 t\u00edch t\u1ee5 v\u00e0 g\u00e2y \u00f4 nhi\u1ec5m cho c\u00e1c c\u00f4ng \u0111o\u1ea1n x\u1eed l\u00fd ti\u1ebfp theo<\/li>\n<\/ul>\n<hr \/>\n<h6>\u1ee8ng d\u1ee5ng c\u1ee7a van n\u00fat niken<\/h6>\n<p>Van c\u1eafm b\u1eb1ng niken \u0111\u01b0\u1ee3c s\u1eed d\u1ee5ng r\u1ed9ng r\u00e3i trong nhi\u1ec1u l\u0129nh v\u1ef1c, ch\u1eb3ng h\u1ea1n nh\u01b0 trong c\u00e1c b\u1ec3 ch\u1ee9a dung d\u1ecbch x\u00fat \u0111\u1eadm \u0111\u1eb7c.<\/p>","protected":false},"excerpt":{"rendered":"<div class=\"detail_up_text\">\n<div class=\"detail_summary\">\n<p>Niken nguy\u00ean ch\u1ea5t c\u00f3 kh\u1ea3 n\u0103ng ch\u1ed1ng \u0103n m\u00f2n tuy\u1ec7t v\u1eddi trong c\u00e1c dung d\u1ecbch ki\u1ec1m nh\u01b0 x\u00fat, \u0111\u1ed3ng th\u1eddi c\u0169ng c\u00f3 kh\u1ea3 n\u0103ng ch\u1ed1ng l\u1ea1i kh\u00ed halogen c\u00f3 \u0111\u1ed9 tinh khi\u1ebft cao v\u00e0 c\u00e1c axit kh\u00f4ng oxy h\u00f3a m\u1ed9t c\u00e1ch xu\u1ea5t s\u1eafc.<\/p>\n<\/div>\n<\/div>\n<div class=\"detail_up_img swiper-container-initialized swiper-container-horizontal\">\n<div class=\"img_group flex swiper-wrapper\">\n<div class=\"img_item swiper-slide swiper-slide-active\">\n<div class=\"sign_num text_center\"><\/div>\n<\/div>\n<\/div>\n<\/div>","protected":false},"featured_media":626,"comment_status":"open","ping_status":"closed","template":"","meta":{"_kad_post_transparent":"","_kad_post_title":"","_kad_post_layout":"","_kad_post_sidebar_id":"","_kad_post_content_style":"","_kad_post_vertical_padding":"","_kad_post_feature":"","_kad_post_feature_position":"","_kad_post_header":false,"_kad_post_footer":false,"_kad_post_classname":""},"product_brand":[],"product_cat":[27],"product_tag":[],"class_list":{"0":"post-563","1":"product","2":"type-product","3":"status-publish","4":"has-post-thumbnail","6":"product_cat-plug-valve","8":"first","9":"instock","10":"shipping-taxable","11":"product-type-simple","12":"entry","13":"content-bg","14":"loop-entry"},"_links":{"self":[{"href":"https:\/\/jstvalve.com\/vi\/wp-json\/wp\/v2\/product\/563","targetHints":{"allow":["GET"]}}],"collection":[{"href":"https:\/\/jstvalve.com\/vi\/wp-json\/wp\/v2\/product"}],"about":[{"href":"https:\/\/jstvalve.com\/vi\/wp-json\/wp\/v2\/types\/product"}],"replies":[{"embeddable":true,"href":"https:\/\/jstvalve.com\/vi\/wp-json\/wp\/v2\/comments?post=563"}],"wp:featuredmedia":[{"embeddable":true,"href":"https:\/\/jstvalve.com\/vi\/wp-json\/wp\/v2\/media\/626"}],"wp:attachment":[{"href":"https:\/\/jstvalve.com\/vi\/wp-json\/wp\/v2\/media?parent=563"}],"wp:term":[{"taxonomy":"product_brand","embeddable":true,"href":"https:\/\/jstvalve.com\/vi\/wp-json\/wp\/v2\/product_brand?post=563"},{"taxonomy":"product_cat","embeddable":true,"href":"https:\/\/jstvalve.com\/vi\/wp-json\/wp\/v2\/product_cat?post=563"},{"taxonomy":"product_tag","embeddable":true,"href":"https:\/\/jstvalve.com\/vi\/wp-json\/wp\/v2\/product_tag?post=563"}],"curies":[{"name":"wp","href":"https:\/\/api.w.org\/{rel}","templated":true}]}}