{"id":547,"date":"2026-03-25T06:00:18","date_gmt":"2026-03-25T06:00:18","guid":{"rendered":"https:\/\/jstvalve.com\/?post_type=product&#038;p=547"},"modified":"2026-04-18T08:14:33","modified_gmt":"2026-04-18T08:14:33","slug":"van-buom-hai-chieu","status":"publish","type":"product","link":"https:\/\/jstvalve.com\/vi\/product\/duplex-butterfly-valves\/","title":{"rendered":"Van b\u01b0\u1edbm hai chi\u1ec1u"},"content":{"rendered":"<hr \/>\n<h6>\u1ee8ng d\u1ee5ng c\u1ee7a van b\u01b0\u1edbm hai chi\u1ec1u<\/h6>\n<p>Van b\u01b0\u1edbm hai chi\u1ec1u ch\u1ee7 y\u1ebfu \u0111\u01b0\u1ee3c s\u1eed d\u1ee5ng trong m\u00f4i tr\u01b0\u1eddng clorua trung t\u00ednh. Lo\u1ea1i van n\u00e0y \u0111\u01b0\u1ee3c \u1ee9ng d\u1ee5ng r\u1ed9ng r\u00e3i trong ng\u00e0nh l\u1ecdc d\u1ea7u, ng\u00e0nh h\u00f3a d\u1ea7u v\u00e0 h\u00f3a ch\u1ea5t, ng\u00e0nh d\u1ea7u kh\u00ed, ng\u00e0nh b\u1ed9t gi\u1ea5y v\u00e0 gi\u1ea5y, ng\u00e0nh ph\u00e2n b\u00f3n h\u00f3a h\u1ecdc (ng\u00e0nh s\u1ea3n xu\u1ea5t ur\u00ea, ng\u00e0nh s\u1ea3n xu\u1ea5t ph\u00e2n l\u00e2n), c\u0169ng nh\u01b0 trong c\u00e1c l\u0129nh v\u1ef1c s\u1ea3n xu\u1ea5t th\u1ef1c ph\u1ea9m v\u00e0 d\u01b0\u1ee3c ph\u1ea9m. Lo\u1ea1i van n\u00e0y thay th\u1ebf cho van th\u00e9p kh\u00f4ng g\u1ec9 austenit v\u00e0 ng\u00e0y c\u00e0ng \u0111\u01b0\u1ee3c \u1ee9ng d\u1ee5ng r\u1ed9ng r\u00e3i.<\/p>\n<hr \/>\n<h6>C\u1ea5u tr\u00fac van b\u01b0\u1edbm hai l\u1edbp (v\u00ed d\u1ee5: van b\u01b0\u1edbm hai l\u1edbp 2205 c\u00f3 tr\u1ee5c l\u1ec7ch k\u00e9p)<img decoding=\"async\" src=\"https:\/\/www.wsv-valve.com\/uploads\/image\/20210123\/Duplex-Butterfly-Valves-Structure.jpg\" alt=\"Duplex Butterfly Valves Structure\" \/><\/h6>\n<table border=\"1\" cellspacing=\"0\" cellpadding=\"6\">\n<tbody>\n<tr bgcolor=\"#cce0f5\">\n<th>Kh\u00f4ng.<\/th>\n<th>Ph\u1ee5 t\u00f9ng<\/th>\n<th>Ch\u1ea5t li\u1ec7u<\/th>\n<\/tr>\n<tr>\n<td>1<\/td>\n<td>Mi\u1ebfng \u0111\u1ec7m<\/td>\n<td>PTFE<\/td>\n<\/tr>\n<tr>\n<td>2<\/td>\n<td>V\u00f2ng chia<\/td>\n<td>A182 F51<\/td>\n<\/tr>\n<tr>\n<td>3<\/td>\n<td>Th\u00e2n<\/td>\n<td>A182 F51<\/td>\n<\/tr>\n<tr>\n<td>4<\/td>\n<td>V\u00edt<\/td>\n<td>A182 F51<\/td>\n<\/tr>\n<tr>\n<td>5<\/td>\n<td>Gh\u1ebf<\/td>\n<td>PTFE\/RPTFE<\/td>\n<\/tr>\n<tr>\n<td>6<\/td>\n<td>\u0110\u0129a<\/td>\n<td>A890 4A<\/td>\n<\/tr>\n<tr>\n<td>7<\/td>\n<td>Ghim<\/td>\n<td>A182 F51<\/td>\n<\/tr>\n<tr>\n<td>8<\/td>\n<td>B\u1ed9 gi\u1eef gh\u1ebf<\/td>\n<td>A890 4A<\/td>\n<\/tr>\n<tr>\n<td>9<\/td>\n<td>N\u1ed9i dung<\/td>\n<td>A890 4A<\/td>\n<\/tr>\n<tr>\n<td>10<\/td>\n<td>V\u00f2ng bi<\/td>\n<td>PEEK<\/td>\n<\/tr>\n<tr>\n<td>11<\/td>\n<td>\u0110\u00f3ng g\u00f3i<\/td>\n<td>PTFE<\/td>\n<\/tr>\n<tr>\n<td>12<\/td>\n<td>\u1ed0ng l\u00f3t tr\u1ee5c<\/td>\n<td>A182 F51<\/td>\n<\/tr>\n<tr>\n<td>13<\/td>\n<td>Bu l\u00f4ng hai \u0111\u1ea7u<\/td>\n<td>A193 B8M<\/td>\n<\/tr>\n<tr>\n<td>14<\/td>\n<td>\u0110ai \u1ed1c l\u1ee5c gi\u00e1c<\/td>\n<td>A194 8M<\/td>\n<\/tr>\n<tr>\n<td>15<\/td>\n<td>Gi\u00e1 \u0111\u1ee1<\/td>\n<td>A351 CF8M<\/td>\n<\/tr>\n<tr>\n<td>16<\/td>\n<td>Ch\u00eca kh\u00f3a<\/td>\n<td>UNS G10450<\/td>\n<\/tr>\n<tr>\n<td>17<\/td>\n<td>Thi\u1ebft b\u1ecb h\u1ed9p s\u1ed1<\/td>\n<td>CF8M \/ WCB<\/td>\n<\/tr>\n<\/tbody>\n<\/table>\n<hr \/>\n<h6>C\u00e1c t\u00ednh n\u0103ng ch\u00ednh c\u1ee7a van b\u01b0\u1edbm hai chi\u1ec1u<\/h6>\n<p>V\u00ec van b\u01b0\u1edbm hai chi\u1ec1u c\u00f3 r\u1ea5t nhi\u1ec1u \u1ee9ng d\u1ee5ng, v\u1eady t\u1ea1i sao ch\u00fang l\u1ea1i \u0111\u01b0\u1ee3c \u01b0a chu\u1ed9ng h\u01a1n c\u00e1c lo\u1ea1i van kh\u00e1c? D\u01b0\u1edbi \u0111\u00e2y l\u00e0 danh s\u00e1ch c\u00e1c \u0111\u1eb7c \u0111i\u1ec3m ch\u00ednh c\u1ee7a van b\u01b0\u1edbm hai chi\u1ec1u \u0111\u1ec3 b\u1ea1n t\u00ecm hi\u1ec3u l\u00fd do.<\/p>\n<ul class=\"list-paddingleft-2\">\n<li>V\u1edbi thi\u1ebft k\u1ebf m\u1ecfng g\u1ecdn, van b\u01b0\u1edbm hai chi\u1ec1u c\u00f3 th\u1ec3 ho\u1ea1t \u0111\u1ed9ng m\u00e0 kh\u00f4ng l\u00e0m t\u00e1ch r\u1eddi c\u00e1c b\u1ed9 ph\u1eadn c\u1ee7a h\u1ec7 th\u1ed1ng \u1ed1ng d\u1eabn.<\/li>\n<li>Van b\u01b0\u1edbm hai chi\u1ec1u c\u00f3 kh\u1ea3 n\u0103ng \u0111i\u1ec1u ch\u1ec9nh l\u01b0u l\u01b0\u1ee3ng v\u00e0 h\u1ed7 tr\u1ee3 nhi\u1ec1u ph\u01b0\u01a1ng th\u1ee9c truy\u1ec1n \u0111\u1ed9ng kh\u00e1c nhau.<\/li>\n<li>Van b\u01b0\u1edbm hai chi\u1ec1u c\u00f3 th\u1ec3 \u0111\u01b0\u1ee3c \u0111i\u1ec1u khi\u1ec3n b\u1eb1ng nhi\u1ec1u ph\u01b0\u01a1ng ph\u00e1p kh\u00e1c nhau.<\/li>\n<li>\u0110\u1ed1i v\u1edbi c\u00e1c k\u00edch th\u01b0\u1edbc \u0111\u01b0\u1eddng k\u00ednh l\u1edbn, van b\u01b0\u1edbm hai chi\u1ec1u c\u00f3 th\u00e2n ho\u00e0n to\u00e0n b\u1eb1ng th\u00e9p kh\u00f4ng g\u1ec9, nh\u1eb9 v\u00e0 ch\u1ed1ng \u0103n m\u00f2n.<\/li>\n<\/ul>","protected":false},"excerpt":{"rendered":"<div style=\"border-left: 4px solid #0056b3; padding: 15px; background-color: #f8f9fa; margin-bottom: 20px;\">\n<h3 style=\"margin-top: 0; color: #0056b3;\">Superior Duplex Steel Butterfly Valves<\/h3>\n<p>Offering the perfect balance of <strong>high strength<\/strong> v\u00e0 <strong>extreme corrosion resistance<\/strong>. Engineered to withstand chloride stress and pitting where standard stainless steel fails.<\/p>\n<p style=\"margin-bottom: 0;\"><strong>Reliable, Durable, and ISO Certified.<\/strong><\/p>\n<\/div>","protected":false},"featured_media":588,"comment_status":"open","ping_status":"closed","template":"","meta":{"_kad_post_transparent":"default","_kad_post_title":"","_kad_post_layout":"default","_kad_post_sidebar_id":"","_kad_post_content_style":"default","_kad_post_vertical_padding":"default","_kad_post_feature":"","_kad_post_feature_position":"","_kad_post_header":false,"_kad_post_footer":false,"_kad_post_classname":""},"product_brand":[],"product_cat":[21],"product_tag":[],"class_list":{"0":"post-547","1":"product","2":"type-product","3":"status-publish","4":"has-post-thumbnail","6":"product_cat-butterfly-valve","8":"first","9":"instock","10":"shipping-taxable","11":"product-type-simple","12":"entry","13":"content-bg","14":"loop-entry"},"_links":{"self":[{"href":"https:\/\/jstvalve.com\/vi\/wp-json\/wp\/v2\/product\/547","targetHints":{"allow":["GET"]}}],"collection":[{"href":"https:\/\/jstvalve.com\/vi\/wp-json\/wp\/v2\/product"}],"about":[{"href":"https:\/\/jstvalve.com\/vi\/wp-json\/wp\/v2\/types\/product"}],"replies":[{"embeddable":true,"href":"https:\/\/jstvalve.com\/vi\/wp-json\/wp\/v2\/comments?post=547"}],"wp:featuredmedia":[{"embeddable":true,"href":"https:\/\/jstvalve.com\/vi\/wp-json\/wp\/v2\/media\/588"}],"wp:attachment":[{"href":"https:\/\/jstvalve.com\/vi\/wp-json\/wp\/v2\/media?parent=547"}],"wp:term":[{"taxonomy":"product_brand","embeddable":true,"href":"https:\/\/jstvalve.com\/vi\/wp-json\/wp\/v2\/product_brand?post=547"},{"taxonomy":"product_cat","embeddable":true,"href":"https:\/\/jstvalve.com\/vi\/wp-json\/wp\/v2\/product_cat?post=547"},{"taxonomy":"product_tag","embeddable":true,"href":"https:\/\/jstvalve.com\/vi\/wp-json\/wp\/v2\/product_tag?post=547"}],"curies":[{"name":"wp","href":"https:\/\/api.w.org\/{rel}","templated":true}]}}