{"id":543,"date":"2026-03-25T06:00:18","date_gmt":"2026-03-25T06:00:18","guid":{"rendered":"https:\/\/jstvalve.com\/?post_type=product&#038;p=543"},"modified":"2026-03-30T06:46:33","modified_gmt":"2026-03-30T06:46:33","slug":"nickel-butterfly-valves","status":"publish","type":"product","link":"https:\/\/jstvalve.com\/vi\/san-pham\/nickel-butterfly-valves\/","title":{"rendered":"Van b\u01b0\u1edbm b\u1eb1ng niken"},"content":{"rendered":"<hr \/>\n<h6>C\u00e1c \u1ee9ng d\u1ee5ng c\u1ee7a van b\u01b0\u1edbm b\u1eb1ng niken<\/h6>\n<p>Van b\u01b0\u1edbm Nickel 200\/201 \u0111\u01b0\u1ee3c s\u1eed d\u1ee5ng trong c\u00e1c \u1ee9ng d\u1ee5ng ch\u1ebf bi\u1ebfn h\u00f3a ch\u1ea5t v\u00e0 axit. Lo\u1ea1i van n\u00e0y c\u00f3 gi\u00e1 th\u00e0nh cao do niken nguy\u00ean ch\u1ea5t th\u01b0\u01a1ng m\u1ea1i \u0111\u1eaft h\u01a1n so v\u1edbi c\u00e1c lo\u1ea1i th\u00e9p kh\u00f4ng g\u1ec9 th\u00f4ng th\u01b0\u1eddng. Tuy nhi\u00ean, vi\u1ec7c s\u1eed d\u1ee5ng van Nickel 200\/201 gi\u00fap gi\u1ea3m thi\u1ec3u \u0111\u00e1ng k\u1ec3 t\u00ecnh tr\u1ea1ng \u0103n m\u00f2n v\u00e0 h\u01b0 h\u1ecfng h\u1ec7 th\u1ed1ng. Do \u0111\u00f3, c\u00e1c lo\u1ea1i van kh\u00e1c nhau nh\u01b0 van b\u01b0\u1edbm Nickel v\u1eabn \u0111\u01b0\u1ee3c s\u1eed d\u1ee5ng trong c\u00e1c h\u1ec7 th\u1ed1ng v\u00e0 \u1ee9ng d\u1ee5ng nh\u1ea1y c\u1ea3m b\u1ea5t ch\u1ea5p chi ph\u00ed.<\/p>\n<hr \/>\n<h6>\u1ee8ng d\u1ee5ng c\u1ee7a van b\u01b0\u1edbm b\u1eb1ng niken<\/h6>\n<p>\u0110\u01b0\u1ee3c \u1ee9ng d\u1ee5ng r\u1ed9ng r\u00e3i trong c\u00e1c ng\u00e0nh c\u00f4ng nghi\u1ec7p \u0111\u01b0\u1eddng \u1ed1ng nh\u01b0 h\u00f3a ch\u1ea5t, h\u00f3a d\u1ea7u, luy\u1ec7n kim, n\u0103ng l\u01b0\u1ee3ng h\u1ea1t nh\u00e2n, khai th\u00e1c bi\u1ec3n, nh\u00e0 m\u00e1y kh\u1eed l\u01b0u hu\u1ef3nh, v.v.<\/p>","protected":false},"excerpt":{"rendered":"<p>Van b\u01b0\u1edbm b\u1eb1ng niken gi\u00fap \u0111\u1ea3m b\u1ea3o van \u0111\u01b0\u1eddng \u1ed1ng ho\u1ea1t \u0111\u1ed9ng an to\u00e0n, \u0111\u00e1ng tin c\u1eady v\u00e0 \u1ed5n \u0111\u1ecbnh trong th\u1eddi gian d\u00e0i, ngay c\u1ea3 trong m\u00f4i tr\u01b0\u1eddng \u0103n m\u00f2n kh\u1eafc nghi\u1ec7t nh\u1ea5t.<\/p>","protected":false},"featured_media":579,"comment_status":"open","ping_status":"closed","template":"","meta":{"_kad_post_transparent":"","_kad_post_title":"","_kad_post_layout":"","_kad_post_sidebar_id":"","_kad_post_content_style":"","_kad_post_vertical_padding":"","_kad_post_feature":"","_kad_post_feature_position":"","_kad_post_header":false,"_kad_post_footer":false,"_kad_post_classname":""},"product_brand":[],"product_cat":[21],"product_tag":[],"class_list":{"0":"post-543","1":"product","2":"type-product","3":"status-publish","4":"has-post-thumbnail","6":"product_cat-butterfly-valve","8":"first","9":"instock","10":"shipping-taxable","11":"product-type-simple","12":"entry","13":"content-bg","14":"loop-entry"},"yoast_head":"<!-- This site is optimized with the Yoast SEO Premium plugin v26.7 (Yoast SEO v27.2) - https:\/\/yoast.com\/product\/yoast-seo-premium-wordpress\/ -->\n<title>Nickel Butterfly Valves - jstvalve.com<\/title>\n<meta name=\"robots\" content=\"index, follow, max-snippet:-1, max-image-preview:large, max-video-preview:-1\" \/>\n<link rel=\"canonical\" href=\"https:\/\/jstvalve.com\/vi\/san-pham\/nickel-butterfly-valves\/\" \/>\n<meta property=\"og:locale\" content=\"vi_VN\" \/>\n<meta property=\"og:type\" content=\"article\" \/>\n<meta property=\"og:title\" content=\"Nickel Butterfly Valves\" \/>\n<meta property=\"og:description\" content=\"Nickel butterfly valves to ensure that pipeline valves long-term safe, reliable, stable operation even in the extreme harsh corrosive medium.\" \/>\n<meta property=\"og:url\" content=\"https:\/\/jstvalve.com\/vi\/san-pham\/nickel-butterfly-valves\/\" \/>\n<meta property=\"og:site_name\" content=\"jstvalve.com\" \/>\n<meta property=\"article:publisher\" content=\"https:\/\/www.facebook.com\/jst.valve\/\" \/>\n<meta property=\"article:modified_time\" content=\"2026-03-30T06:46:33+00:00\" \/>\n<meta property=\"og:image\" content=\"https:\/\/jstvalve.com\/wp-content\/uploads\/2026\/03\/DM_20250821153837_001.jpg\" \/>\n\t<meta property=\"og:image:width\" content=\"778\" \/>\n\t<meta property=\"og:image:height\" content=\"465\" \/>\n\t<meta property=\"og:image:type\" content=\"image\/jpeg\" \/>\n<meta name=\"twitter:card\" content=\"summary_large_image\" \/>\n<script type=\"application\/ld+json\" class=\"yoast-schema-graph\">{\"@context\":\"https:\/\/schema.org\",\"@graph\":[{\"@type\":\"WebPage\",\"@id\":\"https:\/\/jstvalve.com\/product\/nickel-butterfly-valves\/\",\"url\":\"https:\/\/jstvalve.com\/product\/nickel-butterfly-valves\/\",\"name\":\"Nickel Butterfly Valves - jstvalve.com\",\"isPartOf\":{\"@id\":\"https:\/\/jstvalve.com\/#website\"},\"primaryImageOfPage\":{\"@id\":\"https:\/\/jstvalve.com\/product\/nickel-butterfly-valves\/#primaryimage\"},\"image\":{\"@id\":\"https:\/\/jstvalve.com\/product\/nickel-butterfly-valves\/#primaryimage\"},\"thumbnailUrl\":\"https:\/\/jstvalve.com\/wp-content\/uploads\/2026\/03\/DM_20250821153837_001.jpg\",\"datePublished\":\"2026-03-25T06:00:18+00:00\",\"dateModified\":\"2026-03-30T06:46:33+00:00\",\"breadcrumb\":{\"@id\":\"https:\/\/jstvalve.com\/product\/nickel-butterfly-valves\/#breadcrumb\"},\"inLanguage\":\"vi\",\"potentialAction\":[{\"@type\":\"ReadAction\",\"target\":[\"https:\/\/jstvalve.com\/product\/nickel-butterfly-valves\/\"]}]},{\"@type\":\"ImageObject\",\"inLanguage\":\"vi\",\"@id\":\"https:\/\/jstvalve.com\/product\/nickel-butterfly-valves\/#primaryimage\",\"url\":\"https:\/\/jstvalve.com\/wp-content\/uploads\/2026\/03\/DM_20250821153837_001.jpg\",\"contentUrl\":\"https:\/\/jstvalve.com\/wp-content\/uploads\/2026\/03\/DM_20250821153837_001.jpg\",\"width\":778,\"height\":465},{\"@type\":\"BreadcrumbList\",\"@id\":\"https:\/\/jstvalve.com\/product\/nickel-butterfly-valves\/#breadcrumb\",\"itemListElement\":[{\"@type\":\"ListItem\",\"position\":1,\"name\":\"Home\",\"item\":\"https:\/\/jstvalve.com\/\"},{\"@type\":\"ListItem\",\"position\":2,\"name\":\"Shop\",\"item\":\"https:\/\/jstvalve.com\/?page_id=257\"},{\"@type\":\"ListItem\",\"position\":3,\"name\":\"Nickel Butterfly Valves\"}]},{\"@type\":\"WebSite\",\"@id\":\"https:\/\/jstvalve.com\/#website\",\"url\":\"https:\/\/jstvalve.com\/\",\"name\":\"jstvalve.com\",\"description\":\"\",\"publisher\":{\"@id\":\"https:\/\/jstvalve.com\/#organization\"},\"potentialAction\":[{\"@type\":\"SearchAction\",\"target\":{\"@type\":\"EntryPoint\",\"urlTemplate\":\"https:\/\/jstvalve.com\/?s={search_term_string}\"},\"query-input\":{\"@type\":\"PropertyValueSpecification\",\"valueRequired\":true,\"valueName\":\"search_term_string\"}}],\"inLanguage\":\"vi\"},{\"@type\":\"Organization\",\"@id\":\"https:\/\/jstvalve.com\/#organization\",\"name\":\"jstvalve.com\",\"url\":\"https:\/\/jstvalve.com\/\",\"logo\":{\"@type\":\"ImageObject\",\"inLanguage\":\"vi\",\"@id\":\"https:\/\/jstvalve.com\/#\/schema\/logo\/image\/\",\"url\":\"https:\/\/jstvalve.com\/wp-content\/uploads\/2026\/03\/cropped-1608878501.webp\",\"contentUrl\":\"https:\/\/jstvalve.com\/wp-content\/uploads\/2026\/03\/cropped-1608878501.webp\",\"width\":300,\"height\":154,\"caption\":\"jstvalve.com\"},\"image\":{\"@id\":\"https:\/\/jstvalve.com\/#\/schema\/logo\/image\/\"},\"sameAs\":[\"https:\/\/www.facebook.com\/jst.valve\/\"]}]}<\/script>\n<!-- \/ Yoast SEO Premium plugin. -->","yoast_head_json":{"title":"Nickel Butterfly Valves - jstvalve.com","robots":{"index":"index","follow":"follow","max-snippet":"max-snippet:-1","max-image-preview":"max-image-preview:large","max-video-preview":"max-video-preview:-1"},"canonical":"https:\/\/jstvalve.com\/vi\/san-pham\/nickel-butterfly-valves\/","og_locale":"vi_VN","og_type":"article","og_title":"Nickel Butterfly Valves","og_description":"Nickel butterfly valves to ensure that pipeline valves long-term safe, reliable, stable operation even in the extreme harsh corrosive medium.","og_url":"https:\/\/jstvalve.com\/vi\/san-pham\/nickel-butterfly-valves\/","og_site_name":"jstvalve.com","article_publisher":"https:\/\/www.facebook.com\/jst.valve\/","article_modified_time":"2026-03-30T06:46:33+00:00","og_image":[{"width":778,"height":465,"url":"https:\/\/jstvalve.com\/wp-content\/uploads\/2026\/03\/DM_20250821153837_001.jpg","type":"image\/jpeg"}],"twitter_card":"summary_large_image","schema":{"@context":"https:\/\/schema.org","@graph":[{"@type":"WebPage","@id":"https:\/\/jstvalve.com\/product\/nickel-butterfly-valves\/","url":"https:\/\/jstvalve.com\/product\/nickel-butterfly-valves\/","name":"Nickel Butterfly Valves - jstvalve.com","isPartOf":{"@id":"https:\/\/jstvalve.com\/#website"},"primaryImageOfPage":{"@id":"https:\/\/jstvalve.com\/product\/nickel-butterfly-valves\/#primaryimage"},"image":{"@id":"https:\/\/jstvalve.com\/product\/nickel-butterfly-valves\/#primaryimage"},"thumbnailUrl":"https:\/\/jstvalve.com\/wp-content\/uploads\/2026\/03\/DM_20250821153837_001.jpg","datePublished":"2026-03-25T06:00:18+00:00","dateModified":"2026-03-30T06:46:33+00:00","breadcrumb":{"@id":"https:\/\/jstvalve.com\/product\/nickel-butterfly-valves\/#breadcrumb"},"inLanguage":"vi","potentialAction":[{"@type":"ReadAction","target":["https:\/\/jstvalve.com\/product\/nickel-butterfly-valves\/"]}]},{"@type":"ImageObject","inLanguage":"vi","@id":"https:\/\/jstvalve.com\/product\/nickel-butterfly-valves\/#primaryimage","url":"https:\/\/jstvalve.com\/wp-content\/uploads\/2026\/03\/DM_20250821153837_001.jpg","contentUrl":"https:\/\/jstvalve.com\/wp-content\/uploads\/2026\/03\/DM_20250821153837_001.jpg","width":778,"height":465},{"@type":"BreadcrumbList","@id":"https:\/\/jstvalve.com\/product\/nickel-butterfly-valves\/#breadcrumb","itemListElement":[{"@type":"ListItem","position":1,"name":"Home","item":"https:\/\/jstvalve.com\/"},{"@type":"ListItem","position":2,"name":"Shop","item":"https:\/\/jstvalve.com\/?page_id=257"},{"@type":"ListItem","position":3,"name":"Nickel Butterfly Valves"}]},{"@type":"WebSite","@id":"https:\/\/jstvalve.com\/#website","url":"https:\/\/jstvalve.com\/","name":"jstvalve.com","description":"","publisher":{"@id":"https:\/\/jstvalve.com\/#organization"},"potentialAction":[{"@type":"SearchAction","target":{"@type":"EntryPoint","urlTemplate":"https:\/\/jstvalve.com\/?s={search_term_string}"},"query-input":{"@type":"PropertyValueSpecification","valueRequired":true,"valueName":"search_term_string"}}],"inLanguage":"vi"},{"@type":"Organization","@id":"https:\/\/jstvalve.com\/#organization","name":"jstvalve.com","url":"https:\/\/jstvalve.com\/","logo":{"@type":"ImageObject","inLanguage":"vi","@id":"https:\/\/jstvalve.com\/#\/schema\/logo\/image\/","url":"https:\/\/jstvalve.com\/wp-content\/uploads\/2026\/03\/cropped-1608878501.webp","contentUrl":"https:\/\/jstvalve.com\/wp-content\/uploads\/2026\/03\/cropped-1608878501.webp","width":300,"height":154,"caption":"jstvalve.com"},"image":{"@id":"https:\/\/jstvalve.com\/#\/schema\/logo\/image\/"},"sameAs":["https:\/\/www.facebook.com\/jst.valve\/"]}]}},"_links":{"self":[{"href":"https:\/\/jstvalve.com\/vi\/wp-json\/wp\/v2\/product\/543","targetHints":{"allow":["GET"]}}],"collection":[{"href":"https:\/\/jstvalve.com\/vi\/wp-json\/wp\/v2\/product"}],"about":[{"href":"https:\/\/jstvalve.com\/vi\/wp-json\/wp\/v2\/types\/product"}],"replies":[{"embeddable":true,"href":"https:\/\/jstvalve.com\/vi\/wp-json\/wp\/v2\/comments?post=543"}],"wp:featuredmedia":[{"embeddable":true,"href":"https:\/\/jstvalve.com\/vi\/wp-json\/wp\/v2\/media\/579"}],"wp:attachment":[{"href":"https:\/\/jstvalve.com\/vi\/wp-json\/wp\/v2\/media?parent=543"}],"wp:term":[{"taxonomy":"product_brand","embeddable":true,"href":"https:\/\/jstvalve.com\/vi\/wp-json\/wp\/v2\/product_brand?post=543"},{"taxonomy":"product_cat","embeddable":true,"href":"https:\/\/jstvalve.com\/vi\/wp-json\/wp\/v2\/product_cat?post=543"},{"taxonomy":"product_tag","embeddable":true,"href":"https:\/\/jstvalve.com\/vi\/wp-json\/wp\/v2\/product_tag?post=543"}],"curies":[{"name":"wp","href":"https:\/\/api.w.org\/{rel}","templated":true}]}}