{"id":1138,"date":"2026-04-13T09:14:35","date_gmt":"2026-04-13T09:14:35","guid":{"rendered":"https:\/\/jstvalve.com\/?post_type=product&#038;p=1138"},"modified":"2026-04-14T07:06:45","modified_gmt":"2026-04-14T07:06:45","slug":"van-cam-titan-ta80","status":"publish","type":"product","link":"https:\/\/jstvalve.com\/vi\/product\/titanium-ta80-plug-valve\/","title":{"rendered":"Van c\u1eafm titan TA80"},"content":{"rendered":"<section style=\"max-width: 1200px; margin: 0 auto; line-height: 1.8; font-family: Arial,sans-serif; color: #333;\">\n<h1 style=\"font-size: 32px; margin-bottom: 20px;\">Van c\u1eafm titan TA80<\/h1>\n<p style=\"font-size: 16px; margin-bottom: 18px;\">C\u00e1i <strong>Van c\u1eafm titan TA80<\/strong> \u0111\u01b0\u1ee3c thi\u1ebft k\u1ebf d\u00e0nh cho c\u00e1c \u1ee9ng d\u1ee5ng quan tr\u1ecdng \u0111\u00f2i h\u1ecfi kh\u1ea3 n\u0103ng ch\u1ed1ng \u0103n m\u00f2n v\u01b0\u1ee3t tr\u1ed9i, \u0111\u1ed9 b\u1ec1n cao trong khi v\u1eabn gi\u1eef \u0111\u01b0\u1ee3c tr\u1ecdng l\u01b0\u1ee3ng nh\u1eb9, c\u00f9ng \u0111\u1ed9 tin c\u1eady l\u00e2u d\u00e0i v\u1ec1 kh\u1ea3 n\u0103ng l\u00e0m k\u00edn.<br \/>\n\u0110\u01b0\u1ee3c s\u1ea3n xu\u1ea5t t\u1eeb <strong>TA80 \/ H\u1ee3p kim titan c\u1ea5p 2<\/strong>, van n\u00e0y \u0111\u01b0\u1ee3c thi\u1ebft k\u1ebf \u0111\u1eb7c bi\u1ec7t \u0111\u1ec3 x\u1eed l\u00fd c\u00e1c ch\u1ea5t l\u1ecfng c\u00f3 t\u00ednh \u0103n m\u00f2n cao trong c\u00e1c h\u1ec7 th\u1ed1ng ch\u1ebf bi\u1ebfn h\u00f3a ch\u1ea5t, h\u00e0ng h\u1ea3i, ngo\u00e0i kh\u01a1i v\u00e0 h\u1ec7 th\u1ed1ng ch\u1ea5t l\u1ecfng c\u00f3 \u0111\u1ed9 tinh khi\u1ebft cao.<\/p>\n<p style=\"font-size: 16px; margin-bottom: 30px;\">V\u1edbi m\u1ee9c \u00e1p su\u1ea5t \u0111\u1ecbnh m\u1ee9c l\u00e0 <strong>PN25<\/strong> v\u00e0 k\u00edch th\u01b0\u1edbc danh ngh\u0129a <strong>DN10<\/strong>, van n\u00e0y mang l\u1ea1i hi\u1ec7u su\u1ea5t \u0111\u00e1ng tin c\u1eady trong c\u00e1c m\u00f4i tr\u01b0\u1eddng c\u00f3 \u0111\u1ed9 m\u1eb7n cao, gi\u00e0u clorua v\u00e0 c\u00f3 t\u00ednh axit, n\u01a1i m\u00e0 c\u00e1c van th\u00e9p kh\u00f4ng g\u1ec9 th\u00f4ng th\u01b0\u1eddng th\u01b0\u1eddng kh\u00f4ng ho\u1ea1t \u0111\u1ed9ng \u0111\u01b0\u1ee3c.<\/p>\n<h2 style=\"font-size: 26px; margin: 30px 0 15px;\">Th\u00f4ng s\u1ed1 k\u1ef9 thu\u1eadt<\/h2>\n<table style=\"width: 100%; border-collapse: collapse; margin: 20px 0; font-size: 15px;\">\n<tbody>\n<tr style=\"background: #f7f7f7;\">\n<th style=\"border: 1px solid #ddd; padding: 14px; text-align: left;\">Tham s\u1ed1<\/th>\n<th style=\"border: 1px solid #ddd; padding: 14px; text-align: left;\">Th\u00f4ng s\u1ed1 k\u1ef9 thu\u1eadt<\/th>\n<\/tr>\n<tr>\n<td style=\"border: 1px solid #ddd; padding: 14px;\">Ch\u1ea5t li\u1ec7u th\u00e2n m\u00e1y<\/td>\n<td style=\"border: 1px solid #ddd; padding: 14px;\">TA80 \/ Titan lo\u1ea1i 2 (Titan nguy\u00ean ch\u1ea5t th\u01b0\u01a1ng m\u1ea1i)<\/td>\n<\/tr>\n<tr>\n<td style=\"border: 1px solid #ddd; padding: 14px;\">\u00c1p su\u1ea5t \u0111\u1ecbnh m\u1ee9c<\/td>\n<td style=\"border: 1px solid #ddd; padding: 14px;\">PN25 (2,5 MPa \/ 362 PSI)<\/td>\n<\/tr>\n<tr>\n<td style=\"border: 1px solid #ddd; padding: 14px;\">K\u00edch th\u01b0\u1edbc danh ngh\u0129a<\/td>\n<td style=\"border: 1px solid #ddd; padding: 14px;\">DN10 (3\/8\u2033)<\/td>\n<\/tr>\n<tr>\n<td style=\"border: 1px solid #ddd; padding: 14px;\">Ng\u1eaft k\u1ebft n\u1ed1i<\/td>\n<td style=\"border: 1px solid #ddd; padding: 14px;\">\u0110\u1ea7u n\u1ed1i \u0111\u00f4i \/ Ren NPT (C\u00f3 th\u1ec3 t\u00f9y ch\u1ec9nh)<\/td>\n<\/tr>\n<tr>\n<td style=\"border: 1px solid #ddd; padding: 14px;\">Nhi\u1ec7t \u0111\u1ed9 l\u00e0m vi\u1ec7c<\/td>\n<td style=\"border: 1px solid #ddd; padding: 14px;\">-29\u00b0C \u0111\u1ebfn +200\u00b0C<\/td>\n<\/tr>\n<tr>\n<td style=\"border: 1px solid #ddd; padding: 14px;\">Ti\u00eau chu\u1ea9n<\/td>\n<td style=\"border: 1px solid #ddd; padding: 14px;\">\u0110\u01b0\u1ee3c thi\u1ebft k\u1ebf theo c\u00e1c ti\u00eau chu\u1ea9n qu\u1ed1c t\u1ebf v\u1ec1 thi\u1ebft b\u1ecb \u0111o l\u01b0\u1eddng<\/td>\n<\/tr>\n<\/tbody>\n<\/table>\n<h2 style=\"font-size: 26px; margin: 30px 0 15px;\">T\u1ea1i sao n\u00ean ch\u1ecdn van c\u1eafm titan TA80 c\u1ee7a ch\u00fang t\u00f4i?<\/h2>\n<ul style=\"padding-left: 20px; font-size: 16px;\">\n<li><strong>Kh\u1ea3 n\u0103ng ch\u1ed1ng \u0103n m\u00f2n v\u01b0\u1ee3t tr\u1ed9i:<\/strong> C\u00f3 kh\u1ea3 n\u0103ng ch\u1ed1ng ch\u1ecbu tuy\u1ec7t v\u1eddi \u0111\u1ed1i v\u1edbi clo l\u1ecfng, clorua, n\u01b0\u1edbc bi\u1ec3n, axit nitric v\u00e0 c\u00e1c axit oxy h\u00f3a.<\/li>\n<li><strong>Nh\u1eb9 v\u00e0 c\u00f3 \u0111\u1ed9 b\u1ec1n cao:<\/strong> Nh\u1eb9 h\u01a1n th\u00e9p kh\u00f4ng g\u1ec9 kho\u1ea3ng 45% nh\u01b0ng v\u1eabn \u0111\u1ea3m b\u1ea3o \u0111\u1ed9 b\u1ec1n k\u1ebft c\u1ea5u tuy\u1ec7t v\u1eddi.<\/li>\n<li><strong>Hi\u1ec7u su\u1ea5t kh\u00f4ng r\u00f2 r\u1ec9:<\/strong> N\u00fat ch\u1eb7n \u0111\u01b0\u1ee3c gia c\u00f4ng ch\u00ednh x\u00e1c \u0111\u1ea3m b\u1ea3o kh\u1ea3 n\u0103ng \u0111\u00f3ng k\u00edn ho\u00e0n to\u00e0n v\u00e0 ho\u1ea1t \u0111\u1ed9ng tr\u01a1n tru \u1edf g\u00f3c 90\u00b0.<\/li>\n<li><strong>Thi\u1ebft k\u1ebf kh\u00f4ng c\u00f3 khoang r\u1ed7ng:<\/strong> Gi\u1ea3m nguy c\u01a1 t\u00edch t\u1ee5 ch\u1ea5t l\u1ecfng v\u00e0 \u00f4 nhi\u1ec5m trong c\u00e1c h\u1ec7 th\u1ed1ng c\u00f3 \u0111\u1ed9 tinh khi\u1ebft cao.<\/li>\n<li><strong>Tu\u1ed5i th\u1ecd cao:<\/strong> R\u1ea5t ph\u00f9 h\u1ee3p cho c\u00e1c \u1ee9ng d\u1ee5ng c\u00f4ng nghi\u1ec7p v\u00e0 h\u00e0ng h\u1ea3i kh\u1eafc nghi\u1ec7t.<\/li>\n<\/ul>\n<h2 style=\"font-size: 26px; margin: 30px 0 15px;\">C\u00e1c \u1ee9ng d\u1ee5ng \u0111i\u1ec3n h\u00ecnh<\/h2>\n<table style=\"width: 100%; border-collapse: collapse; margin: 20px 0; font-size: 15px;\">\n<tbody>\n<tr style=\"background: #f7f7f7;\">\n<th style=\"border: 1px solid #ddd; padding: 14px; text-align: left;\">Ng\u00e0nh c\u00f4ng nghi\u1ec7p<\/th>\n<th style=\"border: 1px solid #ddd; padding: 14px; text-align: left;\">\u0110\u01a1n \u0111\u0103ng k\u00fd<\/th>\n<\/tr>\n<tr>\n<td style=\"border: 1px solid #ddd; padding: 14px;\">H\u00e0ng h\u1ea3i &amp; D\u1ea7u kh\u00ed ngo\u00e0i kh\u01a1i<\/td>\n<td style=\"border: 1px solid #ddd; padding: 14px;\">H\u1ec7 th\u1ed1ng l\u00e0m m\u00e1t b\u1eb1ng n\u01b0\u1edbc bi\u1ec3n v\u00e0 nh\u00e0 m\u00e1y kh\u1eed mu\u1ed1i<\/td>\n<\/tr>\n<tr>\n<td style=\"border: 1px solid #ddd; padding: 14px;\">H\u00f3a ch\u1ea5t &amp; H\u00f3a d\u1ea7u<\/td>\n<td style=\"border: 1px solid #ddd; padding: 14px;\">Axit oxy h\u00f3a v\u00e0 m\u00f4i tr\u01b0\u1eddng h\u1eefu c\u01a1 \u0103n m\u00f2n<\/td>\n<\/tr>\n<tr>\n<td style=\"border: 1px solid #ddd; padding: 14px;\">S\u1ea3n xu\u1ea5t \u0111i\u1ec7n<\/td>\n<td style=\"border: 1px solid #ddd; padding: 14px;\">H\u1ec7 th\u1ed1ng FGD v\u00e0 x\u1eed l\u00fd n\u01b0\u1edbc th\u1ea3i<\/td>\n<\/tr>\n<tr>\n<td style=\"border: 1px solid #ddd; padding: 14px;\">H\u00e0ng kh\u00f4ng v\u0169 tr\u1ee5 &amp; Qu\u1ed1c ph\u00f2ng<\/td>\n<td style=\"border: 1px solid #ddd; padding: 14px;\">H\u1ec7 th\u1ed1ng \u0111i\u1ec1u khi\u1ec3n th\u1ee7y l\u1ef1c v\u00e0 nhi\u00ean li\u1ec7u<\/td>\n<\/tr>\n<\/tbody>\n<\/table>\n<\/section>","protected":false},"excerpt":{"rendered":"<p>Van n\u00fat Titanium TA80 Van n\u00fat Titanium TA80 \u0111\u01b0\u1ee3c thi\u1ebft k\u1ebf d\u00e0nh cho c\u00e1c \u1ee9ng d\u1ee5ng quan tr\u1ecdng \u0111\u00f2i h\u1ecfi kh\u1ea3 n\u0103ng ch\u1ed1ng \u0103n m\u00f2n v\u01b0\u1ee3t tr\u1ed9i, \u0111\u1ed9 b\u1ec1n cao trong khi v\u1eabn gi\u1eef \u0111\u01b0\u1ee3c tr\u1ecdng l\u01b0\u1ee3ng nh\u1eb9, c\u00f9ng \u0111\u1ed9 tin c\u1eady cao v\u1ec1 kh\u1ea3 n\u0103ng l\u00e0m k\u00edn trong th\u1eddi gian d\u00e0i. \u0110\u01b0\u1ee3c ch\u1ebf t\u1ea1o t\u1eeb h\u1ee3p kim titan TA80 \/ Lo\u1ea1i 2, van n\u00e0y \u0111\u01b0\u1ee3c thi\u1ebft k\u1ebf \u0111\u1eb7c bi\u1ec7t \u0111\u1ec3 x\u1eed l\u00fd c\u00e1c m\u00f4i tr\u01b0\u1eddng c\u00f3 t\u00ednh \u0103n m\u00f2n cao trong c\u00e1c h\u1ec7 th\u1ed1ng ch\u1ebf bi\u1ebfn h\u00f3a ch\u1ea5t, h\u00e0ng h\u1ea3i, ngo\u00e0i kh\u01a1i v\u00e0 h\u1ec7 th\u1ed1ng ch\u1ea5t l\u1ecfng c\u00f3 \u0111\u1ed9 tinh khi\u1ebft cao. V\u1edbi m\u1ee9c \u00e1p su\u1ea5t \u0111\u1ecbnh m\u1ee9c\u2026<\/p>","protected":false},"featured_media":1144,"comment_status":"open","ping_status":"closed","template":"","meta":{"_kad_post_transparent":"default","_kad_post_title":"","_kad_post_layout":"default","_kad_post_sidebar_id":"","_kad_post_content_style":"default","_kad_post_vertical_padding":"default","_kad_post_feature":"","_kad_post_feature_position":"","_kad_post_header":false,"_kad_post_footer":false,"_kad_post_classname":""},"product_brand":[],"product_cat":[27],"product_tag":[],"class_list":{"0":"post-1138","1":"product","2":"type-product","3":"status-publish","4":"has-post-thumbnail","6":"product_cat-plug-valve","8":"first","9":"instock","10":"shipping-taxable","11":"product-type-simple","12":"entry","13":"content-bg","14":"loop-entry"},"_links":{"self":[{"href":"https:\/\/jstvalve.com\/vi\/wp-json\/wp\/v2\/product\/1138","targetHints":{"allow":["GET"]}}],"collection":[{"href":"https:\/\/jstvalve.com\/vi\/wp-json\/wp\/v2\/product"}],"about":[{"href":"https:\/\/jstvalve.com\/vi\/wp-json\/wp\/v2\/types\/product"}],"replies":[{"embeddable":true,"href":"https:\/\/jstvalve.com\/vi\/wp-json\/wp\/v2\/comments?post=1138"}],"wp:featuredmedia":[{"embeddable":true,"href":"https:\/\/jstvalve.com\/vi\/wp-json\/wp\/v2\/media\/1144"}],"wp:attachment":[{"href":"https:\/\/jstvalve.com\/vi\/wp-json\/wp\/v2\/media?parent=1138"}],"wp:term":[{"taxonomy":"product_brand","embeddable":true,"href":"https:\/\/jstvalve.com\/vi\/wp-json\/wp\/v2\/product_brand?post=1138"},{"taxonomy":"product_cat","embeddable":true,"href":"https:\/\/jstvalve.com\/vi\/wp-json\/wp\/v2\/product_cat?post=1138"},{"taxonomy":"product_tag","embeddable":true,"href":"https:\/\/jstvalve.com\/vi\/wp-json\/wp\/v2\/product_tag?post=1138"}],"curies":[{"name":"wp","href":"https:\/\/api.w.org\/{rel}","templated":true}]}}