{"id":725,"date":"2026-03-25T06:00:51","date_gmt":"2026-03-25T06:00:51","guid":{"rendered":"https:\/\/jstvalve.com\/?post_type=product&#038;p=725"},"modified":"2026-03-30T03:35:55","modified_gmt":"2026-03-30T03:35:55","slug":"valvula-de-esfera-de-aco-inoxidavel-super-austenitico","status":"publish","type":"product","link":"https:\/\/jstvalve.com\/pt\/product\/super-austenitic-stainless-steel-ball-valve\/","title":{"rendered":"V\u00e1lvulas de esfera super austen\u00edticas"},"content":{"rendered":"<hr \/>\n<h6>Carater\u00edsticas das V\u00e1lvulas de Esfera Super Austen\u00edticas<\/h6>\n<p>As v\u00e1lvulas esf\u00e9ricas super austen\u00edticas combinam com 904L, 254SMO, AL-6XN, liga 20, etc.<\/p>\n<ul class=\"list-paddingleft-2\">\n<li>O a\u00e7o inoxid\u00e1vel super austen\u00edtico 904L (N08904,14539) cont\u00e9m 14,0-18,0% de cr\u00f3mio, 24,0-26,0% de n\u00edquel e 4,5% de molibd\u00e9nio. O a\u00e7o inoxid\u00e1vel super austen\u00edtico 904L \u00e9 um a\u00e7o inoxid\u00e1vel austen\u00edtico com baixo teor de carbono, elevado teor de n\u00edquel e molibd\u00e9nio, que \u00e9 um material patenteado importado de Fran\u00e7a H-S. Tem uma boa capacidade de convers\u00e3o ativa\u00e7\u00e3o-passiva\u00e7\u00e3o e uma excelente resist\u00eancia \u00e0 corros\u00e3o em \u00e1cidos n\u00e3o oxidantes, como o \u00e1cido sulf\u00farico, o \u00e1cido ac\u00e9tico, o \u00e1cido f\u00f3rmico e o \u00e1cido fosf\u00f3rico. Tem uma boa capacidade de transforma\u00e7\u00e3o ativa\u00e7\u00e3o-passiva\u00e7\u00e3o, excelente resist\u00eancia \u00e0 corros\u00e3o, boa resist\u00eancia \u00e0 corros\u00e3o em \u00e1cidos n\u00e3o oxidantes, como o \u00e1cido sulf\u00farico, o \u00e1cido ac\u00e9tico, o \u00e1cido f\u00f3rmico e o \u00e1cido fosf\u00f3rico, boa resist\u00eancia \u00e0 corros\u00e3o por picadas em meios neutros contendo i\u00f5es cloreto, e boa resist\u00eancia \u00e0 corros\u00e3o em fendas e \u00e0 corros\u00e3o sob tens\u00e3o.<\/li>\n<li>O 254SMO (UNS S31254) \u00e9 um a\u00e7o inoxid\u00e1vel austen\u00edtico de elevada resist\u00eancia \u00e0 corros\u00e3o com um design de liga com elevado teor de n\u00edquel, cr\u00f3mio e molibd\u00e9nio, e proporciona uma excelente resist\u00eancia \u00e0 corros\u00e3o em ambientes de corros\u00e3o severa, como a \u00e1gua do mar a alta temperatura.<\/li>\n<li>O AL-6XN \u00e9 um a\u00e7o inoxid\u00e1vel super austen\u00edtico t\u00edpico com 6 molibd\u00e9nio (elevado teor de molibd\u00e9nio 6.3%). A resist\u00eancia \u00e0 corros\u00e3o por pites de cloreto, \u00e0 corros\u00e3o em fendas e \u00e0 corros\u00e3o sob tens\u00e3o \u00e9 melhor do que a dos a\u00e7os inoxid\u00e1veis da S\u00e9rie 3 e \u00e9 menos dispendiosa do que a das ligas resistentes \u00e0 corros\u00e3o \u00e0 base de n\u00edquel. Boa resist\u00eancia \u00e0 corros\u00e3o em ambientes corrosivos severos, adequada para solu\u00e7\u00f5es aquosas com elevado teor de cloreto e ambientes de corros\u00e3o por cloreto. Para utiliza\u00e7\u00e3o numa variedade de ambientes com elevado teor de cloreto: lix\u00edvia (hipoclorito de s\u00f3dio, di\u00f3xido de cloro), halog\u00e9neos e produtos qu\u00edmicos com elevado teor de sal ou \u00e1gua do mar.<\/li>\n<li>A liga 20 \u00e9 um a\u00e7o inoxid\u00e1vel com uma resist\u00eancia extremamente elevada \u00e0 corros\u00e3o por \u00e1cido sulf\u00farico.<\/li>\n<li>Estes tipos de v\u00e1lvulas industriais podem ser utilizados numa vasta gama de ambientes de \u00e1cido sulf\u00farico, incluindo ambientes de alta concentra\u00e7\u00e3o e alta temperatura. Possui uma excelente resist\u00eancia \u00e0 corros\u00e3o intergranular e \u00e0 fissura\u00e7\u00e3o por corros\u00e3o sob tens\u00e3o.<\/li>\n<\/ul>\n<hr \/>\n<h6>Aplica\u00e7\u00e3o de V\u00e1lvulas de Esfera Super Austen\u00edticas<\/h6>\n<ul class=\"list-paddingleft-2\">\n<li>Esta v\u00e1lvula de esfera manual pode ser utilizada para pasta e papel<\/li>\n<li>A v\u00e1lvula de comando manual pode ser utilizada para o tratamento de \u00e1guas residuais<\/li>\n<li>Qu\u00edmica<\/li>\n<\/ul>","protected":false},"excerpt":{"rendered":"<p>As v\u00e1lvulas de esfera superausten\u00edticas apresentam uma grande resist\u00eancia \u00e0 corros\u00e3o por pites e fendas devido ao elevado teor de molibd\u00e9nio (&gt;6%) e \u00e0s adi\u00e7\u00f5es de azoto. Estes a\u00e7os aproximam-se do desempenho das ligas \u00e0 base de n\u00edquel altamente resistentes \u00e0 corros\u00e3o a um custo significativamente inferior.<\/p>","protected":false},"featured_media":744,"comment_status":"open","ping_status":"closed","template":"","meta":{"_kad_post_transparent":"default","_kad_post_title":"","_kad_post_layout":"default","_kad_post_sidebar_id":"","_kad_post_content_style":"default","_kad_post_vertical_padding":"default","_kad_post_feature":"","_kad_post_feature_position":"","_kad_post_header":false,"_kad_post_footer":false,"_kad_post_classname":""},"product_brand":[],"product_cat":[25],"product_tag":[],"class_list":{"0":"post-725","1":"product","2":"type-product","3":"status-publish","4":"has-post-thumbnail","6":"product_cat-ball-valve","8":"first","9":"instock","10":"shipping-taxable","11":"product-type-simple","12":"entry","13":"content-bg","14":"loop-entry"},"_links":{"self":[{"href":"https:\/\/jstvalve.com\/pt\/wp-json\/wp\/v2\/product\/725","targetHints":{"allow":["GET"]}}],"collection":[{"href":"https:\/\/jstvalve.com\/pt\/wp-json\/wp\/v2\/product"}],"about":[{"href":"https:\/\/jstvalve.com\/pt\/wp-json\/wp\/v2\/types\/product"}],"replies":[{"embeddable":true,"href":"https:\/\/jstvalve.com\/pt\/wp-json\/wp\/v2\/comments?post=725"}],"wp:featuredmedia":[{"embeddable":true,"href":"https:\/\/jstvalve.com\/pt\/wp-json\/wp\/v2\/media\/744"}],"wp:attachment":[{"href":"https:\/\/jstvalve.com\/pt\/wp-json\/wp\/v2\/media?parent=725"}],"wp:term":[{"taxonomy":"product_brand","embeddable":true,"href":"https:\/\/jstvalve.com\/pt\/wp-json\/wp\/v2\/product_brand?post=725"},{"taxonomy":"product_cat","embeddable":true,"href":"https:\/\/jstvalve.com\/pt\/wp-json\/wp\/v2\/product_cat?post=725"},{"taxonomy":"product_tag","embeddable":true,"href":"https:\/\/jstvalve.com\/pt\/wp-json\/wp\/v2\/product_tag?post=725"}],"curies":[{"name":"wp","href":"https:\/\/api.w.org\/{rel}","templated":true}]}}