{"id":654,"date":"2026-03-25T06:00:39","date_gmt":"2026-03-25T06:00:39","guid":{"rendered":"https:\/\/jstvalve.com\/?post_type=product&#038;p=654"},"modified":"2026-04-01T03:03:30","modified_gmt":"2026-04-01T03:03:30","slug":"inconel-gate-valve-manufacturer","status":"publish","type":"product","link":"https:\/\/jstvalve.com\/pt\/produto\/inconel-gate-valve-manufacturer\/","title":{"rendered":"V\u00e1lvulas de gaveta em Inconel"},"content":{"rendered":"<hr \/>\n<h6>Usos recomendados das v\u00e1lvulas de gaveta Inconel<\/h6>\n<ul class=\"list-paddingleft-2\">\n<li>\u00c1cido inorg\u00e2nico, elevado desempenho de resist\u00eancia \u00e0 corros\u00e3o<\/li>\n<li>Esta v\u00e1lvula de gaveta industrial pode ser utilizada em \u00e1gua do mar e solu\u00e7\u00f5es salinas, com elevado desempenho de resist\u00eancia \u00e0 corros\u00e3o<\/li>\n<li>Digestor e branqueador na ind\u00fastria da pasta e do papel<\/li>\n<li>Gerador de vapor nuclear, alto desempenho de alta temperatura e resist\u00eancia \u00e0 corros\u00e3o<\/li>\n<li>Equipamento de permuta de calor, resist\u00eancia a altas temperaturas<\/li>\n<li>Ind\u00fastria qu\u00edmica, boa resist\u00eancia \u00e0 corros\u00e3o e alta resist\u00eancia<\/li>\n<\/ul>\n<p>Inconel \u00e9 uma fam\u00edlia de superligas austen\u00edticas \u00e0 base de n\u00edquel-cr\u00f3mio. As ligas Inconel s\u00e3o materiais resistentes \u00e0 oxida\u00e7\u00e3o e \u00e0 corros\u00e3o, bem adaptados ao servi\u00e7o em ambientes extremos.<br \/>\nOs diferentes Inconels t\u00eam composi\u00e7\u00f5es muito vari\u00e1veis, mas todos s\u00e3o predominantemente de n\u00edquel, com cr\u00f3mio como segundo elemento, boa resist\u00eancia \u00e0 corros\u00e3o sob tens\u00e3o em solu\u00e7\u00f5es de cloreto de alta concentra\u00e7\u00e3o.<\/p>\n<hr \/>\n<h6>Aplica\u00e7\u00f5es das v\u00e1lvulas de gaveta Inconel<\/h6>\n<p>A v\u00e1lvula de regula\u00e7\u00e3o manual em liga de Inconel \u00e9 normalmente utilizada em aplica\u00e7\u00f5es de alta temperatura, especialmente em \u00e1gua a alta temperatura ou que contenha NaOH. Amplamente utilizado em \u00e1gua de alta temperatura, solu\u00e7\u00e3o alcalina de alta temperatura, etc. ambientes corrosivos. A JST \u00e9 um fabricante de v\u00e1lvulas capaz de oferecer v\u00e1lvulas de porta Inconel utilizadas em diferentes circunst\u00e2ncias.<\/p>\n<p>- NAOH - \u00c1cidos N\u00edtricos<br \/>\n- \u00c1cidos fosf\u00f3ricos - \u00c1cidos mistos<br \/>\n- \u00c1cidos Sulfurosos - \u00c1cidos Org\u00e2nicos<br \/>\n- \u00c1lcalis - Solu\u00e7\u00f5es salinas<br \/>\n- Sulfureto de hidrog\u00e9nio - Acetalde\u00eddo<br \/>\n- \u00c1cido ac\u00e9tico - Anidrido ac\u00e9tico<br \/>\n- Acetileno - Acrilonitrilo<br \/>\n- \u00c1lcoois - Cloreto de alum\u00ednio<br \/>\n- Sulfato de alum\u00ednio - Aminas<br \/>\n- Amon\u00edaco anidro - Amm. Bicarbonato<br \/>\n- Carbonato de am\u00f3nio - Cloreto de am\u00f3nio<br \/>\n- Hidr\u00f3xido de am\u00f3nio<\/p>","protected":false},"excerpt":{"rendered":"<p>O Inconel tem muitos graus diferentes, como o Inconel600, o Inconel625 e o Incoloy 800H. Os diferentes graus t\u00eam diferentes resist\u00eancias \u00e0 corros\u00e3o, podendo satisfazer v\u00e1rias aplica\u00e7\u00f5es industriais. As v\u00e1lvulas t\u00eam aplica\u00e7\u00f5es principalmente na ind\u00fastria hidr\u00e1ulica e pneum\u00e1tica. Os caminhos-de-ferro, as ind\u00fastrias, a defesa e a investiga\u00e7\u00e3o e desenvolvimento tamb\u00e9m t\u00eam um grande consumo de v\u00e1lvulas.<\/p>","protected":false},"featured_media":693,"comment_status":"open","ping_status":"closed","template":"","meta":{"_kad_post_transparent":"default","_kad_post_title":"","_kad_post_layout":"default","_kad_post_sidebar_id":"","_kad_post_content_style":"default","_kad_post_vertical_padding":"default","_kad_post_feature":"","_kad_post_feature_position":"","_kad_post_header":false,"_kad_post_footer":false,"_kad_post_classname":""},"product_brand":[],"product_cat":[28],"product_tag":[],"class_list":{"0":"post-654","1":"product","2":"type-product","3":"status-publish","4":"has-post-thumbnail","6":"product_cat-gate-valve","8":"first","9":"instock","10":"shipping-taxable","11":"product-type-simple","12":"entry","13":"content-bg","14":"loop-entry"},"yoast_head":"<!-- This site is optimized with the Yoast SEO Premium plugin v26.7 (Yoast SEO v27.2) - https:\/\/yoast.com\/product\/yoast-seo-premium-wordpress\/ -->\n<title>Inconel Gate Valves for High Temperature &amp; Corrosive Applications<\/title>\n<meta name=\"description\" content=\"JST Inconel Gate Valves provide superior corrosion resistance and high-temperature strength for chemical, seawater, nuclear, and heat-exchange applications.\" \/>\n<meta name=\"robots\" content=\"index, follow, max-snippet:-1, max-image-preview:large, max-video-preview:-1\" \/>\n<link rel=\"canonical\" href=\"https:\/\/jstvalve.com\/pt\/produto\/inconel-gate-valve-manufacturer\/\" \/>\n<meta property=\"og:locale\" content=\"pt_PT\" \/>\n<meta property=\"og:type\" content=\"article\" \/>\n<meta property=\"og:title\" content=\"Inconel Gate Valves\" \/>\n<meta property=\"og:description\" content=\"JST Inconel Gate Valves provide superior corrosion resistance and high-temperature strength for chemical, seawater, nuclear, and heat-exchange applications.\" \/>\n<meta property=\"og:url\" content=\"https:\/\/jstvalve.com\/pt\/produto\/inconel-gate-valve-manufacturer\/\" \/>\n<meta property=\"og:site_name\" content=\"jstvalve.com\" \/>\n<meta property=\"article:publisher\" content=\"https:\/\/www.facebook.com\/jst.valve\/\" \/>\n<meta property=\"article:modified_time\" content=\"2026-04-01T03:03:30+00:00\" \/>\n<meta property=\"og:image\" content=\"https:\/\/jstvalve.com\/wp-content\/uploads\/2026\/03\/DM_20250821173300_001.jpg\" \/>\n\t<meta property=\"og:image:width\" content=\"778\" \/>\n\t<meta property=\"og:image:height\" content=\"465\" \/>\n\t<meta property=\"og:image:type\" content=\"image\/jpeg\" \/>\n<meta name=\"twitter:card\" content=\"summary_large_image\" \/>\n<meta name=\"twitter:label1\" content=\"Tempo estimado de leitura\" \/>\n\t<meta name=\"twitter:data1\" content=\"2 minutos\" \/>\n<script type=\"application\/ld+json\" class=\"yoast-schema-graph\">{\"@context\":\"https:\/\/schema.org\",\"@graph\":[{\"@type\":\"WebPage\",\"@id\":\"https:\/\/jstvalve.com\/product\/inconel-gate-valve-manufacturer\/\",\"url\":\"https:\/\/jstvalve.com\/product\/inconel-gate-valve-manufacturer\/\",\"name\":\"Inconel Gate Valves for High Temperature & Corrosive Applications\",\"isPartOf\":{\"@id\":\"https:\/\/jstvalve.com\/#website\"},\"primaryImageOfPage\":{\"@id\":\"https:\/\/jstvalve.com\/product\/inconel-gate-valve-manufacturer\/#primaryimage\"},\"image\":{\"@id\":\"https:\/\/jstvalve.com\/product\/inconel-gate-valve-manufacturer\/#primaryimage\"},\"thumbnailUrl\":\"https:\/\/jstvalve.com\/wp-content\/uploads\/2026\/03\/DM_20250821173300_001.jpg\",\"datePublished\":\"2026-03-25T06:00:39+00:00\",\"dateModified\":\"2026-04-01T03:03:30+00:00\",\"description\":\"JST Inconel Gate Valves provide superior corrosion resistance and high-temperature strength for chemical, seawater, nuclear, and heat-exchange applications.\",\"breadcrumb\":{\"@id\":\"https:\/\/jstvalve.com\/product\/inconel-gate-valve-manufacturer\/#breadcrumb\"},\"inLanguage\":\"pt-PT\",\"potentialAction\":[{\"@type\":\"ReadAction\",\"target\":[\"https:\/\/jstvalve.com\/product\/inconel-gate-valve-manufacturer\/\"]}]},{\"@type\":\"ImageObject\",\"inLanguage\":\"pt-PT\",\"@id\":\"https:\/\/jstvalve.com\/product\/inconel-gate-valve-manufacturer\/#primaryimage\",\"url\":\"https:\/\/jstvalve.com\/wp-content\/uploads\/2026\/03\/DM_20250821173300_001.jpg\",\"contentUrl\":\"https:\/\/jstvalve.com\/wp-content\/uploads\/2026\/03\/DM_20250821173300_001.jpg\",\"width\":778,\"height\":465},{\"@type\":\"BreadcrumbList\",\"@id\":\"https:\/\/jstvalve.com\/product\/inconel-gate-valve-manufacturer\/#breadcrumb\",\"itemListElement\":[{\"@type\":\"ListItem\",\"position\":1,\"name\":\"Home\",\"item\":\"https:\/\/jstvalve.com\/\"},{\"@type\":\"ListItem\",\"position\":2,\"name\":\"Shop\",\"item\":\"https:\/\/jstvalve.com\/?page_id=257\"},{\"@type\":\"ListItem\",\"position\":3,\"name\":\"Inconel Gate Valves\"}]},{\"@type\":\"WebSite\",\"@id\":\"https:\/\/jstvalve.com\/#website\",\"url\":\"https:\/\/jstvalve.com\/\",\"name\":\"jstvalve.com\",\"description\":\"\",\"publisher\":{\"@id\":\"https:\/\/jstvalve.com\/#organization\"},\"potentialAction\":[{\"@type\":\"SearchAction\",\"target\":{\"@type\":\"EntryPoint\",\"urlTemplate\":\"https:\/\/jstvalve.com\/?s={search_term_string}\"},\"query-input\":{\"@type\":\"PropertyValueSpecification\",\"valueRequired\":true,\"valueName\":\"search_term_string\"}}],\"inLanguage\":\"pt-PT\"},{\"@type\":\"Organization\",\"@id\":\"https:\/\/jstvalve.com\/#organization\",\"name\":\"jstvalve.com\",\"url\":\"https:\/\/jstvalve.com\/\",\"logo\":{\"@type\":\"ImageObject\",\"inLanguage\":\"pt-PT\",\"@id\":\"https:\/\/jstvalve.com\/#\/schema\/logo\/image\/\",\"url\":\"https:\/\/jstvalve.com\/wp-content\/uploads\/2026\/03\/cropped-1608878501.webp\",\"contentUrl\":\"https:\/\/jstvalve.com\/wp-content\/uploads\/2026\/03\/cropped-1608878501.webp\",\"width\":300,\"height\":154,\"caption\":\"jstvalve.com\"},\"image\":{\"@id\":\"https:\/\/jstvalve.com\/#\/schema\/logo\/image\/\"},\"sameAs\":[\"https:\/\/www.facebook.com\/jst.valve\/\"]}]}<\/script>\n<!-- \/ Yoast SEO Premium plugin. -->","yoast_head_json":{"title":"Inconel Gate Valves for High Temperature & Corrosive Applications","description":"JST Inconel Gate Valves provide superior corrosion resistance and high-temperature strength for chemical, seawater, nuclear, and heat-exchange applications.","robots":{"index":"index","follow":"follow","max-snippet":"max-snippet:-1","max-image-preview":"max-image-preview:large","max-video-preview":"max-video-preview:-1"},"canonical":"https:\/\/jstvalve.com\/pt\/produto\/inconel-gate-valve-manufacturer\/","og_locale":"pt_PT","og_type":"article","og_title":"Inconel Gate Valves","og_description":"JST Inconel Gate Valves provide superior corrosion resistance and high-temperature strength for chemical, seawater, nuclear, and heat-exchange applications.","og_url":"https:\/\/jstvalve.com\/pt\/produto\/inconel-gate-valve-manufacturer\/","og_site_name":"jstvalve.com","article_publisher":"https:\/\/www.facebook.com\/jst.valve\/","article_modified_time":"2026-04-01T03:03:30+00:00","og_image":[{"width":778,"height":465,"url":"https:\/\/jstvalve.com\/wp-content\/uploads\/2026\/03\/DM_20250821173300_001.jpg","type":"image\/jpeg"}],"twitter_card":"summary_large_image","twitter_misc":{"Tempo estimado de leitura":"2 minutos"},"schema":{"@context":"https:\/\/schema.org","@graph":[{"@type":"WebPage","@id":"https:\/\/jstvalve.com\/product\/inconel-gate-valve-manufacturer\/","url":"https:\/\/jstvalve.com\/product\/inconel-gate-valve-manufacturer\/","name":"Inconel Gate Valves for High Temperature & Corrosive Applications","isPartOf":{"@id":"https:\/\/jstvalve.com\/#website"},"primaryImageOfPage":{"@id":"https:\/\/jstvalve.com\/product\/inconel-gate-valve-manufacturer\/#primaryimage"},"image":{"@id":"https:\/\/jstvalve.com\/product\/inconel-gate-valve-manufacturer\/#primaryimage"},"thumbnailUrl":"https:\/\/jstvalve.com\/wp-content\/uploads\/2026\/03\/DM_20250821173300_001.jpg","datePublished":"2026-03-25T06:00:39+00:00","dateModified":"2026-04-01T03:03:30+00:00","description":"JST Inconel Gate Valves provide superior corrosion resistance and high-temperature strength for chemical, seawater, nuclear, and heat-exchange applications.","breadcrumb":{"@id":"https:\/\/jstvalve.com\/product\/inconel-gate-valve-manufacturer\/#breadcrumb"},"inLanguage":"pt-PT","potentialAction":[{"@type":"ReadAction","target":["https:\/\/jstvalve.com\/product\/inconel-gate-valve-manufacturer\/"]}]},{"@type":"ImageObject","inLanguage":"pt-PT","@id":"https:\/\/jstvalve.com\/product\/inconel-gate-valve-manufacturer\/#primaryimage","url":"https:\/\/jstvalve.com\/wp-content\/uploads\/2026\/03\/DM_20250821173300_001.jpg","contentUrl":"https:\/\/jstvalve.com\/wp-content\/uploads\/2026\/03\/DM_20250821173300_001.jpg","width":778,"height":465},{"@type":"BreadcrumbList","@id":"https:\/\/jstvalve.com\/product\/inconel-gate-valve-manufacturer\/#breadcrumb","itemListElement":[{"@type":"ListItem","position":1,"name":"Home","item":"https:\/\/jstvalve.com\/"},{"@type":"ListItem","position":2,"name":"Shop","item":"https:\/\/jstvalve.com\/?page_id=257"},{"@type":"ListItem","position":3,"name":"Inconel Gate Valves"}]},{"@type":"WebSite","@id":"https:\/\/jstvalve.com\/#website","url":"https:\/\/jstvalve.com\/","name":"jstvalve.com","description":"","publisher":{"@id":"https:\/\/jstvalve.com\/#organization"},"potentialAction":[{"@type":"SearchAction","target":{"@type":"EntryPoint","urlTemplate":"https:\/\/jstvalve.com\/?s={search_term_string}"},"query-input":{"@type":"PropertyValueSpecification","valueRequired":true,"valueName":"search_term_string"}}],"inLanguage":"pt-PT"},{"@type":"Organization","@id":"https:\/\/jstvalve.com\/#organization","name":"jstvalve.com","url":"https:\/\/jstvalve.com\/","logo":{"@type":"ImageObject","inLanguage":"pt-PT","@id":"https:\/\/jstvalve.com\/#\/schema\/logo\/image\/","url":"https:\/\/jstvalve.com\/wp-content\/uploads\/2026\/03\/cropped-1608878501.webp","contentUrl":"https:\/\/jstvalve.com\/wp-content\/uploads\/2026\/03\/cropped-1608878501.webp","width":300,"height":154,"caption":"jstvalve.com"},"image":{"@id":"https:\/\/jstvalve.com\/#\/schema\/logo\/image\/"},"sameAs":["https:\/\/www.facebook.com\/jst.valve\/"]}]}},"_links":{"self":[{"href":"https:\/\/jstvalve.com\/pt\/wp-json\/wp\/v2\/product\/654","targetHints":{"allow":["GET"]}}],"collection":[{"href":"https:\/\/jstvalve.com\/pt\/wp-json\/wp\/v2\/product"}],"about":[{"href":"https:\/\/jstvalve.com\/pt\/wp-json\/wp\/v2\/types\/product"}],"replies":[{"embeddable":true,"href":"https:\/\/jstvalve.com\/pt\/wp-json\/wp\/v2\/comments?post=654"}],"wp:featuredmedia":[{"embeddable":true,"href":"https:\/\/jstvalve.com\/pt\/wp-json\/wp\/v2\/media\/693"}],"wp:attachment":[{"href":"https:\/\/jstvalve.com\/pt\/wp-json\/wp\/v2\/media?parent=654"}],"wp:term":[{"taxonomy":"product_brand","embeddable":true,"href":"https:\/\/jstvalve.com\/pt\/wp-json\/wp\/v2\/product_brand?post=654"},{"taxonomy":"product_cat","embeddable":true,"href":"https:\/\/jstvalve.com\/pt\/wp-json\/wp\/v2\/product_cat?post=654"},{"taxonomy":"product_tag","embeddable":true,"href":"https:\/\/jstvalve.com\/pt\/wp-json\/wp\/v2\/product_tag?post=654"}],"curies":[{"name":"wp","href":"https:\/\/api.w.org\/{rel}","templated":true}]}}