{"id":649,"date":"2026-03-25T06:00:39","date_gmt":"2026-03-25T06:00:39","guid":{"rendered":"https:\/\/jstvalve.com\/?post_type=product&#038;p=649"},"modified":"2026-03-31T06:09:59","modified_gmt":"2026-03-31T06:09:59","slug":"hastelloy-ball-valves","status":"publish","type":"product","link":"https:\/\/jstvalve.com\/pt\/produto\/hastelloy-ball-valves\/","title":{"rendered":"V\u00e1lvulas de esfera Hastelloy"},"content":{"rendered":"<p>As v\u00e1lvulas de esfera Hastelloy s\u00e3o fabricadas com carbono ultra-baixo e alto teor de n\u00edquel e molibd\u00e9nio,<br \/>\ne elementos de cr\u00f3mio, proporcionando uma excelente resist\u00eancia \u00e0 corros\u00e3o e excelente<br \/>\ndesempenho a altas temperaturas. Concebido para aplica\u00e7\u00f5es exigentes de processamento qu\u00edmico,<br \/>\nestas v\u00e1lvulas oferecem uma veda\u00e7\u00e3o fi\u00e1vel, uma maquinabilidade superior e uma vida \u00fatil prolongada.<\/p>\n<h2>Carater\u00edsticas e vantagens das v\u00e1lvulas de esfera Hastelloy<\/h2>\n<p>As v\u00e1lvulas de esfera Hastelloy s\u00e3o amplamente utilizadas em ambientes altamente corrosivos, tais como<br \/>\ninstala\u00e7\u00f5es petroqu\u00edmicas, sistemas de processamento de \u00e1cidos, instala\u00e7\u00f5es de dessaliniza\u00e7\u00e3o da \u00e1gua do mar,<br \/>\nprodu\u00e7\u00e3o de pasta de papel e papel, e ind\u00fastrias aeroespaciais.<br \/>\nA sua excelente resist\u00eancia aos \u00e1cidos org\u00e2nicos, aos \u00e1cidos inorg\u00e2nicos e aos produtos qu\u00edmicos mistos<br \/>\ntorna-os a escolha ideal para aplica\u00e7\u00f5es de servi\u00e7o severo.<\/p>\n<p><img decoding=\"async\" class=\"alignnone size-full wp-image-683\" src=\"https:\/\/jstvalve.com\/wp-content\/uploads\/2026\/03\/DM_20250821083749_026-e1757038040361.jpeg\" alt=\"\" width=\"218\" height=\"200\" \/><\/p>\n<h2>Aplica\u00e7\u00f5es das v\u00e1lvulas de esfera resistentes \u00e0 corros\u00e3o<\/h2>\n<p>Estas v\u00e1lvulas de esfera resistentes \u00e0 corros\u00e3o proporcionam um excelente desempenho de veda\u00e7\u00e3o,<br \/>\nbaixa resist\u00eancia ao fluxo e prote\u00e7\u00e3o fi\u00e1vel da haste sob press\u00e3o e temperaturas elevadas.<br \/>\nO design de funcionamento a 90 graus permite um controlo manual f\u00e1cil e suporta o funcionamento el\u00e9trico,<br \/>\nacionamento pneum\u00e1tico e hidr\u00e1ulico para funcionamento remoto.<\/p>\n<p>A JST fornece v\u00e1lvulas de esfera Hastelloy em v\u00e1rias classifica\u00e7\u00f5es de press\u00e3o e dimens\u00f5es,<br \/>\ne especifica\u00e7\u00f5es personalizadas para satisfazer os requisitos do projeto.<br \/>\nPara mais solu\u00e7\u00f5es de v\u00e1lvulas, visite o nosso<br \/>\n<a href=\"\/pt\/industrial-valves\/\">p\u00e1gina de v\u00e1lvulas industriais<\/a>.<br \/>\nSaiba mais sobre as normas de corros\u00e3o de ligas da<br \/>\n<a href=\"https:\/\/www.asminternational.org\" target=\"_blank\" rel=\"noopener noreferrer\"><br \/>\nASM Internacional<br \/>\n<\/a>.<\/p>\n<p>Est\u00e3o dispon\u00edveis encomendas a granel, servi\u00e7os OEM e consultoria t\u00e9cnica.<br \/>\nContacte-nos para obter or\u00e7amentos e apoio de engenharia.<\/p>","protected":false},"excerpt":{"rendered":"<p>\n  As v\u00e1lvulas de esfera Hastelloy s\u00e3o fabricadas com um teor de carbono ultra-baixo e elevado teor de n\u00edquel, molibd\u00e9nio e cr\u00f3mio,<br \/>\n  proporcionando uma excecional resist\u00eancia \u00e0 corros\u00e3o e estabilidade a altas temperaturas.<br \/>\n  Estas v\u00e1lvulas s\u00e3o amplamente utilizadas em ambientes qu\u00edmicos agressivos e s\u00e3o bem conhecidas pela sua excelente maquinabilidade<br \/>\n  e longa vida \u00fatil.\n<\/p>\n<p>\n  A JST fornece v\u00e1lvulas de esfera Hastelloy em v\u00e1rias classifica\u00e7\u00f5es de press\u00e3o, tamanhos e dimens\u00f5es personalizadas de acordo com as suas especifica\u00e7\u00f5es.<br \/>\n  Encomendas a granel e requisitos OEM s\u00e3o bem-vindos. Por favor, contacte-nos para obter detalhes t\u00e9cnicos e cota\u00e7\u00e3o.<\/p>","protected":false},"featured_media":683,"comment_status":"open","ping_status":"closed","template":"","meta":{"_kad_post_transparent":"default","_kad_post_title":"","_kad_post_layout":"default","_kad_post_sidebar_id":"","_kad_post_content_style":"default","_kad_post_vertical_padding":"default","_kad_post_feature":"","_kad_post_feature_position":"","_kad_post_header":false,"_kad_post_footer":false,"_kad_post_classname":""},"product_brand":[],"product_cat":[25],"product_tag":[],"class_list":{"0":"post-649","1":"product","2":"type-product","3":"status-publish","4":"has-post-thumbnail","6":"product_cat-ball-valve","8":"first","9":"instock","10":"shipping-taxable","11":"product-type-simple","12":"entry","13":"content-bg","14":"loop-entry"},"yoast_head":"<!-- This site is optimized with the Yoast SEO Premium plugin v26.7 (Yoast SEO v27.2) - https:\/\/yoast.com\/product\/yoast-seo-premium-wordpress\/ -->\n<title>Hastelloy Ball Valves for Corrosive Chemical Applications<\/title>\n<meta name=\"description\" content=\"Hastelloy Ball Valves offer superior corrosion resistance, high-temperature stability, and reliable sealing for chemical and industrial applications.\" \/>\n<meta name=\"robots\" content=\"index, follow, max-snippet:-1, max-image-preview:large, max-video-preview:-1\" \/>\n<link rel=\"canonical\" href=\"https:\/\/jstvalve.com\/pt\/produto\/hastelloy-ball-valves\/\" \/>\n<meta property=\"og:locale\" content=\"pt_PT\" \/>\n<meta property=\"og:type\" content=\"article\" \/>\n<meta property=\"og:title\" content=\"Hastelloy Ball Valves\" \/>\n<meta property=\"og:description\" content=\"Hastelloy Ball Valves offer superior corrosion resistance, high-temperature stability, and reliable sealing for chemical and industrial applications.\" \/>\n<meta property=\"og:url\" content=\"https:\/\/jstvalve.com\/pt\/produto\/hastelloy-ball-valves\/\" \/>\n<meta property=\"og:site_name\" content=\"jstvalve.com\" \/>\n<meta property=\"article:publisher\" content=\"https:\/\/www.facebook.com\/jst.valve\/\" \/>\n<meta property=\"article:modified_time\" content=\"2026-03-31T06:09:59+00:00\" \/>\n<meta property=\"og:image\" content=\"https:\/\/jstvalve.com\/wp-content\/uploads\/2026\/03\/DM_20250821083749_026-e1757038040361.jpeg\" \/>\n\t<meta property=\"og:image:width\" content=\"218\" \/>\n\t<meta property=\"og:image:height\" content=\"200\" \/>\n\t<meta property=\"og:image:type\" content=\"image\/jpeg\" \/>\n<meta name=\"twitter:card\" content=\"summary_large_image\" \/>\n<meta name=\"twitter:label1\" content=\"Tempo estimado de leitura\" \/>\n\t<meta name=\"twitter:data1\" content=\"2 minutos\" \/>\n<script type=\"application\/ld+json\" class=\"yoast-schema-graph\">{\"@context\":\"https:\/\/schema.org\",\"@graph\":[{\"@type\":\"WebPage\",\"@id\":\"https:\/\/jstvalve.com\/product\/hastelloy-ball-valves\/\",\"url\":\"https:\/\/jstvalve.com\/product\/hastelloy-ball-valves\/\",\"name\":\"Hastelloy Ball Valves for Corrosive Chemical Applications\",\"isPartOf\":{\"@id\":\"https:\/\/jstvalve.com\/#website\"},\"primaryImageOfPage\":{\"@id\":\"https:\/\/jstvalve.com\/product\/hastelloy-ball-valves\/#primaryimage\"},\"image\":{\"@id\":\"https:\/\/jstvalve.com\/product\/hastelloy-ball-valves\/#primaryimage\"},\"thumbnailUrl\":\"https:\/\/jstvalve.com\/wp-content\/uploads\/2026\/03\/DM_20250821083749_026-e1757038040361.jpeg\",\"datePublished\":\"2026-03-25T06:00:39+00:00\",\"dateModified\":\"2026-03-31T06:09:59+00:00\",\"description\":\"Hastelloy Ball Valves offer superior corrosion resistance, high-temperature stability, and reliable sealing for chemical and industrial applications.\",\"breadcrumb\":{\"@id\":\"https:\/\/jstvalve.com\/product\/hastelloy-ball-valves\/#breadcrumb\"},\"inLanguage\":\"pt-PT\",\"potentialAction\":[{\"@type\":\"ReadAction\",\"target\":[\"https:\/\/jstvalve.com\/product\/hastelloy-ball-valves\/\"]}]},{\"@type\":\"ImageObject\",\"inLanguage\":\"pt-PT\",\"@id\":\"https:\/\/jstvalve.com\/product\/hastelloy-ball-valves\/#primaryimage\",\"url\":\"https:\/\/jstvalve.com\/wp-content\/uploads\/2026\/03\/DM_20250821083749_026-e1757038040361.jpeg\",\"contentUrl\":\"https:\/\/jstvalve.com\/wp-content\/uploads\/2026\/03\/DM_20250821083749_026-e1757038040361.jpeg\",\"width\":218,\"height\":200},{\"@type\":\"BreadcrumbList\",\"@id\":\"https:\/\/jstvalve.com\/product\/hastelloy-ball-valves\/#breadcrumb\",\"itemListElement\":[{\"@type\":\"ListItem\",\"position\":1,\"name\":\"Home\",\"item\":\"https:\/\/jstvalve.com\/\"},{\"@type\":\"ListItem\",\"position\":2,\"name\":\"Shop\",\"item\":\"https:\/\/jstvalve.com\/?page_id=257\"},{\"@type\":\"ListItem\",\"position\":3,\"name\":\"Hastelloy Ball Valves\"}]},{\"@type\":\"WebSite\",\"@id\":\"https:\/\/jstvalve.com\/#website\",\"url\":\"https:\/\/jstvalve.com\/\",\"name\":\"jstvalve.com\",\"description\":\"\",\"publisher\":{\"@id\":\"https:\/\/jstvalve.com\/#organization\"},\"potentialAction\":[{\"@type\":\"SearchAction\",\"target\":{\"@type\":\"EntryPoint\",\"urlTemplate\":\"https:\/\/jstvalve.com\/?s={search_term_string}\"},\"query-input\":{\"@type\":\"PropertyValueSpecification\",\"valueRequired\":true,\"valueName\":\"search_term_string\"}}],\"inLanguage\":\"pt-PT\"},{\"@type\":\"Organization\",\"@id\":\"https:\/\/jstvalve.com\/#organization\",\"name\":\"jstvalve.com\",\"url\":\"https:\/\/jstvalve.com\/\",\"logo\":{\"@type\":\"ImageObject\",\"inLanguage\":\"pt-PT\",\"@id\":\"https:\/\/jstvalve.com\/#\/schema\/logo\/image\/\",\"url\":\"https:\/\/jstvalve.com\/wp-content\/uploads\/2026\/03\/cropped-1608878501.webp\",\"contentUrl\":\"https:\/\/jstvalve.com\/wp-content\/uploads\/2026\/03\/cropped-1608878501.webp\",\"width\":300,\"height\":154,\"caption\":\"jstvalve.com\"},\"image\":{\"@id\":\"https:\/\/jstvalve.com\/#\/schema\/logo\/image\/\"},\"sameAs\":[\"https:\/\/www.facebook.com\/jst.valve\/\"]}]}<\/script>\n<!-- \/ Yoast SEO Premium plugin. -->","yoast_head_json":{"title":"Hastelloy Ball Valves for Corrosive Chemical Applications","description":"Hastelloy Ball Valves offer superior corrosion resistance, high-temperature stability, and reliable sealing for chemical and industrial applications.","robots":{"index":"index","follow":"follow","max-snippet":"max-snippet:-1","max-image-preview":"max-image-preview:large","max-video-preview":"max-video-preview:-1"},"canonical":"https:\/\/jstvalve.com\/pt\/produto\/hastelloy-ball-valves\/","og_locale":"pt_PT","og_type":"article","og_title":"Hastelloy Ball Valves","og_description":"Hastelloy Ball Valves offer superior corrosion resistance, high-temperature stability, and reliable sealing for chemical and industrial applications.","og_url":"https:\/\/jstvalve.com\/pt\/produto\/hastelloy-ball-valves\/","og_site_name":"jstvalve.com","article_publisher":"https:\/\/www.facebook.com\/jst.valve\/","article_modified_time":"2026-03-31T06:09:59+00:00","og_image":[{"width":218,"height":200,"url":"https:\/\/jstvalve.com\/wp-content\/uploads\/2026\/03\/DM_20250821083749_026-e1757038040361.jpeg","type":"image\/jpeg"}],"twitter_card":"summary_large_image","twitter_misc":{"Tempo estimado de leitura":"2 minutos"},"schema":{"@context":"https:\/\/schema.org","@graph":[{"@type":"WebPage","@id":"https:\/\/jstvalve.com\/product\/hastelloy-ball-valves\/","url":"https:\/\/jstvalve.com\/product\/hastelloy-ball-valves\/","name":"Hastelloy Ball Valves for Corrosive Chemical Applications","isPartOf":{"@id":"https:\/\/jstvalve.com\/#website"},"primaryImageOfPage":{"@id":"https:\/\/jstvalve.com\/product\/hastelloy-ball-valves\/#primaryimage"},"image":{"@id":"https:\/\/jstvalve.com\/product\/hastelloy-ball-valves\/#primaryimage"},"thumbnailUrl":"https:\/\/jstvalve.com\/wp-content\/uploads\/2026\/03\/DM_20250821083749_026-e1757038040361.jpeg","datePublished":"2026-03-25T06:00:39+00:00","dateModified":"2026-03-31T06:09:59+00:00","description":"Hastelloy Ball Valves offer superior corrosion resistance, high-temperature stability, and reliable sealing for chemical and industrial applications.","breadcrumb":{"@id":"https:\/\/jstvalve.com\/product\/hastelloy-ball-valves\/#breadcrumb"},"inLanguage":"pt-PT","potentialAction":[{"@type":"ReadAction","target":["https:\/\/jstvalve.com\/product\/hastelloy-ball-valves\/"]}]},{"@type":"ImageObject","inLanguage":"pt-PT","@id":"https:\/\/jstvalve.com\/product\/hastelloy-ball-valves\/#primaryimage","url":"https:\/\/jstvalve.com\/wp-content\/uploads\/2026\/03\/DM_20250821083749_026-e1757038040361.jpeg","contentUrl":"https:\/\/jstvalve.com\/wp-content\/uploads\/2026\/03\/DM_20250821083749_026-e1757038040361.jpeg","width":218,"height":200},{"@type":"BreadcrumbList","@id":"https:\/\/jstvalve.com\/product\/hastelloy-ball-valves\/#breadcrumb","itemListElement":[{"@type":"ListItem","position":1,"name":"Home","item":"https:\/\/jstvalve.com\/"},{"@type":"ListItem","position":2,"name":"Shop","item":"https:\/\/jstvalve.com\/?page_id=257"},{"@type":"ListItem","position":3,"name":"Hastelloy Ball Valves"}]},{"@type":"WebSite","@id":"https:\/\/jstvalve.com\/#website","url":"https:\/\/jstvalve.com\/","name":"jstvalve.com","description":"","publisher":{"@id":"https:\/\/jstvalve.com\/#organization"},"potentialAction":[{"@type":"SearchAction","target":{"@type":"EntryPoint","urlTemplate":"https:\/\/jstvalve.com\/?s={search_term_string}"},"query-input":{"@type":"PropertyValueSpecification","valueRequired":true,"valueName":"search_term_string"}}],"inLanguage":"pt-PT"},{"@type":"Organization","@id":"https:\/\/jstvalve.com\/#organization","name":"jstvalve.com","url":"https:\/\/jstvalve.com\/","logo":{"@type":"ImageObject","inLanguage":"pt-PT","@id":"https:\/\/jstvalve.com\/#\/schema\/logo\/image\/","url":"https:\/\/jstvalve.com\/wp-content\/uploads\/2026\/03\/cropped-1608878501.webp","contentUrl":"https:\/\/jstvalve.com\/wp-content\/uploads\/2026\/03\/cropped-1608878501.webp","width":300,"height":154,"caption":"jstvalve.com"},"image":{"@id":"https:\/\/jstvalve.com\/#\/schema\/logo\/image\/"},"sameAs":["https:\/\/www.facebook.com\/jst.valve\/"]}]}},"_links":{"self":[{"href":"https:\/\/jstvalve.com\/pt\/wp-json\/wp\/v2\/product\/649","targetHints":{"allow":["GET"]}}],"collection":[{"href":"https:\/\/jstvalve.com\/pt\/wp-json\/wp\/v2\/product"}],"about":[{"href":"https:\/\/jstvalve.com\/pt\/wp-json\/wp\/v2\/types\/product"}],"replies":[{"embeddable":true,"href":"https:\/\/jstvalve.com\/pt\/wp-json\/wp\/v2\/comments?post=649"}],"wp:featuredmedia":[{"embeddable":true,"href":"https:\/\/jstvalve.com\/pt\/wp-json\/wp\/v2\/media\/683"}],"wp:attachment":[{"href":"https:\/\/jstvalve.com\/pt\/wp-json\/wp\/v2\/media?parent=649"}],"wp:term":[{"taxonomy":"product_brand","embeddable":true,"href":"https:\/\/jstvalve.com\/pt\/wp-json\/wp\/v2\/product_brand?post=649"},{"taxonomy":"product_cat","embeddable":true,"href":"https:\/\/jstvalve.com\/pt\/wp-json\/wp\/v2\/product_cat?post=649"},{"taxonomy":"product_tag","embeddable":true,"href":"https:\/\/jstvalve.com\/pt\/wp-json\/wp\/v2\/product_tag?post=649"}],"curies":[{"name":"wp","href":"https:\/\/api.w.org\/{rel}","templated":true}]}}