{"id":647,"date":"2026-03-25T06:00:39","date_gmt":"2026-03-25T06:00:39","guid":{"rendered":"https:\/\/jstvalve.com\/?post_type=product&#038;p=647"},"modified":"2026-03-31T03:26:42","modified_gmt":"2026-03-31T03:26:42","slug":"valvulas-de-obturador-em-hastelloy","status":"publish","type":"product","link":"https:\/\/jstvalve.com\/pt\/product\/hastelloy-plug-valves\/","title":{"rendered":"V\u00e1lvulas de encaixe Hastelloy"},"content":{"rendered":"<hr \/>\n<p data-start=\"95\" data-end=\"452\">JST <strong data-start=\"99\" data-end=\"124\">V\u00e1lvulas de encaixe Hastelloy<\/strong> s\u00e3o especialmente concebidas para aplica\u00e7\u00f5es industriais altamente corrosivas em que a durabilidade a longo prazo e a fiabilidade da veda\u00e7\u00e3o s\u00e3o fundamentais. Fabricadas a partir de ligas Hastelloy de primeira qualidade, tais como C-276, C-22, C-4 e C-2000, estas v\u00e1lvulas oferecem uma excelente resist\u00eancia \u00e0 corros\u00e3o uniforme, \u00e0 corros\u00e3o localizada e \u00e0 fissura\u00e7\u00e3o por corros\u00e3o sob tens\u00e3o.<\/p>\n<p data-start=\"454\" data-end=\"794\">Com excelentes propriedades de fabrico e soldadura, s\u00e3o amplamente utilizados em instala\u00e7\u00f5es de processamento qu\u00edmico, sistemas petroqu\u00edmicos, instala\u00e7\u00f5es de dessaliniza\u00e7\u00e3o, linhas de produ\u00e7\u00e3o de biotecnologia e ind\u00fastrias de fabrico farmac\u00eautico. A sua composi\u00e7\u00e3o de liga superior garante um excelente desempenho em ambientes agressivos \u00e1cidos e ricos em cloretos.<\/p>\n<p data-start=\"796\" data-end=\"1046\">Os tipos dispon\u00edveis incluem Hastelloy C-276, Hastelloy C-22, Hastelloy C-4, Hastelloy C-2000, Hastelloy B, B-2, B-3, G e G-30, permitindo aos clientes selecionar o material mais adequado de acordo com as condi\u00e7\u00f5es de funcionamento, temperatura e press\u00e3o.<\/p>\n<p data-start=\"1048\" data-end=\"1325\">Estas v\u00e1lvulas s\u00e3o ideais para o manuseamento de \u00e1cido sulf\u00farico, \u00e1cido clor\u00eddrico, \u00e1cidos org\u00e2nicos, \u00e1gua do mar e outros meios qu\u00edmicos agressivos. O design compacto do corpo, o excelente desempenho de veda\u00e7\u00e3o e a resist\u00eancia \u00e0 corros\u00e3o fazem delas a solu\u00e7\u00e3o preferida para tubagens de processos cr\u00edticos.<\/p>\n<p data-start=\"1327\" data-end=\"1585\">Para mais solu\u00e7\u00f5es de v\u00e1lvulas resistentes \u00e0 corros\u00e3o, visite o nosso <a class=\"decorated-link cursor-pointer\" rel=\"noopener\" data-start=\"1390\" data-end=\"1430\">p\u00e1gina de produtos da v\u00e1lvula de encaixe<\/a> e <a class=\"decorated-link cursor-pointer\" rel=\"noopener\" data-start=\"1435\" data-end=\"1478\">p\u00e1gina de solu\u00e7\u00f5es de v\u00e1lvulas de liga leve<\/a>. Para refer\u00eancia de material de liga met\u00e1lica, consulte a <a class=\"decorated-link\" href=\"https:\/\/www.specialmetals.com\" target=\"_new\" rel=\"noopener\" data-start=\"1527\" data-end=\"1584\">Guia de materiais Hastelloy<\/a>.<\/p>\n<p data-start=\"1587\" data-end=\"1714\">JST <strong data-start=\"1591\" data-end=\"1616\">V\u00e1lvulas de encaixe Hastelloy<\/strong> tamb\u00e9m podem ser personalizados de acordo com requisitos industriais espec\u00edficos e<\/p>","protected":false},"excerpt":{"rendered":"<p>As ligas HASTELLOY resistentes \u00e0 corros\u00e3o s\u00e3o amplamente utilizadas pelas ind\u00fastrias de processamento qu\u00edmico. A necessidade de um desempenho fi\u00e1vel leva \u00e0 sua aceita\u00e7\u00e3o e crescimento nas \u00e1reas da energia, sa\u00fade e ambiente, petr\u00f3leo e g\u00e1s, farmac\u00eautica e ind\u00fastrias de dessulfura\u00e7\u00e3o de gases de combust\u00e3o.<\/p>","protected":false},"featured_media":680,"comment_status":"open","ping_status":"closed","template":"","meta":{"_kad_post_transparent":"default","_kad_post_title":"","_kad_post_layout":"default","_kad_post_sidebar_id":"","_kad_post_content_style":"default","_kad_post_vertical_padding":"default","_kad_post_feature":"","_kad_post_feature_position":"","_kad_post_header":false,"_kad_post_footer":false,"_kad_post_classname":""},"product_brand":[],"product_cat":[27],"product_tag":[],"class_list":{"0":"post-647","1":"product","2":"type-product","3":"status-publish","4":"has-post-thumbnail","6":"product_cat-plug-valve","8":"first","9":"instock","10":"shipping-taxable","11":"product-type-simple","12":"entry","13":"content-bg","14":"loop-entry"},"_links":{"self":[{"href":"https:\/\/jstvalve.com\/pt\/wp-json\/wp\/v2\/product\/647","targetHints":{"allow":["GET"]}}],"collection":[{"href":"https:\/\/jstvalve.com\/pt\/wp-json\/wp\/v2\/product"}],"about":[{"href":"https:\/\/jstvalve.com\/pt\/wp-json\/wp\/v2\/types\/product"}],"replies":[{"embeddable":true,"href":"https:\/\/jstvalve.com\/pt\/wp-json\/wp\/v2\/comments?post=647"}],"wp:featuredmedia":[{"embeddable":true,"href":"https:\/\/jstvalve.com\/pt\/wp-json\/wp\/v2\/media\/680"}],"wp:attachment":[{"href":"https:\/\/jstvalve.com\/pt\/wp-json\/wp\/v2\/media?parent=647"}],"wp:term":[{"taxonomy":"product_brand","embeddable":true,"href":"https:\/\/jstvalve.com\/pt\/wp-json\/wp\/v2\/product_brand?post=647"},{"taxonomy":"product_cat","embeddable":true,"href":"https:\/\/jstvalve.com\/pt\/wp-json\/wp\/v2\/product_cat?post=647"},{"taxonomy":"product_tag","embeddable":true,"href":"https:\/\/jstvalve.com\/pt\/wp-json\/wp\/v2\/product_tag?post=647"}],"curies":[{"name":"wp","href":"https:\/\/api.w.org\/{rel}","templated":true}]}}