{"id":571,"date":"2026-03-25T06:00:19","date_gmt":"2026-03-25T06:00:19","guid":{"rendered":"https:\/\/jstvalve.com\/?post_type=product&#038;p=571"},"modified":"2026-03-30T06:46:45","modified_gmt":"2026-03-30T06:46:45","slug":"monel-gate-valves","status":"publish","type":"product","link":"https:\/\/jstvalve.com\/pt\/produto\/monel-gate-valves\/","title":{"rendered":"V\u00e1lvulas de gaveta em Monel"},"content":{"rendered":"<hr \/>\n<h6>Carater\u00edsticas das v\u00e1lvulas de gaveta Monel<\/h6>\n<ul class=\"list-paddingleft-2\">\n<li>Esta v\u00e1lvula de gaveta industrial possui boas propriedades mec\u00e2nicas<\/li>\n<li>Boa soldabilidade<\/li>\n<li>Temperatura de funcionamento da placa<\/li>\n<\/ul>\n<p>Aplica\u00e7\u00f5es recomendadas:<\/p>\n<ul class=\"list-paddingleft-2\">\n<li>Ind\u00fastria petrol\u00edfera: Especialmente trabalhando na geologia de reservat\u00f3rios de petr\u00f3leo com alto teor de enxofre e cera.<\/li>\n<li>Explora\u00e7\u00e3o marinha: O Monel possui uma maior resist\u00eancia \u00e0 corros\u00e3o do que as ligas \u00e0 base de cobre em \u00e1gua do mar corrente.<\/li>\n<li>Transporte de g\u00e1s fluoreto de hidrog\u00e9nio a alta temperatura e de solu\u00e7\u00e3o de \u00e1cido fluor\u00eddrico<\/li>\n<\/ul>\n<p>Como fabricante de v\u00e1lvulas, podemos oferecer v\u00e1lvulas monel gate que satisfazem diferentes necessidades. Contacte-nos para saber mais!<\/p>\n<hr \/>\n<h6>Aplica\u00e7\u00e3o de v\u00e1lvulas de gaveta Monel<\/h6>\n<p>A v\u00e1lvula de regula\u00e7\u00e3o manual Monel serve muitas aplica\u00e7\u00f5es diferentes nestes sectores:<\/p>\n<ul class=\"list-paddingleft-2\">\n<li>Qu\u00edmica<\/li>\n<li>Petroqu\u00edmica<\/li>\n<li>Petr\u00f3leo e g\u00e1s<\/li>\n<li>Farmac\u00eautico<\/li>\n<li>\u00c1gua do mar<\/li>\n<li>Energia nuclear<\/li>\n<li>Refina\u00e7\u00e3o de petr\u00f3leo<\/li>\n<li>Marinha<\/li>\n<li>Processamento de hidrocarbonetos<\/li>\n<\/ul>","protected":false},"excerpt":{"rendered":"<p>A liga Monel n\u00edquel-cobre 400 \u00e9 uma liga de solu\u00e7\u00e3o s\u00f3lida que s\u00f3 pode ser endurecida por trabalho a frio.  Tem uma elevada resist\u00eancia e tenacidade numa vasta gama de temperaturas e uma excelente resist\u00eancia a muitos ambientes corrosivos.<\/p>\n<p>O Monel \u00e9 amplamente utilizado em muitos dom\u00ednios, especialmente no processamento mar\u00edtimo e qu\u00edmico.<\/p>\n<p>Monel \u00e9 um tipo de liga resistente \u00e0 corros\u00e3o com a maior quantidade, o uso mais extenso e excelentes propriedades abrangentes, com excelente resist\u00eancia \u00e0 corros\u00e3o em \u00e1cido fluor\u00eddrico e meio de fl\u00faor, bem como em solu\u00e7\u00e3o alcalina concentrada a quente.<\/p>","protected":false},"featured_media":642,"comment_status":"open","ping_status":"closed","template":"","meta":{"_kad_post_transparent":"","_kad_post_title":"","_kad_post_layout":"","_kad_post_sidebar_id":"","_kad_post_content_style":"","_kad_post_vertical_padding":"","_kad_post_feature":"","_kad_post_feature_position":"","_kad_post_header":false,"_kad_post_footer":false,"_kad_post_classname":""},"product_brand":[],"product_cat":[28],"product_tag":[],"class_list":{"0":"post-571","1":"product","2":"type-product","3":"status-publish","4":"has-post-thumbnail","6":"product_cat-gate-valve","8":"first","9":"instock","10":"shipping-taxable","11":"product-type-simple","12":"entry","13":"content-bg","14":"loop-entry"},"yoast_head":"<!-- This site is optimized with the Yoast SEO Premium plugin v26.7 (Yoast SEO v27.2) - https:\/\/yoast.com\/product\/yoast-seo-premium-wordpress\/ -->\n<title>Monel Gate Valves - jstvalve.com<\/title>\n<meta name=\"robots\" content=\"index, follow, max-snippet:-1, max-image-preview:large, max-video-preview:-1\" \/>\n<link rel=\"canonical\" href=\"https:\/\/jstvalve.com\/pt\/produto\/monel-gate-valves\/\" \/>\n<meta property=\"og:locale\" content=\"pt_PT\" \/>\n<meta property=\"og:type\" content=\"article\" \/>\n<meta property=\"og:title\" content=\"Monel Gate Valves\" \/>\n<meta property=\"og:description\" content=\"Monel nickel-copper alloy 400 is a solid solution alloy that may be hardened only by cold working. \u00a0It has high strength and toughness over a wide temperature range and excellent resistance to many corrosive environments.  Monel\u00a0 is widely used in many fields, especially marine and chemical processing.  Monel is a kind of corrosion-resistant alloy with the largest amount, the most extensive use and excellent comprehensive properties, bearing excellent corrosion resistance in hydrofluoric acid and fluorine medium as well as in hot concentrated alkali solution.\" \/>\n<meta property=\"og:url\" content=\"https:\/\/jstvalve.com\/pt\/produto\/monel-gate-valves\/\" \/>\n<meta property=\"og:site_name\" content=\"jstvalve.com\" \/>\n<meta property=\"article:publisher\" content=\"https:\/\/www.facebook.com\/jst.valve\/\" \/>\n<meta property=\"article:modified_time\" content=\"2026-03-30T06:46:45+00:00\" \/>\n<meta property=\"og:image\" content=\"https:\/\/jstvalve.com\/wp-content\/uploads\/2026\/03\/DM_20250821083733_023.jpeg\" \/>\n\t<meta property=\"og:image:width\" content=\"262\" \/>\n\t<meta property=\"og:image:height\" content=\"262\" \/>\n\t<meta property=\"og:image:type\" content=\"image\/jpeg\" \/>\n<meta name=\"twitter:card\" content=\"summary_large_image\" \/>\n<meta name=\"twitter:label1\" content=\"Tempo estimado de leitura\" \/>\n\t<meta name=\"twitter:data1\" content=\"1 minuto\" \/>\n<script type=\"application\/ld+json\" class=\"yoast-schema-graph\">{\"@context\":\"https:\/\/schema.org\",\"@graph\":[{\"@type\":\"WebPage\",\"@id\":\"https:\/\/jstvalve.com\/product\/monel-gate-valves\/\",\"url\":\"https:\/\/jstvalve.com\/product\/monel-gate-valves\/\",\"name\":\"Monel Gate Valves - jstvalve.com\",\"isPartOf\":{\"@id\":\"https:\/\/jstvalve.com\/#website\"},\"primaryImageOfPage\":{\"@id\":\"https:\/\/jstvalve.com\/product\/monel-gate-valves\/#primaryimage\"},\"image\":{\"@id\":\"https:\/\/jstvalve.com\/product\/monel-gate-valves\/#primaryimage\"},\"thumbnailUrl\":\"https:\/\/jstvalve.com\/wp-content\/uploads\/2026\/03\/DM_20250821083733_023.jpeg\",\"datePublished\":\"2026-03-25T06:00:19+00:00\",\"dateModified\":\"2026-03-30T06:46:45+00:00\",\"breadcrumb\":{\"@id\":\"https:\/\/jstvalve.com\/product\/monel-gate-valves\/#breadcrumb\"},\"inLanguage\":\"pt-PT\",\"potentialAction\":[{\"@type\":\"ReadAction\",\"target\":[\"https:\/\/jstvalve.com\/product\/monel-gate-valves\/\"]}]},{\"@type\":\"ImageObject\",\"inLanguage\":\"pt-PT\",\"@id\":\"https:\/\/jstvalve.com\/product\/monel-gate-valves\/#primaryimage\",\"url\":\"https:\/\/jstvalve.com\/wp-content\/uploads\/2026\/03\/DM_20250821083733_023.jpeg\",\"contentUrl\":\"https:\/\/jstvalve.com\/wp-content\/uploads\/2026\/03\/DM_20250821083733_023.jpeg\",\"width\":262,\"height\":262},{\"@type\":\"BreadcrumbList\",\"@id\":\"https:\/\/jstvalve.com\/product\/monel-gate-valves\/#breadcrumb\",\"itemListElement\":[{\"@type\":\"ListItem\",\"position\":1,\"name\":\"Home\",\"item\":\"https:\/\/jstvalve.com\/\"},{\"@type\":\"ListItem\",\"position\":2,\"name\":\"Shop\",\"item\":\"https:\/\/jstvalve.com\/?page_id=257\"},{\"@type\":\"ListItem\",\"position\":3,\"name\":\"Monel Gate Valves\"}]},{\"@type\":\"WebSite\",\"@id\":\"https:\/\/jstvalve.com\/#website\",\"url\":\"https:\/\/jstvalve.com\/\",\"name\":\"jstvalve.com\",\"description\":\"\",\"publisher\":{\"@id\":\"https:\/\/jstvalve.com\/#organization\"},\"potentialAction\":[{\"@type\":\"SearchAction\",\"target\":{\"@type\":\"EntryPoint\",\"urlTemplate\":\"https:\/\/jstvalve.com\/?s={search_term_string}\"},\"query-input\":{\"@type\":\"PropertyValueSpecification\",\"valueRequired\":true,\"valueName\":\"search_term_string\"}}],\"inLanguage\":\"pt-PT\"},{\"@type\":\"Organization\",\"@id\":\"https:\/\/jstvalve.com\/#organization\",\"name\":\"jstvalve.com\",\"url\":\"https:\/\/jstvalve.com\/\",\"logo\":{\"@type\":\"ImageObject\",\"inLanguage\":\"pt-PT\",\"@id\":\"https:\/\/jstvalve.com\/#\/schema\/logo\/image\/\",\"url\":\"https:\/\/jstvalve.com\/wp-content\/uploads\/2026\/03\/cropped-1608878501.webp\",\"contentUrl\":\"https:\/\/jstvalve.com\/wp-content\/uploads\/2026\/03\/cropped-1608878501.webp\",\"width\":300,\"height\":154,\"caption\":\"jstvalve.com\"},\"image\":{\"@id\":\"https:\/\/jstvalve.com\/#\/schema\/logo\/image\/\"},\"sameAs\":[\"https:\/\/www.facebook.com\/jst.valve\/\"]}]}<\/script>\n<!-- \/ Yoast SEO Premium plugin. -->","yoast_head_json":{"title":"Monel Gate Valves - jstvalve.com","robots":{"index":"index","follow":"follow","max-snippet":"max-snippet:-1","max-image-preview":"max-image-preview:large","max-video-preview":"max-video-preview:-1"},"canonical":"https:\/\/jstvalve.com\/pt\/produto\/monel-gate-valves\/","og_locale":"pt_PT","og_type":"article","og_title":"Monel Gate Valves","og_description":"Monel nickel-copper alloy 400 is a solid solution alloy that may be hardened only by cold working. \u00a0It has high strength and toughness over a wide temperature range and excellent resistance to many corrosive environments.  Monel\u00a0 is widely used in many fields, especially marine and chemical processing.  Monel is a kind of corrosion-resistant alloy with the largest amount, the most extensive use and excellent comprehensive properties, bearing excellent corrosion resistance in hydrofluoric acid and fluorine medium as well as in hot concentrated alkali solution.","og_url":"https:\/\/jstvalve.com\/pt\/produto\/monel-gate-valves\/","og_site_name":"jstvalve.com","article_publisher":"https:\/\/www.facebook.com\/jst.valve\/","article_modified_time":"2026-03-30T06:46:45+00:00","og_image":[{"width":262,"height":262,"url":"https:\/\/jstvalve.com\/wp-content\/uploads\/2026\/03\/DM_20250821083733_023.jpeg","type":"image\/jpeg"}],"twitter_card":"summary_large_image","twitter_misc":{"Tempo estimado de leitura":"1 minuto"},"schema":{"@context":"https:\/\/schema.org","@graph":[{"@type":"WebPage","@id":"https:\/\/jstvalve.com\/product\/monel-gate-valves\/","url":"https:\/\/jstvalve.com\/product\/monel-gate-valves\/","name":"Monel Gate Valves - jstvalve.com","isPartOf":{"@id":"https:\/\/jstvalve.com\/#website"},"primaryImageOfPage":{"@id":"https:\/\/jstvalve.com\/product\/monel-gate-valves\/#primaryimage"},"image":{"@id":"https:\/\/jstvalve.com\/product\/monel-gate-valves\/#primaryimage"},"thumbnailUrl":"https:\/\/jstvalve.com\/wp-content\/uploads\/2026\/03\/DM_20250821083733_023.jpeg","datePublished":"2026-03-25T06:00:19+00:00","dateModified":"2026-03-30T06:46:45+00:00","breadcrumb":{"@id":"https:\/\/jstvalve.com\/product\/monel-gate-valves\/#breadcrumb"},"inLanguage":"pt-PT","potentialAction":[{"@type":"ReadAction","target":["https:\/\/jstvalve.com\/product\/monel-gate-valves\/"]}]},{"@type":"ImageObject","inLanguage":"pt-PT","@id":"https:\/\/jstvalve.com\/product\/monel-gate-valves\/#primaryimage","url":"https:\/\/jstvalve.com\/wp-content\/uploads\/2026\/03\/DM_20250821083733_023.jpeg","contentUrl":"https:\/\/jstvalve.com\/wp-content\/uploads\/2026\/03\/DM_20250821083733_023.jpeg","width":262,"height":262},{"@type":"BreadcrumbList","@id":"https:\/\/jstvalve.com\/product\/monel-gate-valves\/#breadcrumb","itemListElement":[{"@type":"ListItem","position":1,"name":"Home","item":"https:\/\/jstvalve.com\/"},{"@type":"ListItem","position":2,"name":"Shop","item":"https:\/\/jstvalve.com\/?page_id=257"},{"@type":"ListItem","position":3,"name":"Monel Gate Valves"}]},{"@type":"WebSite","@id":"https:\/\/jstvalve.com\/#website","url":"https:\/\/jstvalve.com\/","name":"jstvalve.com","description":"","publisher":{"@id":"https:\/\/jstvalve.com\/#organization"},"potentialAction":[{"@type":"SearchAction","target":{"@type":"EntryPoint","urlTemplate":"https:\/\/jstvalve.com\/?s={search_term_string}"},"query-input":{"@type":"PropertyValueSpecification","valueRequired":true,"valueName":"search_term_string"}}],"inLanguage":"pt-PT"},{"@type":"Organization","@id":"https:\/\/jstvalve.com\/#organization","name":"jstvalve.com","url":"https:\/\/jstvalve.com\/","logo":{"@type":"ImageObject","inLanguage":"pt-PT","@id":"https:\/\/jstvalve.com\/#\/schema\/logo\/image\/","url":"https:\/\/jstvalve.com\/wp-content\/uploads\/2026\/03\/cropped-1608878501.webp","contentUrl":"https:\/\/jstvalve.com\/wp-content\/uploads\/2026\/03\/cropped-1608878501.webp","width":300,"height":154,"caption":"jstvalve.com"},"image":{"@id":"https:\/\/jstvalve.com\/#\/schema\/logo\/image\/"},"sameAs":["https:\/\/www.facebook.com\/jst.valve\/"]}]}},"_links":{"self":[{"href":"https:\/\/jstvalve.com\/pt\/wp-json\/wp\/v2\/product\/571","targetHints":{"allow":["GET"]}}],"collection":[{"href":"https:\/\/jstvalve.com\/pt\/wp-json\/wp\/v2\/product"}],"about":[{"href":"https:\/\/jstvalve.com\/pt\/wp-json\/wp\/v2\/types\/product"}],"replies":[{"embeddable":true,"href":"https:\/\/jstvalve.com\/pt\/wp-json\/wp\/v2\/comments?post=571"}],"wp:featuredmedia":[{"embeddable":true,"href":"https:\/\/jstvalve.com\/pt\/wp-json\/wp\/v2\/media\/642"}],"wp:attachment":[{"href":"https:\/\/jstvalve.com\/pt\/wp-json\/wp\/v2\/media?parent=571"}],"wp:term":[{"taxonomy":"product_brand","embeddable":true,"href":"https:\/\/jstvalve.com\/pt\/wp-json\/wp\/v2\/product_brand?post=571"},{"taxonomy":"product_cat","embeddable":true,"href":"https:\/\/jstvalve.com\/pt\/wp-json\/wp\/v2\/product_cat?post=571"},{"taxonomy":"product_tag","embeddable":true,"href":"https:\/\/jstvalve.com\/pt\/wp-json\/wp\/v2\/product_tag?post=571"}],"curies":[{"name":"wp","href":"https:\/\/api.w.org\/{rel}","templated":true}]}}