{"id":568,"date":"2026-03-25T06:00:19","date_gmt":"2026-03-25T06:00:19","guid":{"rendered":"https:\/\/jstvalve.com\/?post_type=product&#038;p=568"},"modified":"2026-03-27T08:08:22","modified_gmt":"2026-03-27T08:08:22","slug":"valvulas-de-retencao-em-monel","status":"publish","type":"product","link":"https:\/\/jstvalve.com\/pt\/product\/monel-check-valves\/","title":{"rendered":"V\u00e1lvulas de reten\u00e7\u00e3o Monel"},"content":{"rendered":"<hr \/>\n<h6>Material das v\u00e1lvulas de reten\u00e7\u00e3o Monel<\/h6>\n<p>A liga Monel \u00e9 um material de liga de n\u00edquel com a adi\u00e7\u00e3o de:<\/p>\n<ul class=\"list-paddingleft-2\">\n<li>Cobre (Cu)<\/li>\n<li>Sil\u00edcio (Si)<\/li>\n<li>Mangan\u00eas<\/li>\n<\/ul>\n<p>Estes materiais s\u00e3o tamb\u00e9m conhecidos como Monel Alloy 400 e Monel Alloy K500<\/p>\n<p>Carater\u00edsticas do material:<\/p>\n<p>A liga Monel tem um excelente desempenho anticorros\u00e3o no meio \u00e1cido redutor, especialmente tem uma excelente resist\u00eancia \u00e0 corros\u00e3o em fluoreto de hidrog\u00e9nio a alta temperatura e solu\u00e7\u00e3o de \u00e1cido fluor\u00eddrico, e \u00e9 resistente a qualquer densidade de corros\u00e3o de solu\u00e7\u00e3o de \u00e1cido fluor\u00eddrico. Aplica-se principalmente em condi\u00e7\u00f5es de alta temperatura de g\u00e1s fluoreto de hidrog\u00e9nio e de solu\u00e7\u00e3o de \u00e1cido fluor\u00eddrico, e a sua resist\u00eancia \u00e0 corros\u00e3o \u00e9 melhor do que a das ligas \u00e0 base de cobre quando utilizadas na \u00e1gua do mar.<\/p>\n<p>A liga Monel tem um excelente desempenho anticorros\u00e3o no meio \u00e1cido redutor, especialmente tem uma excelente resist\u00eancia \u00e0 corros\u00e3o em fluoreto de hidrog\u00e9nio a alta temperatura e solu\u00e7\u00e3o de \u00e1cido fluor\u00eddrico, e \u00e9 resistente a qualquer densidade de corros\u00e3o de solu\u00e7\u00e3o de \u00e1cido fluor\u00eddrico. Aplica-se principalmente em condi\u00e7\u00f5es de alta temperatura de g\u00e1s fluoreto de hidrog\u00e9nio e de solu\u00e7\u00e3o de \u00e1cido fluor\u00eddrico, e a sua resist\u00eancia \u00e0 corros\u00e3o \u00e9 melhor do que a das ligas \u00e0 base de cobre quando utilizadas na \u00e1gua do mar.<\/p>\n<hr \/>\n<h6>Cuidados a ter com as v\u00e1lvulas de reten\u00e7\u00e3o Monel<\/h6>\n<ul class=\"list-paddingleft-2\">\n<li>Facilidade de fabrico: compromisso entre a capacidade de fundi\u00e7\u00e3o e a capacidade de soldadura<\/li>\n<li>A abertura de furos pode ser um problema a baixas velocidades<\/li>\n<li>N\u00e3o deve ser utilizado como guarni\u00e7\u00e3o de v\u00e1lvulas inoxid\u00e1veis austen\u00edticas<\/li>\n<li>Classe de classifica\u00e7\u00e3o P\/T 300=600 psi CWP<\/li>\n<li>\u00c9 necess\u00e1rio ter em conta a rela\u00e7\u00e3o custo-efic\u00e1cia<\/li>\n<\/ul>\n<hr \/>\n<h6>Aplica\u00e7\u00e3o de v\u00e1lvulas de reten\u00e7\u00e3o Monel<\/h6>\n<ul class=\"list-paddingleft-2\">\n<li>F\u00e1brica petroqu\u00edmica<\/li>\n<li>Refinaria<\/li>\n<li>Central el\u00e9ctrica<\/li>\n<li>Esta\u00e7\u00e3o de tratamento de \u00e1guas<\/li>\n<li>Explora\u00e7\u00e3o marinha<\/li>\n<\/ul>\n<hr \/>\n<h6>Utiliza\u00e7\u00f5es adicionais e coment\u00e1rios sobre as v\u00e1lvulas de reten\u00e7\u00e3o Monel<\/h6>\n<ul class=\"list-paddingleft-2\">\n<li>Est\u00e3o dispon\u00edveis v\u00e1rias especifica\u00e7\u00f5es de barras forjadas, boas para material de acabamento. Excelente resist\u00eancia a partir de K500<\/li>\n<li>Razo\u00e1vel capacidade de fundi\u00e7\u00e3o com o design adequado e maior teor de Si<\/li>\n<li>Sold\u00e1vel com menor teor de Si<\/li>\n<li>Excelente para \u00e1cidos fluor\u00eddricos e outros \u00e1cidos (exceto \u00e1cidos n\u00edtricos)<\/li>\n<\/ul>","protected":false},"excerpt":{"rendered":"<p>A JST oferece uma gama abrangente de v\u00e1lvulas de reten\u00e7\u00e3o Monel para todos os tipos de aplica\u00e7\u00f5es e ind\u00fastrias.<\/p>\n<p>As v\u00e1lvulas de reten\u00e7\u00e3o de placa dupla t\u00eam design ASME JB\/T 8937 e API 594; tipo wafer e as liga\u00e7\u00f5es finais: Flange RF, Wafer e Lug s\u00e3o todas unidades padr\u00e3o.<\/p>\n<p>Os outros tipos de v\u00e1lvulas de reten\u00e7\u00e3o Monel dispon\u00edveis incluem a v\u00e1lvula de reten\u00e7\u00e3o de veda\u00e7\u00e3o de press\u00e3o Monel, a v\u00e1lvula de reten\u00e7\u00e3o de bocal Monel, a v\u00e1lvula de reten\u00e7\u00e3o de placa \u00fanica Monel, a v\u00e1lvula de reten\u00e7\u00e3o de tipo elevador Monel, a v\u00e1lvula de reten\u00e7\u00e3o de oscila\u00e7\u00e3o Monel.<\/p>","protected":false},"featured_media":637,"comment_status":"open","ping_status":"closed","template":"","meta":{"_kad_post_transparent":"","_kad_post_title":"","_kad_post_layout":"","_kad_post_sidebar_id":"","_kad_post_content_style":"","_kad_post_vertical_padding":"","_kad_post_feature":"","_kad_post_feature_position":"","_kad_post_header":false,"_kad_post_footer":false,"_kad_post_classname":""},"product_brand":[],"product_cat":[30],"product_tag":[],"class_list":{"0":"post-568","1":"product","2":"type-product","3":"status-publish","4":"has-post-thumbnail","6":"product_cat-check-valve","8":"first","9":"instock","10":"shipping-taxable","11":"product-type-simple","12":"entry","13":"content-bg","14":"loop-entry"},"_links":{"self":[{"href":"https:\/\/jstvalve.com\/pt\/wp-json\/wp\/v2\/product\/568","targetHints":{"allow":["GET"]}}],"collection":[{"href":"https:\/\/jstvalve.com\/pt\/wp-json\/wp\/v2\/product"}],"about":[{"href":"https:\/\/jstvalve.com\/pt\/wp-json\/wp\/v2\/types\/product"}],"replies":[{"embeddable":true,"href":"https:\/\/jstvalve.com\/pt\/wp-json\/wp\/v2\/comments?post=568"}],"wp:featuredmedia":[{"embeddable":true,"href":"https:\/\/jstvalve.com\/pt\/wp-json\/wp\/v2\/media\/637"}],"wp:attachment":[{"href":"https:\/\/jstvalve.com\/pt\/wp-json\/wp\/v2\/media?parent=568"}],"wp:term":[{"taxonomy":"product_brand","embeddable":true,"href":"https:\/\/jstvalve.com\/pt\/wp-json\/wp\/v2\/product_brand?post=568"},{"taxonomy":"product_cat","embeddable":true,"href":"https:\/\/jstvalve.com\/pt\/wp-json\/wp\/v2\/product_cat?post=568"},{"taxonomy":"product_tag","embeddable":true,"href":"https:\/\/jstvalve.com\/pt\/wp-json\/wp\/v2\/product_tag?post=568"}],"curies":[{"name":"wp","href":"https:\/\/api.w.org\/{rel}","templated":true}]}}