{"id":566,"date":"2026-03-25T06:00:19","date_gmt":"2026-03-25T06:00:19","guid":{"rendered":"https:\/\/jstvalve.com\/?post_type=product&#038;p=566"},"modified":"2026-03-27T08:08:01","modified_gmt":"2026-03-27T08:08:01","slug":"valvulas-de-descarga-de-niquel","status":"publish","type":"product","link":"https:\/\/jstvalve.com\/pt\/product\/nickel-discharge-valves\/","title":{"rendered":"V\u00e1lvulas de descarga de n\u00edquel"},"content":{"rendered":"<hr \/>\n<h6>Carater\u00edsticas do material das v\u00e1lvulas de descarga de n\u00edquel<\/h6>\n<p>O n\u00edquel puro \u00e9 extremamente anti-corros\u00e3o sob quaisquer densidades e solu\u00e7\u00f5es alcalinas c\u00e1usticas de alta temperatura, e o desempenho anti-cracking alcalino \u00e9 excelente. Aplica-se principalmente em condi\u00e7\u00f5es de meio corrosivo alcalino espesso a alta temperatura.<\/p>\n<p>Distingue-se pela ductilidade, for\u00e7a e resist\u00eancia \u00e0 corros\u00e3o e ao calor. Resiste \u00e0 corros\u00e3o mesmo a temperaturas elevadas e a \u00e1lcalis concentrados.<\/p>\n<p>Tem tamb\u00e9m boas propriedades mec\u00e2nicas e excelente resist\u00eancia a muitos ambientes corrosivos.  Outras carater\u00edsticas \u00fateis da liga s\u00e3o as suas propriedades magn\u00e9ticas e magnetostrictivas, elevada condutividade t\u00e9rmica e el\u00e9ctrica, baixo teor de g\u00e1s e baixa press\u00e3o de vapor.<\/p>\n<hr \/>\n<h6>V\u00e1lvulas de descarga de n\u00edquel Tipo<\/h6>\n<p><strong>V\u00e1lvulas de descarga ascendente<\/strong><\/p>\n<p><strong>Carater\u00edsticas de design<\/strong><\/p>\n<ol class=\"list-paddingleft-2\">\n<li>A junta \u00e9 colocada na ranhura c\u00f4ncava do corpo da v\u00e1lvula, a junta pode manter a elasticidade durante muito tempo e a veda\u00e7\u00e3o \u00e9 fi\u00e1vel.<\/li>\n<li>Design do n\u00facleo da v\u00e1lvula de forjamento integral, com melhor resist\u00eancia.<\/li>\n<li>Aumentar o tamanho da haste e da haste de liga\u00e7\u00e3o tornou as v\u00e1lvulas mais est\u00e1veis e firmes.<\/li>\n<li>Os corpos das v\u00e1lvulas com estrutura de tambor de cintura t\u00eam uma boa aerodin\u00e2mica, podem aumentar a capacidade de fluxo e reduzir a deposi\u00e7\u00e3o m\u00e9dia.<\/li>\n<li>O design da embalagem com mola proporciona uma veda\u00e7\u00e3o mais fi\u00e1vel e permite o ajuste em linha da veda\u00e7\u00e3o da embalagem<\/li>\n<li>O n\u00facleo da v\u00e1lvula tem um dispositivo de guia para proteger a haste de desvios<\/li>\n<\/ol>\n<p><strong>Pe\u00e7as e materiais<\/strong><\/p>\n<div class=\"overflow-x\">\n<table style=\"border-collapse: collapse; text-align: left; width: 100%;\" border=\"1\" cellspacing=\"0\" cellpadding=\"6\">\n<thead>\n<tr style=\"background-color: #d9edf7; font-weight: bold;\">\n<td>N\u00e3o.<\/td>\n<td>Nome da pe\u00e7a<\/td>\n<td>Material<\/td>\n<\/tr>\n<\/thead>\n<tbody>\n<tr>\n<td>1<\/td>\n<td>Disco<\/td>\n<td>Hastelloy C276<\/td>\n<\/tr>\n<tr>\n<td>2<\/td>\n<td>Tampa de disco<\/td>\n<td>Hastelloy C276<\/td>\n<\/tr>\n<tr>\n<td>3<\/td>\n<td>Assento<\/td>\n<td>Hastelloy C276<\/td>\n<\/tr>\n<tr>\n<td>4<\/td>\n<td>Junta de veda\u00e7\u00e3o<\/td>\n<td>Hastelloy C276 + Grafite<\/td>\n<\/tr>\n<tr>\n<td>5<\/td>\n<td>Corpo<\/td>\n<td>N\u00edquel<\/td>\n<\/tr>\n<tr>\n<td>6<\/td>\n<td>Caule<\/td>\n<td>Hastelloy C276<\/td>\n<\/tr>\n<tr>\n<td>7<\/td>\n<td>Embalagem<\/td>\n<td>Grafite<\/td>\n<\/tr>\n<tr>\n<td>8<\/td>\n<td>Bucha de fixa\u00e7\u00e3o<\/td>\n<td>Hastelloy C276<\/td>\n<\/tr>\n<tr>\n<td>9<\/td>\n<td>Cravo<\/td>\n<td>304<\/td>\n<\/tr>\n<tr>\n<td>10<\/td>\n<td>Porca sextavada<\/td>\n<td>304<\/td>\n<\/tr>\n<tr>\n<td>11<\/td>\n<td>Prumo<\/td>\n<td>304<\/td>\n<\/tr>\n<tr>\n<td>12<\/td>\n<td>Placa de guia<\/td>\n<td>304<\/td>\n<\/tr>\n<tr>\n<td>13<\/td>\n<td>Parafuso<\/td>\n<td>304<\/td>\n<\/tr>\n<tr>\n<td>14<\/td>\n<td>Porca da haste<\/td>\n<td>DAL9-4<\/td>\n<\/tr>\n<tr>\n<td>15<\/td>\n<td>Assento de apoio<\/td>\n<td>304<\/td>\n<\/tr>\n<\/tbody>\n<\/table>\n<p>&gt;<br \/>\n<img decoding=\"async\" src=\"https:\/\/www.wsv-valve.com\/uploads\/image\/20210428\/nickel-discharge-valves.jpg\" alt=\"V\u00e1lvulas de descarga de n\u00edquel\" \/><\/p>\n<p><strong>tamb\u00e9m podemos fornecer v\u00e1lvulas de descarga para baixo.<\/strong><\/p>\n<\/div>","protected":false},"excerpt":{"rendered":"<p>O n\u00edquel puro \u00e9 o n\u00edquel forjado comercialmente puro (99,6%).<\/p>\n<p>A JST \u00e9 fabricante de v\u00e1lvulas de n\u00edquel puro. Normalmente, a JST pode fornecer v\u00e1lvulas de n\u00edquel 200 e de n\u00edquel 201.<\/p>","protected":false},"featured_media":634,"comment_status":"open","ping_status":"closed","template":"","meta":{"_kad_post_transparent":"","_kad_post_title":"","_kad_post_layout":"","_kad_post_sidebar_id":"","_kad_post_content_style":"","_kad_post_vertical_padding":"","_kad_post_feature":"","_kad_post_feature_position":"","_kad_post_header":false,"_kad_post_footer":false,"_kad_post_classname":""},"product_brand":[],"product_cat":[31],"product_tag":[],"class_list":{"0":"post-566","1":"product","2":"type-product","3":"status-publish","4":"has-post-thumbnail","6":"product_cat-discharge-valve","8":"first","9":"instock","10":"shipping-taxable","11":"product-type-simple","12":"entry","13":"content-bg","14":"loop-entry"},"_links":{"self":[{"href":"https:\/\/jstvalve.com\/pt\/wp-json\/wp\/v2\/product\/566","targetHints":{"allow":["GET"]}}],"collection":[{"href":"https:\/\/jstvalve.com\/pt\/wp-json\/wp\/v2\/product"}],"about":[{"href":"https:\/\/jstvalve.com\/pt\/wp-json\/wp\/v2\/types\/product"}],"replies":[{"embeddable":true,"href":"https:\/\/jstvalve.com\/pt\/wp-json\/wp\/v2\/comments?post=566"}],"wp:featuredmedia":[{"embeddable":true,"href":"https:\/\/jstvalve.com\/pt\/wp-json\/wp\/v2\/media\/634"}],"wp:attachment":[{"href":"https:\/\/jstvalve.com\/pt\/wp-json\/wp\/v2\/media?parent=566"}],"wp:term":[{"taxonomy":"product_brand","embeddable":true,"href":"https:\/\/jstvalve.com\/pt\/wp-json\/wp\/v2\/product_brand?post=566"},{"taxonomy":"product_cat","embeddable":true,"href":"https:\/\/jstvalve.com\/pt\/wp-json\/wp\/v2\/product_cat?post=566"},{"taxonomy":"product_tag","embeddable":true,"href":"https:\/\/jstvalve.com\/pt\/wp-json\/wp\/v2\/product_tag?post=566"}],"curies":[{"name":"wp","href":"https:\/\/api.w.org\/{rel}","templated":true}]}}