{"id":562,"date":"2026-03-25T06:00:19","date_gmt":"2026-03-25T06:00:19","guid":{"rendered":"https:\/\/jstvalve.com\/?post_type=product&#038;p=562"},"modified":"2026-03-27T08:07:30","modified_gmt":"2026-03-27T08:07:30","slug":"valvulas-de-globo-de-niquel","status":"publish","type":"product","link":"https:\/\/jstvalve.com\/pt\/product\/nickel-globe-valves\/","title":{"rendered":"V\u00e1lvulas de globo de n\u00edquel"},"content":{"rendered":"<hr \/>\n<h6>Nickel Alloy Valves Specification Chart<\/h6>\n<table style=\"border-collapse: collapse; text-align: left; width: 100%;\" border=\"1\" cellspacing=\"0\" cellpadding=\"6\">\n<thead>\n<tr style=\"background-color: #d9edf7; font-weight: bold;\">\n<td>Specification<\/td>\n<td>Details<\/td>\n<\/tr>\n<\/thead>\n<tbody>\n<tr>\n<td>Standards<\/td>\n<td>BS1873, API 598\/BS EN 12266-1, ASME B16.10, ASME B16.5, ASME B16.25, ASME B16.34<\/td>\n<\/tr>\n<tr>\n<td>Size<\/td>\n<td>1\/2 to 16 Inch<\/td>\n<\/tr>\n<tr>\n<td>Rating<\/td>\n<td>Class 150#, 300#, 600#, 800#, 1500#<\/td>\n<\/tr>\n<tr>\n<td>End Connection<\/td>\n<td>Screwed [NPT], Socket Weld, Flanged End, Screwed Parallel, Screwed Taper<\/td>\n<\/tr>\n<tr>\n<td>Grade<\/td>\n<td>Nickel 200 (UNS N02200), Nickel 201 (UNS N02201), Nickel 205 (UNS N02205)<\/td>\n<\/tr>\n<tr>\n<td>Body Material<\/td>\n<td>N6, Ni201, Ni200, CZ-100, N02200, N02201<\/td>\n<\/tr>\n<\/tbody>\n<\/table>\n<hr \/>\n<h6>Nickel Alloy Valves Application<\/h6>\n<p>Nickel globe valves are widely used in coal chemical, petrochemical, rubber, paper, pharmaceutical and other pipelines for media diversion and merging or flow switching devices.<\/p>\n","protected":false},"excerpt":{"rendered":"<p>A v\u00e1lvula de globo de n\u00edquel 200\/n\u00edquel 201 \u00e9 composta por um grau de n\u00edquel comercialmente puro. \u00c9 muito resistente \u00e0 corros\u00e3o e forte, com particular resist\u00eancia contra \u00e1cidos e agentes oxidantes, pelo que as v\u00e1lvulas de liga de n\u00edquel s\u00e3o utilizadas nas ind\u00fastrias qu\u00edmica e petroqu\u00edmica.<\/p>","protected":false},"featured_media":624,"comment_status":"open","ping_status":"closed","template":"","meta":{"_kad_post_transparent":"","_kad_post_title":"","_kad_post_layout":"","_kad_post_sidebar_id":"","_kad_post_content_style":"","_kad_post_vertical_padding":"","_kad_post_feature":"","_kad_post_feature_position":"","_kad_post_header":false,"_kad_post_footer":false,"_kad_post_classname":""},"product_brand":[],"product_cat":[24],"product_tag":[],"class_list":{"0":"post-562","1":"product","2":"type-product","3":"status-publish","4":"has-post-thumbnail","6":"product_cat-globe-valve","8":"first","9":"instock","10":"shipping-taxable","11":"product-type-simple","12":"entry","13":"content-bg","14":"loop-entry"},"_links":{"self":[{"href":"https:\/\/jstvalve.com\/pt\/wp-json\/wp\/v2\/product\/562","targetHints":{"allow":["GET"]}}],"collection":[{"href":"https:\/\/jstvalve.com\/pt\/wp-json\/wp\/v2\/product"}],"about":[{"href":"https:\/\/jstvalve.com\/pt\/wp-json\/wp\/v2\/types\/product"}],"replies":[{"embeddable":true,"href":"https:\/\/jstvalve.com\/pt\/wp-json\/wp\/v2\/comments?post=562"}],"wp:featuredmedia":[{"embeddable":true,"href":"https:\/\/jstvalve.com\/pt\/wp-json\/wp\/v2\/media\/624"}],"wp:attachment":[{"href":"https:\/\/jstvalve.com\/pt\/wp-json\/wp\/v2\/media?parent=562"}],"wp:term":[{"taxonomy":"product_brand","embeddable":true,"href":"https:\/\/jstvalve.com\/pt\/wp-json\/wp\/v2\/product_brand?post=562"},{"taxonomy":"product_cat","embeddable":true,"href":"https:\/\/jstvalve.com\/pt\/wp-json\/wp\/v2\/product_cat?post=562"},{"taxonomy":"product_tag","embeddable":true,"href":"https:\/\/jstvalve.com\/pt\/wp-json\/wp\/v2\/product_tag?post=562"}],"curies":[{"name":"wp","href":"https:\/\/api.w.org\/{rel}","templated":true}]}}