{"id":557,"date":"2026-03-25T06:00:19","date_gmt":"2026-03-25T06:00:19","guid":{"rendered":"https:\/\/jstvalve.com\/?post_type=product&#038;p=557"},"modified":"2026-03-30T02:31:07","modified_gmt":"2026-03-30T02:31:07","slug":"industrial-titanium-strainers","status":"publish","type":"product","link":"https:\/\/jstvalve.com\/pt\/produto\/industrial-titanium-strainers\/","title":{"rendered":"Filtros de tit\u00e2nio"},"content":{"rendered":"<hr \/>\n<h6>A aplica\u00e7\u00e3o de filtros de tit\u00e2nio<\/h6>\n<p>Os filtros de tit\u00e2nio s\u00e3o amplamente aplicados na ind\u00fastria de cloro e \u00e1lcalis, ind\u00fastria de soda, ind\u00fastria farmac\u00eautica, ind\u00fastria de fertilizantes, ind\u00fastria de qu\u00edmica fina, \u00e1cidos org\u00e2nicos b\u00e1sicos e fabrica\u00e7\u00e3o de sal inorg\u00e2nico e campos da ind\u00fastria de \u00e1cido n\u00edtrico, etc.<\/p>\n<hr \/>\n<h6>Aten\u00e7\u00e3o aos filtros de tit\u00e2nio<\/h6>\n<p>Ao escolher filtros de tit\u00e2nio, \u00e9 preciso considerar totalmente a temperatura m\u00e9dia corrosiva, o ingrediente m\u00e9dio, a densidade de v\u00e1rios ingredientes, o teor de \u00e1gua e assim por diante quatro aspectos. As v\u00e1lvulas n\u00e3o s\u00e3o usadas adequadamente no \u00e1cido n\u00edtrico de fuma\u00e7a vermelha 98%, cloro seco que n\u00e3o cont\u00e9m \u00e1gua 1.5%, oxig\u00eanio puro, temperatura acima de 330 \u2103 condi\u00e7\u00f5es, etc.<\/p>\n<hr \/>\n<h6>Os materiais das v\u00e1lvulas de reten\u00e7\u00e3o de tit\u00e2nio<\/h6>\n<table style=\"border-collapse: collapse; text-align: left; width: 100%;\" border=\"1\" cellspacing=\"0\" cellpadding=\"6\">\n<thead>\n<tr style=\"background-color: #d9edf7; font-weight: bold;\">\n<td>Grupo de materiais<\/td>\n<td>Graus de fundi\u00e7\u00e3o<\/td>\n<td>Graus de forjamento<\/td>\n<td>Classifica\u00e7\u00e3o das barras<\/td>\n<\/tr>\n<\/thead>\n<tbody>\n<tr>\n<td>Tit\u00e2nio Gr. 2<\/td>\n<td>B367 Gr.C-2<\/td>\n<td>B381 Gr F-2<\/td>\n<td>B348 Gr.2<\/td>\n<\/tr>\n<tr>\n<td>Tit\u00e2nio Gr. 3<\/td>\n<td>B367 Gr.C-3<\/td>\n<td>B381 Gr F-3<\/td>\n<td>B348 Gr.3<\/td>\n<\/tr>\n<tr>\n<td>Tit\u00e2nio Gr. 5<\/td>\n<td>B367 Gr.C-5<\/td>\n<td>B381 Gr F-5<\/td>\n<td>B348 Gr.5<\/td>\n<\/tr>\n<tr>\n<td>Tit\u00e2nio Gr. 6<\/td>\n<td>B367 Gr.C-6<\/td>\n<td>B381 Gr F-6<\/td>\n<td>B348 Gr.6<\/td>\n<\/tr>\n<tr>\n<td>Tit\u00e2nio Gr. 12<\/td>\n<td>B367 Gr.C-12<\/td>\n<td>B381 Gr F-12<\/td>\n<td>B348 Gr.12<\/td>\n<\/tr>\n<tr>\n<td>Tit\u00e2nio Gr. 7<\/td>\n<td>B367 Pd7B<\/td>\n<td>B381 Gr F-7<\/td>\n<td>B348 Gr.7<\/td>\n<\/tr>\n<\/tbody>\n<\/table>","protected":false},"excerpt":{"rendered":"<p>O tit\u00e2nio e as ligas de tit\u00e2nio s\u00e3o metais n\u00e3o ferrosos de elevada atividade qu\u00edmica. Os materiais de tit\u00e2nio t\u00eam pel\u00edculas de \u00f3xido, boa estabilidade e capacidade de autopassiva\u00e7\u00e3o num ambiente de forte corros\u00e3o, pelo que as v\u00e1lvulas de tit\u00e2nio podem resistir a uma variedade de condi\u00e7\u00f5es de corros\u00e3o adversas.<\/p>\n<p>Devido \u00e0 sua elevada rela\u00e7\u00e3o custo-efic\u00e1cia e elevada resist\u00eancia \u00e0 corros\u00e3o, os filtros de tit\u00e2nio podem ser utilizados num meio de corros\u00e3o muito elevado. Na tubagem de transmiss\u00e3o industrial de resist\u00eancia \u00e0 corros\u00e3o civil, os filtros de tit\u00e2nio resolvem muitos problemas de corros\u00e3o que os filtros de a\u00e7o inoxid\u00e1vel, cobre ou alum\u00ednio n\u00e3o conseguem resolver.<\/p>\n<p>A v\u00e1lvula de reten\u00e7\u00e3o de tit\u00e2nio tem uma excelente resist\u00eancia \u00e0 corros\u00e3o, elevada resist\u00eancia espec\u00edfica, peso reduzido, superf\u00edcie dura e lisa que limita a ader\u00eancia de materiais estranhos, resist\u00eancia ao calor e outras vantagens.<\/p>","protected":false},"featured_media":613,"comment_status":"open","ping_status":"closed","template":"","meta":{"_kad_post_transparent":"default","_kad_post_title":"","_kad_post_layout":"default","_kad_post_sidebar_id":"","_kad_post_content_style":"default","_kad_post_vertical_padding":"default","_kad_post_feature":"","_kad_post_feature_position":"","_kad_post_header":false,"_kad_post_footer":false,"_kad_post_classname":""},"product_brand":[],"product_cat":[23],"product_tag":[],"class_list":{"0":"post-557","1":"product","2":"type-product","3":"status-publish","4":"has-post-thumbnail","6":"product_cat-filter","8":"first","9":"instock","10":"shipping-taxable","11":"product-type-simple","12":"entry","13":"content-bg","14":"loop-entry"},"yoast_head":"<!-- This site is optimized with the Yoast SEO Premium plugin v26.7 (Yoast SEO v27.2) - https:\/\/yoast.com\/product\/yoast-seo-premium-wordpress\/ -->\n<title>Titanium Strainers Manufacturer | Industrial Corrosion Resistant Solutions<\/title>\n<meta name=\"description\" content=\"Titanium strainers are widely used in chlor-alkali, pharmaceutical, fertilizer and chemical industries. Explore applications, material grades and corrosion resistance specifications.\" \/>\n<meta name=\"robots\" content=\"index, follow, max-snippet:-1, max-image-preview:large, max-video-preview:-1\" \/>\n<link rel=\"canonical\" href=\"https:\/\/jstvalve.com\/pt\/produto\/industrial-titanium-strainers\/\" \/>\n<meta property=\"og:locale\" content=\"pt_PT\" \/>\n<meta property=\"og:type\" content=\"article\" \/>\n<meta property=\"og:title\" content=\"Titanium Strainers\" \/>\n<meta property=\"og:description\" content=\"Titanium strainers are widely used in chlor-alkali, pharmaceutical, fertilizer and chemical industries. Explore applications, material grades and corrosion resistance specifications.\" \/>\n<meta property=\"og:url\" content=\"https:\/\/jstvalve.com\/pt\/produto\/industrial-titanium-strainers\/\" \/>\n<meta property=\"og:site_name\" content=\"jstvalve.com\" \/>\n<meta property=\"article:publisher\" content=\"https:\/\/www.facebook.com\/jst.valve\/\" \/>\n<meta property=\"article:modified_time\" content=\"2026-03-30T02:31:07+00:00\" \/>\n<meta property=\"og:image\" content=\"https:\/\/jstvalve.com\/wp-content\/uploads\/2026\/03\/DM_20250821083620_021.jpeg\" \/>\n\t<meta property=\"og:image:width\" content=\"257\" \/>\n\t<meta property=\"og:image:height\" content=\"257\" \/>\n\t<meta property=\"og:image:type\" content=\"image\/jpeg\" \/>\n<meta name=\"twitter:card\" content=\"summary_large_image\" \/>\n<meta name=\"twitter:label1\" content=\"Tempo estimado de leitura\" \/>\n\t<meta name=\"twitter:data1\" content=\"2 minutos\" \/>\n<script type=\"application\/ld+json\" class=\"yoast-schema-graph\">{\"@context\":\"https:\/\/schema.org\",\"@graph\":[{\"@type\":\"WebPage\",\"@id\":\"https:\/\/jstvalve.com\/product\/industrial-titanium-strainers\/\",\"url\":\"https:\/\/jstvalve.com\/product\/industrial-titanium-strainers\/\",\"name\":\"Titanium Strainers Manufacturer | Industrial Corrosion Resistant Solutions\",\"isPartOf\":{\"@id\":\"https:\/\/jstvalve.com\/#website\"},\"primaryImageOfPage\":{\"@id\":\"https:\/\/jstvalve.com\/product\/industrial-titanium-strainers\/#primaryimage\"},\"image\":{\"@id\":\"https:\/\/jstvalve.com\/product\/industrial-titanium-strainers\/#primaryimage\"},\"thumbnailUrl\":\"https:\/\/jstvalve.com\/wp-content\/uploads\/2026\/03\/DM_20250821083620_021.jpeg\",\"datePublished\":\"2026-03-25T06:00:19+00:00\",\"dateModified\":\"2026-03-30T02:31:07+00:00\",\"description\":\"Titanium strainers are widely used in chlor-alkali, pharmaceutical, fertilizer and chemical industries. Explore applications, material grades and corrosion resistance specifications.\",\"breadcrumb\":{\"@id\":\"https:\/\/jstvalve.com\/product\/industrial-titanium-strainers\/#breadcrumb\"},\"inLanguage\":\"pt-PT\",\"potentialAction\":[{\"@type\":\"ReadAction\",\"target\":[\"https:\/\/jstvalve.com\/product\/industrial-titanium-strainers\/\"]}]},{\"@type\":\"ImageObject\",\"inLanguage\":\"pt-PT\",\"@id\":\"https:\/\/jstvalve.com\/product\/industrial-titanium-strainers\/#primaryimage\",\"url\":\"https:\/\/jstvalve.com\/wp-content\/uploads\/2026\/03\/DM_20250821083620_021.jpeg\",\"contentUrl\":\"https:\/\/jstvalve.com\/wp-content\/uploads\/2026\/03\/DM_20250821083620_021.jpeg\",\"width\":257,\"height\":257},{\"@type\":\"BreadcrumbList\",\"@id\":\"https:\/\/jstvalve.com\/product\/industrial-titanium-strainers\/#breadcrumb\",\"itemListElement\":[{\"@type\":\"ListItem\",\"position\":1,\"name\":\"Home\",\"item\":\"https:\/\/jstvalve.com\/\"},{\"@type\":\"ListItem\",\"position\":2,\"name\":\"Shop\",\"item\":\"https:\/\/jstvalve.com\/?page_id=257\"},{\"@type\":\"ListItem\",\"position\":3,\"name\":\"Titanium Strainers\"}]},{\"@type\":\"WebSite\",\"@id\":\"https:\/\/jstvalve.com\/#website\",\"url\":\"https:\/\/jstvalve.com\/\",\"name\":\"jstvalve.com\",\"description\":\"\",\"publisher\":{\"@id\":\"https:\/\/jstvalve.com\/#organization\"},\"potentialAction\":[{\"@type\":\"SearchAction\",\"target\":{\"@type\":\"EntryPoint\",\"urlTemplate\":\"https:\/\/jstvalve.com\/?s={search_term_string}\"},\"query-input\":{\"@type\":\"PropertyValueSpecification\",\"valueRequired\":true,\"valueName\":\"search_term_string\"}}],\"inLanguage\":\"pt-PT\"},{\"@type\":\"Organization\",\"@id\":\"https:\/\/jstvalve.com\/#organization\",\"name\":\"jstvalve.com\",\"url\":\"https:\/\/jstvalve.com\/\",\"logo\":{\"@type\":\"ImageObject\",\"inLanguage\":\"pt-PT\",\"@id\":\"https:\/\/jstvalve.com\/#\/schema\/logo\/image\/\",\"url\":\"https:\/\/jstvalve.com\/wp-content\/uploads\/2026\/03\/cropped-1608878501.webp\",\"contentUrl\":\"https:\/\/jstvalve.com\/wp-content\/uploads\/2026\/03\/cropped-1608878501.webp\",\"width\":300,\"height\":154,\"caption\":\"jstvalve.com\"},\"image\":{\"@id\":\"https:\/\/jstvalve.com\/#\/schema\/logo\/image\/\"},\"sameAs\":[\"https:\/\/www.facebook.com\/jst.valve\/\"]}]}<\/script>\n<!-- \/ Yoast SEO Premium plugin. -->","yoast_head_json":{"title":"Titanium Strainers Manufacturer | Industrial Corrosion Resistant Solutions","description":"Titanium strainers are widely used in chlor-alkali, pharmaceutical, fertilizer and chemical industries. Explore applications, material grades and corrosion resistance specifications.","robots":{"index":"index","follow":"follow","max-snippet":"max-snippet:-1","max-image-preview":"max-image-preview:large","max-video-preview":"max-video-preview:-1"},"canonical":"https:\/\/jstvalve.com\/pt\/produto\/industrial-titanium-strainers\/","og_locale":"pt_PT","og_type":"article","og_title":"Titanium Strainers","og_description":"Titanium strainers are widely used in chlor-alkali, pharmaceutical, fertilizer and chemical industries. Explore applications, material grades and corrosion resistance specifications.","og_url":"https:\/\/jstvalve.com\/pt\/produto\/industrial-titanium-strainers\/","og_site_name":"jstvalve.com","article_publisher":"https:\/\/www.facebook.com\/jst.valve\/","article_modified_time":"2026-03-30T02:31:07+00:00","og_image":[{"width":257,"height":257,"url":"https:\/\/jstvalve.com\/wp-content\/uploads\/2026\/03\/DM_20250821083620_021.jpeg","type":"image\/jpeg"}],"twitter_card":"summary_large_image","twitter_misc":{"Tempo estimado de leitura":"2 minutos"},"schema":{"@context":"https:\/\/schema.org","@graph":[{"@type":"WebPage","@id":"https:\/\/jstvalve.com\/product\/industrial-titanium-strainers\/","url":"https:\/\/jstvalve.com\/product\/industrial-titanium-strainers\/","name":"Titanium Strainers Manufacturer | Industrial Corrosion Resistant Solutions","isPartOf":{"@id":"https:\/\/jstvalve.com\/#website"},"primaryImageOfPage":{"@id":"https:\/\/jstvalve.com\/product\/industrial-titanium-strainers\/#primaryimage"},"image":{"@id":"https:\/\/jstvalve.com\/product\/industrial-titanium-strainers\/#primaryimage"},"thumbnailUrl":"https:\/\/jstvalve.com\/wp-content\/uploads\/2026\/03\/DM_20250821083620_021.jpeg","datePublished":"2026-03-25T06:00:19+00:00","dateModified":"2026-03-30T02:31:07+00:00","description":"Titanium strainers are widely used in chlor-alkali, pharmaceutical, fertilizer and chemical industries. Explore applications, material grades and corrosion resistance specifications.","breadcrumb":{"@id":"https:\/\/jstvalve.com\/product\/industrial-titanium-strainers\/#breadcrumb"},"inLanguage":"pt-PT","potentialAction":[{"@type":"ReadAction","target":["https:\/\/jstvalve.com\/product\/industrial-titanium-strainers\/"]}]},{"@type":"ImageObject","inLanguage":"pt-PT","@id":"https:\/\/jstvalve.com\/product\/industrial-titanium-strainers\/#primaryimage","url":"https:\/\/jstvalve.com\/wp-content\/uploads\/2026\/03\/DM_20250821083620_021.jpeg","contentUrl":"https:\/\/jstvalve.com\/wp-content\/uploads\/2026\/03\/DM_20250821083620_021.jpeg","width":257,"height":257},{"@type":"BreadcrumbList","@id":"https:\/\/jstvalve.com\/product\/industrial-titanium-strainers\/#breadcrumb","itemListElement":[{"@type":"ListItem","position":1,"name":"Home","item":"https:\/\/jstvalve.com\/"},{"@type":"ListItem","position":2,"name":"Shop","item":"https:\/\/jstvalve.com\/?page_id=257"},{"@type":"ListItem","position":3,"name":"Titanium Strainers"}]},{"@type":"WebSite","@id":"https:\/\/jstvalve.com\/#website","url":"https:\/\/jstvalve.com\/","name":"jstvalve.com","description":"","publisher":{"@id":"https:\/\/jstvalve.com\/#organization"},"potentialAction":[{"@type":"SearchAction","target":{"@type":"EntryPoint","urlTemplate":"https:\/\/jstvalve.com\/?s={search_term_string}"},"query-input":{"@type":"PropertyValueSpecification","valueRequired":true,"valueName":"search_term_string"}}],"inLanguage":"pt-PT"},{"@type":"Organization","@id":"https:\/\/jstvalve.com\/#organization","name":"jstvalve.com","url":"https:\/\/jstvalve.com\/","logo":{"@type":"ImageObject","inLanguage":"pt-PT","@id":"https:\/\/jstvalve.com\/#\/schema\/logo\/image\/","url":"https:\/\/jstvalve.com\/wp-content\/uploads\/2026\/03\/cropped-1608878501.webp","contentUrl":"https:\/\/jstvalve.com\/wp-content\/uploads\/2026\/03\/cropped-1608878501.webp","width":300,"height":154,"caption":"jstvalve.com"},"image":{"@id":"https:\/\/jstvalve.com\/#\/schema\/logo\/image\/"},"sameAs":["https:\/\/www.facebook.com\/jst.valve\/"]}]}},"_links":{"self":[{"href":"https:\/\/jstvalve.com\/pt\/wp-json\/wp\/v2\/product\/557","targetHints":{"allow":["GET"]}}],"collection":[{"href":"https:\/\/jstvalve.com\/pt\/wp-json\/wp\/v2\/product"}],"about":[{"href":"https:\/\/jstvalve.com\/pt\/wp-json\/wp\/v2\/types\/product"}],"replies":[{"embeddable":true,"href":"https:\/\/jstvalve.com\/pt\/wp-json\/wp\/v2\/comments?post=557"}],"wp:featuredmedia":[{"embeddable":true,"href":"https:\/\/jstvalve.com\/pt\/wp-json\/wp\/v2\/media\/613"}],"wp:attachment":[{"href":"https:\/\/jstvalve.com\/pt\/wp-json\/wp\/v2\/media?parent=557"}],"wp:term":[{"taxonomy":"product_brand","embeddable":true,"href":"https:\/\/jstvalve.com\/pt\/wp-json\/wp\/v2\/product_brand?post=557"},{"taxonomy":"product_cat","embeddable":true,"href":"https:\/\/jstvalve.com\/pt\/wp-json\/wp\/v2\/product_cat?post=557"},{"taxonomy":"product_tag","embeddable":true,"href":"https:\/\/jstvalve.com\/pt\/wp-json\/wp\/v2\/product_tag?post=557"}],"curies":[{"name":"wp","href":"https:\/\/api.w.org\/{rel}","templated":true}]}}