{"id":10,"date":"2026-03-04T07:00:05","date_gmt":"2026-03-04T07:00:05","guid":{"rendered":"https:\/\/jstvalve.com\/products\/"},"modified":"2026-04-02T06:15:33","modified_gmt":"2026-04-02T06:15:33","slug":"produtos","status":"publish","type":"page","link":"https:\/\/jstvalve.com\/pt\/products\/","title":{"rendered":"Produtos"},"content":{"rendered":"<div data-elementor-type=\"wp-page\" data-elementor-id=\"10\" class=\"elementor elementor-10\" data-elementor-post-type=\"page\">\n\t\t\t\t<div class=\"elementor-element elementor-element-3171cd0a e-flex e-con-boxed e-con e-parent\" data-id=\"3171cd0a\" data-element_type=\"container\" data-e-type=\"container\" data-settings=\"{&quot;background_background&quot;:&quot;classic&quot;,&quot;animation&quot;:&quot;none&quot;}\">\n\t\t\t\t\t<div class=\"e-con-inner\">\n\t\t<div class=\"elementor-element elementor-element-26425f01 e-con-full e-flex e-con e-child\" data-id=\"26425f01\" data-element_type=\"container\" data-e-type=\"container\">\n\t\t\t\t<div class=\"elementor-element elementor-element-471475f3 elementor-invisible elementor-widget elementor-widget-heading\" data-id=\"471475f3\" data-element_type=\"widget\" data-e-type=\"widget\" data-settings=\"{&quot;_animation&quot;:&quot;fadeInUp&quot;}\" data-widget_type=\"heading.default\">\n\t\t\t\t\t<h2 class=\"elementor-heading-title elementor-size-default\">Os nossos produtos<\/h2>\t\t\t\t<\/div>\n\t\t\t\t<\/div>\n\t\t<div class=\"elementor-element elementor-element-46c13979 e-con-full e-flex e-con e-child\" data-id=\"46c13979\" data-element_type=\"container\" data-e-type=\"container\">\n\t\t\t\t<\/div>\n\t\t\t\t\t<\/div>\n\t\t\t\t<\/div>\n\t\t<div class=\"elementor-element elementor-element-56c8a870 e-flex e-con-boxed e-con e-parent\" data-id=\"56c8a870\" data-element_type=\"container\" data-e-type=\"container\" data-settings=\"{&quot;background_background&quot;:&quot;classic&quot;}\">\n\t\t\t\t\t<div class=\"e-con-inner\">\n\t\t\t\t<div class=\"elementor-element elementor-element-9bfb3fc elementor-widget elementor-widget-breadcrumbs\" data-id=\"9bfb3fc\" data-element_type=\"widget\" data-e-type=\"widget\" data-widget_type=\"breadcrumbs.default\">\n\t\t\t\t<div class=\"elementor-widget-container\">\n\t\t\t\t\t<nav aria-label=\"p\u00e3o ralado\" class=\"rank-math-breadcrumb\"><p><span class=\"last\">In\u00edcio<\/span><\/p><\/nav>\t\t\t\t<\/div>\n\t\t\t\t<\/div>\n\t\t\t\t\t<\/div>\n\t\t\t\t<\/div>\n\t\t<div class=\"elementor-element elementor-element-18d3edf9 e-flex e-con-boxed elementor-invisible e-con e-parent\" data-id=\"18d3edf9\" data-element_type=\"container\" data-e-type=\"container\" data-settings=\"{&quot;animation&quot;:&quot;fadeInUp&quot;}\">\n\t\t\t\t\t<div class=\"e-con-inner\">\n\t\t\t\t<div class=\"elementor-element elementor-element-1557ae9b elementor-widget elementor-widget-heading\" data-id=\"1557ae9b\" data-element_type=\"widget\" data-e-type=\"widget\" data-widget_type=\"heading.default\">\n\t\t\t\t\t<h2 class=\"elementor-heading-title elementor-size-default\"><span style=\"color:#D90C18\">Produtos<\/span><br> Gama<\/h2>\t\t\t\t<\/div>\n\t\t<div class=\"elementor-element elementor-element-5fde28d7 e-grid e-con-full e-con e-child\" data-id=\"5fde28d7\" data-element_type=\"container\" data-e-type=\"container\">\n\t\t\t\t<div class=\"elementor-element elementor-element-4e1794e6 elementor-widget elementor-widget-image\" data-id=\"4e1794e6\" data-element_type=\"widget\" data-e-type=\"widget\" data-widget_type=\"image.default\">\n\t\t\t\t\t\t\t\t\t\t\t\t<figure class=\"wp-caption\">\n\t\t\t\t\t\t\t\t\t\t\t<a href=\"https:\/\/jstvalve.com\/pt\/categoria-produto\/ball-valve\/\">\n\t\t\t\t\t\t\t<img fetchpriority=\"high\" decoding=\"async\" width=\"600\" height=\"600\" src=\"https:\/\/jstvalve.com\/wp-content\/uploads\/2026\/03\/\u7403\u9600.jpg\" class=\"elementor-animation-float attachment-large size-large wp-image-408\" alt=\"\" srcset=\"https:\/\/jstvalve.com\/wp-content\/uploads\/2026\/03\/\u7403\u9600.jpg 600w, https:\/\/jstvalve.com\/wp-content\/uploads\/2026\/03\/\u7403\u9600-300x300.jpg 300w, https:\/\/jstvalve.com\/wp-content\/uploads\/2026\/03\/\u7403\u9600-150x150.jpg 150w, https:\/\/jstvalve.com\/wp-content\/uploads\/2026\/03\/\u7403\u9600-100x100.jpg 100w\" sizes=\"(max-width: 600px) 100vw, 600px\" \/>\t\t\t\t\t\t\t\t<\/a>\n\t\t\t\t\t\t\t\t\t\t\t<figcaption class=\"widget-image-caption wp-caption-text\">V\u00e1lvula de esfera<\/figcaption>\n\t\t\t\t\t\t\t\t\t\t<\/figure>\n\t\t\t\t\t\t\t\t\t<\/div>\n\t\t\t\t<div class=\"elementor-element elementor-element-662f020b elementor-widget elementor-widget-image\" data-id=\"662f020b\" data-element_type=\"widget\" data-e-type=\"widget\" data-widget_type=\"image.default\">\n\t\t\t\t\t\t\t\t\t\t\t\t<figure class=\"wp-caption\">\n\t\t\t\t\t\t\t\t\t\t\t<a href=\"https:\/\/jstvalve.com\/pt\/categoria-produto\/butterfly-valve\/\">\n\t\t\t\t\t\t\t<img decoding=\"async\" width=\"600\" height=\"600\" src=\"https:\/\/jstvalve.com\/wp-content\/uploads\/2026\/03\/\u8776\u9600.jpeg\" class=\"elementor-animation-float attachment-large size-large wp-image-403\" alt=\"\" srcset=\"https:\/\/jstvalve.com\/wp-content\/uploads\/2026\/03\/\u8776\u9600.jpeg 600w, https:\/\/jstvalve.com\/wp-content\/uploads\/2026\/03\/\u8776\u9600-300x300.jpeg 300w, https:\/\/jstvalve.com\/wp-content\/uploads\/2026\/03\/\u8776\u9600-150x150.jpeg 150w, https:\/\/jstvalve.com\/wp-content\/uploads\/2026\/03\/\u8776\u9600-100x100.jpeg 100w\" sizes=\"(max-width: 600px) 100vw, 600px\" \/>\t\t\t\t\t\t\t\t<\/a>\n\t\t\t\t\t\t\t\t\t\t\t<figcaption class=\"widget-image-caption wp-caption-text\">V\u00e1lvula de borboleta<\/figcaption>\n\t\t\t\t\t\t\t\t\t\t<\/figure>\n\t\t\t\t\t\t\t\t\t<\/div>\n\t\t\t\t<div class=\"elementor-element elementor-element-c308d3f elementor-widget elementor-widget-image\" data-id=\"c308d3f\" data-element_type=\"widget\" data-e-type=\"widget\" data-widget_type=\"image.default\">\n\t\t\t\t\t\t\t\t\t\t\t\t<figure class=\"wp-caption\">\n\t\t\t\t\t\t\t\t\t\t\t<a href=\"https:\/\/jstvalve.com\/pt\/categoria-produto\/gate-valve\/\">\n\t\t\t\t\t\t\t<img decoding=\"async\" width=\"600\" height=\"600\" src=\"https:\/\/jstvalve.com\/wp-content\/uploads\/2026\/03\/\u95f8\u9600.jpeg\" class=\"elementor-animation-float attachment-large size-large wp-image-411\" alt=\"\" srcset=\"https:\/\/jstvalve.com\/wp-content\/uploads\/2026\/03\/\u95f8\u9600.jpeg 600w, https:\/\/jstvalve.com\/wp-content\/uploads\/2026\/03\/\u95f8\u9600-300x300.jpeg 300w, https:\/\/jstvalve.com\/wp-content\/uploads\/2026\/03\/\u95f8\u9600-150x150.jpeg 150w, https:\/\/jstvalve.com\/wp-content\/uploads\/2026\/03\/\u95f8\u9600-100x100.jpeg 100w\" sizes=\"(max-width: 600px) 100vw, 600px\" \/>\t\t\t\t\t\t\t\t<\/a>\n\t\t\t\t\t\t\t\t\t\t\t<figcaption class=\"widget-image-caption wp-caption-text\">V\u00e1lvula de gaveta<\/figcaption>\n\t\t\t\t\t\t\t\t\t\t<\/figure>\n\t\t\t\t\t\t\t\t\t<\/div>\n\t\t\t\t<div class=\"elementor-element elementor-element-3d2ae769 elementor-widget elementor-widget-image\" data-id=\"3d2ae769\" data-element_type=\"widget\" data-e-type=\"widget\" data-widget_type=\"image.default\">\n\t\t\t\t\t\t\t\t\t\t\t\t<figure class=\"wp-caption\">\n\t\t\t\t\t\t\t\t\t\t\t<a href=\"https:\/\/jstvalve.com\/pt\/categoria-produto\/globe-valve\/\">\n\t\t\t\t\t\t\t<img loading=\"lazy\" decoding=\"async\" width=\"380\" height=\"380\" src=\"https:\/\/jstvalve.com\/wp-content\/uploads\/2026\/03\/\u622a\u6b62\u9600.jpeg\" class=\"elementor-animation-float attachment-large size-large wp-image-407\" alt=\"\" srcset=\"https:\/\/jstvalve.com\/wp-content\/uploads\/2026\/03\/\u622a\u6b62\u9600.jpeg 380w, https:\/\/jstvalve.com\/wp-content\/uploads\/2026\/03\/\u622a\u6b62\u9600-300x300.jpeg 300w, https:\/\/jstvalve.com\/wp-content\/uploads\/2026\/03\/\u622a\u6b62\u9600-150x150.jpeg 150w, https:\/\/jstvalve.com\/wp-content\/uploads\/2026\/03\/\u622a\u6b62\u9600-100x100.jpeg 100w\" sizes=\"(max-width: 380px) 100vw, 380px\" \/>\t\t\t\t\t\t\t\t<\/a>\n\t\t\t\t\t\t\t\t\t\t\t<figcaption class=\"widget-image-caption wp-caption-text\">V\u00e1lvula de globo<\/figcaption>\n\t\t\t\t\t\t\t\t\t\t<\/figure>\n\t\t\t\t\t\t\t\t\t<\/div>\n\t\t\t\t<div class=\"elementor-element elementor-element-1967c961 elementor-widget elementor-widget-image\" data-id=\"1967c961\" data-element_type=\"widget\" data-e-type=\"widget\" data-widget_type=\"image.default\">\n\t\t\t\t\t\t\t\t\t\t\t\t<figure class=\"wp-caption\">\n\t\t\t\t\t\t\t\t\t\t\t<a href=\"https:\/\/jstvalve.com\/pt\/categoria-produto\/check-valve\/\">\n\t\t\t\t\t\t\t<img loading=\"lazy\" decoding=\"async\" width=\"380\" height=\"380\" src=\"https:\/\/jstvalve.com\/wp-content\/uploads\/2026\/03\/\u6b62\u56de\u9600.jpeg\" class=\"elementor-animation-float attachment-large size-large wp-image-413\" alt=\"\" srcset=\"https:\/\/jstvalve.com\/wp-content\/uploads\/2026\/03\/\u6b62\u56de\u9600.jpeg 380w, https:\/\/jstvalve.com\/wp-content\/uploads\/2026\/03\/\u6b62\u56de\u9600-300x300.jpeg 300w, https:\/\/jstvalve.com\/wp-content\/uploads\/2026\/03\/\u6b62\u56de\u9600-150x150.jpeg 150w, https:\/\/jstvalve.com\/wp-content\/uploads\/2026\/03\/\u6b62\u56de\u9600-100x100.jpeg 100w\" sizes=\"(max-width: 380px) 100vw, 380px\" \/>\t\t\t\t\t\t\t\t<\/a>\n\t\t\t\t\t\t\t\t\t\t\t<figcaption class=\"widget-image-caption wp-caption-text\">V\u00e1lvula de reten\u00e7\u00e3o<\/figcaption>\n\t\t\t\t\t\t\t\t\t\t<\/figure>\n\t\t\t\t\t\t\t\t\t<\/div>\n\t\t\t\t<div class=\"elementor-element elementor-element-6604d32a elementor-widget elementor-widget-image\" data-id=\"6604d32a\" data-element_type=\"widget\" data-e-type=\"widget\" data-widget_type=\"image.default\">\n\t\t\t\t\t\t\t\t\t\t\t\t<figure class=\"wp-caption\">\n\t\t\t\t\t\t\t\t\t\t\t<a href=\"https:\/\/jstvalve.com\/pt\/categoria-produto\/plug-valve\/\">\n\t\t\t\t\t\t\t<img loading=\"lazy\" decoding=\"async\" width=\"380\" height=\"380\" src=\"https:\/\/jstvalve.com\/wp-content\/uploads\/2026\/03\/\u65cb\u585e\u9600.jpeg\" class=\"elementor-animation-float attachment-large size-large wp-image-410\" alt=\"\" srcset=\"https:\/\/jstvalve.com\/wp-content\/uploads\/2026\/03\/\u65cb\u585e\u9600.jpeg 380w, https:\/\/jstvalve.com\/wp-content\/uploads\/2026\/03\/\u65cb\u585e\u9600-300x300.jpeg 300w, https:\/\/jstvalve.com\/wp-content\/uploads\/2026\/03\/\u65cb\u585e\u9600-150x150.jpeg 150w, https:\/\/jstvalve.com\/wp-content\/uploads\/2026\/03\/\u65cb\u585e\u9600-100x100.jpeg 100w\" sizes=\"(max-width: 380px) 100vw, 380px\" \/>\t\t\t\t\t\t\t\t<\/a>\n\t\t\t\t\t\t\t\t\t\t\t<figcaption class=\"widget-image-caption wp-caption-text\">V\u00e1lvula de encaixe<\/figcaption>\n\t\t\t\t\t\t\t\t\t\t<\/figure>\n\t\t\t\t\t\t\t\t\t<\/div>\n\t\t\t\t<div class=\"elementor-element elementor-element-536dd1ad elementor-widget elementor-widget-image\" data-id=\"536dd1ad\" data-element_type=\"widget\" data-e-type=\"widget\" data-widget_type=\"image.default\">\n\t\t\t\t\t\t\t\t\t\t\t\t<figure class=\"wp-caption\">\n\t\t\t\t\t\t\t\t\t\t\t<a href=\"https:\/\/jstvalve.com\/pt\/categoria-produto\/filter\/\">\n\t\t\t\t\t\t\t<img loading=\"lazy\" decoding=\"async\" width=\"380\" height=\"380\" src=\"https:\/\/jstvalve.com\/wp-content\/uploads\/2026\/03\/\u8fc7\u6ee4\u5668.jpg\" class=\"elementor-animation-float attachment-large size-large wp-image-406\" alt=\"\" srcset=\"https:\/\/jstvalve.com\/wp-content\/uploads\/2026\/03\/\u8fc7\u6ee4\u5668.jpg 380w, https:\/\/jstvalve.com\/wp-content\/uploads\/2026\/03\/\u8fc7\u6ee4\u5668-300x300.jpg 300w, https:\/\/jstvalve.com\/wp-content\/uploads\/2026\/03\/\u8fc7\u6ee4\u5668-150x150.jpg 150w, https:\/\/jstvalve.com\/wp-content\/uploads\/2026\/03\/\u8fc7\u6ee4\u5668-100x100.jpg 100w\" sizes=\"(max-width: 380px) 100vw, 380px\" \/>\t\t\t\t\t\t\t\t<\/a>\n\t\t\t\t\t\t\t\t\t\t\t<figcaption class=\"widget-image-caption wp-caption-text\">Filtro<\/figcaption>\n\t\t\t\t\t\t\t\t\t\t<\/figure>\n\t\t\t\t\t\t\t\t\t<\/div>\n\t\t\t\t<div class=\"elementor-element elementor-element-679808dd elementor-widget elementor-widget-image\" data-id=\"679808dd\" data-element_type=\"widget\" data-e-type=\"widget\" data-widget_type=\"image.default\">\n\t\t\t\t\t\t\t\t\t\t\t\t<figure class=\"wp-caption\">\n\t\t\t\t\t\t\t\t\t\t\t<a href=\"https:\/\/jstvalve.com\/pt\/categoria-produto\/valvula-ht-hp\/\">\n\t\t\t\t\t\t\t<img loading=\"lazy\" decoding=\"async\" width=\"600\" height=\"600\" src=\"https:\/\/jstvalve.com\/wp-content\/uploads\/2026\/03\/\u9ad8\u6e29\u9ad8\u538b\u9600-\uff08V\u00e1lvulas de alta temperatura e alta press\u00e3o\uff09.png\" class=\"elementor-animation-float attachment-large size-large wp-image-405\" alt=\"\" srcset=\"\" sizes=\"(max-width: 600px) 100vw, 600px\" data-srcset=\"\" \/>\t\t\t\t\t\t\t\t<\/a>\n\t\t\t\t\t\t\t\t\t\t\t<figcaption class=\"widget-image-caption wp-caption-text\">V\u00e1lvula HTHP<\/figcaption>\n\t\t\t\t\t\t\t\t\t\t<\/figure>\n\t\t\t\t\t\t\t\t\t<\/div>\n\t\t\t\t<div class=\"elementor-element elementor-element-10eb182a elementor-widget elementor-widget-image\" data-id=\"10eb182a\" data-element_type=\"widget\" data-e-type=\"widget\" data-widget_type=\"image.default\">\n\t\t\t\t\t\t\t\t\t\t\t\t<figure class=\"wp-caption\">\n\t\t\t\t\t\t\t\t\t\t\t<a href=\"https:\/\/jstvalve.com\/pt\/categoria-produto\/discharge-valve\/\">\n\t\t\t\t\t\t\t<img loading=\"lazy\" decoding=\"async\" width=\"600\" height=\"600\" src=\"https:\/\/jstvalve.com\/wp-content\/uploads\/2026\/03\/\u653e\u6599\u9600.jpg\" class=\"elementor-animation-float attachment-large size-large wp-image-404\" alt=\"\" srcset=\"https:\/\/jstvalve.com\/wp-content\/uploads\/2026\/03\/\u653e\u6599\u9600.jpg 600w, https:\/\/jstvalve.com\/wp-content\/uploads\/2026\/03\/\u653e\u6599\u9600-300x300.jpg 300w, https:\/\/jstvalve.com\/wp-content\/uploads\/2026\/03\/\u653e\u6599\u9600-150x150.jpg 150w, https:\/\/jstvalve.com\/wp-content\/uploads\/2026\/03\/\u653e\u6599\u9600-100x100.jpg 100w\" sizes=\"(max-width: 600px) 100vw, 600px\" \/>\t\t\t\t\t\t\t\t<\/a>\n\t\t\t\t\t\t\t\t\t\t\t<figcaption class=\"widget-image-caption wp-caption-text\">V\u00e1lvula de descarga<\/figcaption>\n\t\t\t\t\t\t\t\t\t\t<\/figure>\n\t\t\t\t\t\t\t\t\t<\/div>\n\t\t\t\t<div class=\"elementor-element elementor-element-bd485d7 elementor-widget elementor-widget-image\" data-id=\"bd485d7\" data-element_type=\"widget\" data-e-type=\"widget\" data-widget_type=\"image.default\">\n\t\t\t\t\t\t\t\t\t\t\t\t<figure class=\"wp-caption\">\n\t\t\t\t\t\t\t\t\t\t\t<a href=\"https:\/\/jstvalve.com\/pt\/categoria-produto\/control-valve\/\">\n\t\t\t\t\t\t\t<img loading=\"lazy\" decoding=\"async\" width=\"380\" height=\"380\" src=\"https:\/\/jstvalve.com\/wp-content\/uploads\/2026\/03\/\u8c03\u8282\u9600.jpeg\" class=\"elementor-animation-float attachment-large size-large wp-image-402\" alt=\"\" srcset=\"https:\/\/jstvalve.com\/wp-content\/uploads\/2026\/03\/\u8c03\u8282\u9600.jpeg 380w, https:\/\/jstvalve.com\/wp-content\/uploads\/2026\/03\/\u8c03\u8282\u9600-300x300.jpeg 300w, https:\/\/jstvalve.com\/wp-content\/uploads\/2026\/03\/\u8c03\u8282\u9600-150x150.jpeg 150w, https:\/\/jstvalve.com\/wp-content\/uploads\/2026\/03\/\u8c03\u8282\u9600-100x100.jpeg 100w\" sizes=\"(max-width: 380px) 100vw, 380px\" \/>\t\t\t\t\t\t\t\t<\/a>\n\t\t\t\t\t\t\t\t\t\t\t<figcaption class=\"widget-image-caption wp-caption-text\">V\u00e1lvula de controlo<\/figcaption>\n\t\t\t\t\t\t\t\t\t\t<\/figure>\n\t\t\t\t\t\t\t\t\t<\/div>\n\t\t\t\t<div class=\"elementor-element elementor-element-2acbcad3 elementor-widget elementor-widget-image\" data-id=\"2acbcad3\" data-element_type=\"widget\" data-e-type=\"widget\" data-widget_type=\"image.default\">\n\t\t\t\t\t\t\t\t\t\t\t\t<figure class=\"wp-caption\">\n\t\t\t\t\t\t\t\t\t\t\t<a href=\"https:\/\/jstvalve.com\/pt\/categoria-produto\/micro-flow-control-valve\/\">\n\t\t\t\t\t\t\t<img loading=\"lazy\" decoding=\"async\" width=\"600\" height=\"600\" src=\"https:\/\/jstvalve.com\/wp-content\/uploads\/2026\/03\/\u5fae\u91cf\u8c03\u8282\u9600.jpg\" class=\"elementor-animation-float attachment-large size-large wp-image-409\" alt=\"\" srcset=\"https:\/\/jstvalve.com\/wp-content\/uploads\/2026\/03\/\u5fae\u91cf\u8c03\u8282\u9600.jpg 600w, https:\/\/jstvalve.com\/wp-content\/uploads\/2026\/03\/\u5fae\u91cf\u8c03\u8282\u9600-300x300.jpg 300w, https:\/\/jstvalve.com\/wp-content\/uploads\/2026\/03\/\u5fae\u91cf\u8c03\u8282\u9600-150x150.jpg 150w, https:\/\/jstvalve.com\/wp-content\/uploads\/2026\/03\/\u5fae\u91cf\u8c03\u8282\u9600-100x100.jpg 100w\" sizes=\"(max-width: 600px) 100vw, 600px\" \/>\t\t\t\t\t\t\t\t<\/a>\n\t\t\t\t\t\t\t\t\t\t\t<figcaption class=\"widget-image-caption wp-caption-text\">V\u00e1lvula de controlo de caudal micro<\/figcaption>\n\t\t\t\t\t\t\t\t\t\t<\/figure>\n\t\t\t\t\t\t\t\t\t<\/div>\n\t\t\t\t<div class=\"elementor-element elementor-element-6e26ac84 elementor-widget elementor-widget-image\" data-id=\"6e26ac84\" data-element_type=\"widget\" data-e-type=\"widget\" data-widget_type=\"image.default\">\n\t\t\t\t\t\t\t\t\t\t\t\t<figure class=\"wp-caption\">\n\t\t\t\t\t\t\t\t\t\t\t<a href=\"https:\/\/jstvalve.com\/pt\/categoria-produto\/needle-valve\/\">\n\t\t\t\t\t\t\t<img loading=\"lazy\" decoding=\"async\" width=\"1024\" height=\"1024\" src=\"https:\/\/jstvalve.com\/wp-content\/uploads\/2026\/03\/\u9488\u578b\u9600-1024x1024.png\" class=\"elementor-animation-float attachment-large size-large wp-image-412\" alt=\"\" srcset=\"https:\/\/jstvalve.com\/wp-content\/uploads\/2026\/03\/\u9488\u578b\u9600-1024x1024.png 1024w, https:\/\/jstvalve.com\/wp-content\/uploads\/2026\/03\/\u9488\u578b\u9600-300x300.png 300w, https:\/\/jstvalve.com\/wp-content\/uploads\/2026\/03\/\u9488\u578b\u9600-150x150.png 150w, https:\/\/jstvalve.com\/wp-content\/uploads\/2026\/03\/\u9488\u578b\u9600-768x768.png 768w, https:\/\/jstvalve.com\/wp-content\/uploads\/2026\/03\/\u9488\u578b\u9600-600x600.png 600w, https:\/\/jstvalve.com\/wp-content\/uploads\/2026\/03\/\u9488\u578b\u9600-100x100.png 100w, https:\/\/jstvalve.com\/wp-content\/uploads\/2026\/03\/\u9488\u578b\u9600.png 1280w\" sizes=\"(max-width: 1024px) 100vw, 1024px\" \/>\t\t\t\t\t\t\t\t<\/a>\n\t\t\t\t\t\t\t\t\t\t\t<figcaption class=\"widget-image-caption wp-caption-text\">V\u00e1lvula de agulha<\/figcaption>\n\t\t\t\t\t\t\t\t\t\t<\/figure>\n\t\t\t\t\t\t\t\t\t<\/div>\n\t\t\t\t<div class=\"elementor-element elementor-element-81d9ed7 elementor-widget elementor-widget-image\" data-id=\"81d9ed7\" data-element_type=\"widget\" data-e-type=\"widget\" data-widget_type=\"image.default\">\n\t\t\t\t\t\t\t\t\t\t\t\t<figure class=\"wp-caption\">\n\t\t\t\t\t\t\t\t\t\t\t<a href=\"https:\/\/jstvalve.com\/pt\/produto\/pipe-flange-types\/\">\n\t\t\t\t\t\t\t<img loading=\"lazy\" decoding=\"async\" width=\"248\" height=\"248\" src=\"https:\/\/jstvalve.com\/wp-content\/uploads\/2026\/03\/DM_20250821083317_024.jpeg\" class=\"elementor-animation-float attachment-large size-large wp-image-615\" alt=\"\" srcset=\"https:\/\/jstvalve.com\/wp-content\/uploads\/2026\/03\/DM_20250821083317_024.jpeg 248w, https:\/\/jstvalve.com\/wp-content\/uploads\/2026\/03\/DM_20250821083317_024-150x150.jpeg 150w, https:\/\/jstvalve.com\/wp-content\/uploads\/2026\/03\/DM_20250821083317_024-100x100.jpeg 100w\" sizes=\"(max-width: 248px) 100vw, 248px\" \/>\t\t\t\t\t\t\t\t<\/a>\n\t\t\t\t\t\t\t\t\t\t\t<figcaption class=\"widget-image-caption wp-caption-text\">Flange<\/figcaption>\n\t\t\t\t\t\t\t\t\t\t<\/figure>\n\t\t\t\t\t\t\t\t\t<\/div>\n\t\t\t\t<\/div>\n\t\t\t\t\t<\/div>\n\t\t\t\t<\/div>\n\t\t\t\t<\/div>","protected":false},"excerpt":{"rendered":"<p>Our Products Products Range Ball Valve Butterfly Valve Gate Valve Globe Valve Check Valve Plug Valve Filter HTHP Valve Discharge Valve Control Valve Micro Flow Control Valve Needle Valve Flange<\/p>","protected":false},"author":1,"featured_media":745,"parent":0,"menu_order":0,"comment_status":"closed","ping_status":"closed","template":"","meta":{"_kad_post_transparent":"default","_kad_post_title":"hide","_kad_post_layout":"fullwidth","_kad_post_sidebar_id":"","_kad_post_content_style":"unboxed","_kad_post_vertical_padding":"hide","_kad_post_feature":"hide","_kad_post_feature_position":"","_kad_post_header":false,"_kad_post_footer":false,"_kad_post_classname":"","footnotes":""},"class_list":["post-10","page","type-page","status-publish","has-post-thumbnail","hentry"],"_links":{"self":[{"href":"https:\/\/jstvalve.com\/pt\/wp-json\/wp\/v2\/pages\/10","targetHints":{"allow":["GET"]}}],"collection":[{"href":"https:\/\/jstvalve.com\/pt\/wp-json\/wp\/v2\/pages"}],"about":[{"href":"https:\/\/jstvalve.com\/pt\/wp-json\/wp\/v2\/types\/page"}],"author":[{"embeddable":true,"href":"https:\/\/jstvalve.com\/pt\/wp-json\/wp\/v2\/users\/1"}],"replies":[{"embeddable":true,"href":"https:\/\/jstvalve.com\/pt\/wp-json\/wp\/v2\/comments?post=10"}],"version-history":[{"count":13,"href":"https:\/\/jstvalve.com\/pt\/wp-json\/wp\/v2\/pages\/10\/revisions"}],"predecessor-version":[{"id":1100,"href":"https:\/\/jstvalve.com\/pt\/wp-json\/wp\/v2\/pages\/10\/revisions\/1100"}],"wp:featuredmedia":[{"embeddable":true,"href":"https:\/\/jstvalve.com\/pt\/wp-json\/wp\/v2\/media\/745"}],"wp:attachment":[{"href":"https:\/\/jstvalve.com\/pt\/wp-json\/wp\/v2\/media?parent=10"}],"curies":[{"name":"wp","href":"https:\/\/api.w.org\/{rel}","templated":true}]}}