{"id":728,"date":"2026-03-25T06:00:51","date_gmt":"2026-03-25T06:00:51","guid":{"rendered":"https:\/\/jstvalve.com\/?post_type=product&#038;p=728"},"modified":"2026-03-30T03:40:28","modified_gmt":"2026-03-30T03:40:28","slug":"valvulas-de-globo-de-acero-inoxidable-aplicaciones","status":"publish","type":"product","link":"https:\/\/jstvalve.com\/es\/product\/stainless-steel-globe-valves-applications\/","title":{"rendered":"V\u00e1lvulas de globo de acero inoxidable"},"content":{"rendered":"<hr \/>\n<h6>V\u00e1lvulas de globo de acero inoxidable Aplicaciones<\/h6>\n<p>Nuestra v\u00e1lvula de globo de acero inoxidable con bridas es adecuada para l\u00edquidos ligeramente agresivos y corrosivos; ideal para trabajos de aislamiento y medios como aire, gas, aceite y agua. V\u00e1lvula de globo con bridas, de accionamiento manual, con v\u00e1stago ascendente, cuerpo y bonete de acero inoxidable.<\/p>\n<p>Proporciona un cierre estanco con la capacidad de utilizarse parcialmente abierto para regular el caudal.<\/p>","protected":false},"excerpt":{"rendered":"<p>Las v\u00e1lvulas de globo de acero inoxidable est\u00e1n fabricadas con una aleaci\u00f3n de molibdeno y ofrecen una gran resistencia a la corrosi\u00f3n por picaduras. Las v\u00e1lvulas de globo deben su nombre a la forma esf\u00e9rica de su cuerpo. Cada una tiene un volante y un v\u00e1stago roscado que hace que un obturador en forma de disco situado en el interior de la v\u00e1lvula abra o cierre el paso de aire, fluido o gas. Estas v\u00e1lvulas se abren y cierran gradualmente para ajustar y regular el caudal.<\/p>\n<p>Las manillas de rueda se abren y cierran con m\u00faltiples giros, proporcionando un flujo m\u00e1s controlado y resistente a los golpes que las manillas de palanca.<\/p>","protected":false},"featured_media":749,"comment_status":"open","ping_status":"closed","template":"","meta":{"_kad_post_transparent":"default","_kad_post_title":"","_kad_post_layout":"default","_kad_post_sidebar_id":"","_kad_post_content_style":"default","_kad_post_vertical_padding":"default","_kad_post_feature":"","_kad_post_feature_position":"","_kad_post_header":false,"_kad_post_footer":false,"_kad_post_classname":""},"product_brand":[],"product_cat":[24],"product_tag":[],"class_list":{"0":"post-728","1":"product","2":"type-product","3":"status-publish","4":"has-post-thumbnail","6":"product_cat-globe-valve","8":"first","9":"instock","10":"shipping-taxable","11":"product-type-simple","12":"entry","13":"content-bg","14":"loop-entry"},"_links":{"self":[{"href":"https:\/\/jstvalve.com\/es\/wp-json\/wp\/v2\/product\/728","targetHints":{"allow":["GET"]}}],"collection":[{"href":"https:\/\/jstvalve.com\/es\/wp-json\/wp\/v2\/product"}],"about":[{"href":"https:\/\/jstvalve.com\/es\/wp-json\/wp\/v2\/types\/product"}],"replies":[{"embeddable":true,"href":"https:\/\/jstvalve.com\/es\/wp-json\/wp\/v2\/comments?post=728"}],"wp:featuredmedia":[{"embeddable":true,"href":"https:\/\/jstvalve.com\/es\/wp-json\/wp\/v2\/media\/749"}],"wp:attachment":[{"href":"https:\/\/jstvalve.com\/es\/wp-json\/wp\/v2\/media?parent=728"}],"wp:term":[{"taxonomy":"product_brand","embeddable":true,"href":"https:\/\/jstvalve.com\/es\/wp-json\/wp\/v2\/product_brand?post=728"},{"taxonomy":"product_cat","embeddable":true,"href":"https:\/\/jstvalve.com\/es\/wp-json\/wp\/v2\/product_cat?post=728"},{"taxonomy":"product_tag","embeddable":true,"href":"https:\/\/jstvalve.com\/es\/wp-json\/wp\/v2\/product_tag?post=728"}],"curies":[{"name":"wp","href":"https:\/\/api.w.org\/{rel}","templated":true}]}}