{"id":725,"date":"2026-03-25T06:00:51","date_gmt":"2026-03-25T06:00:51","guid":{"rendered":"https:\/\/jstvalve.com\/?post_type=product&#038;p=725"},"modified":"2026-03-30T03:35:55","modified_gmt":"2026-03-30T03:35:55","slug":"valvula-de-bola-de-acero-inoxidable-super-austenitico","status":"publish","type":"product","link":"https:\/\/jstvalve.com\/es\/product\/super-austenitic-stainless-steel-ball-valve\/","title":{"rendered":"V\u00e1lvulas de bola s\u00faper austen\u00edticas"},"content":{"rendered":"<hr \/>\n<h6>Caracter\u00edsticas de las v\u00e1lvulas de bola super austen\u00edticas<\/h6>\n<p>Las v\u00e1lvulas de bola s\u00faper austen\u00edticas se combinan con 904L, 254SMO, AL-6XN, aleaci\u00f3n 20, etc.<\/p>\n<ul class=\"list-paddingleft-2\">\n<li>El acero inoxidable super austen\u00edtico 904L (N08904,14539) contiene 14,0-18,0% de cromo, 24,0-26,0% de n\u00edquel y 4,5% de molibdeno. El acero inoxidable super austen\u00edtico 904L es un acero inoxidable austen\u00edtico de bajo contenido en carbono, alto contenido en n\u00edquel y molibdeno, que es un material patentado importado de Francia H-S. Tiene una buena capacidad de conversi\u00f3n de activaci\u00f3n-pasivaci\u00f3n y una excelente resistencia a la corrosi\u00f3n en \u00e1cidos no oxidantes como el \u00e1cido sulf\u00farico, el \u00e1cido ac\u00e9tico, el \u00e1cido f\u00f3rmico y el \u00e1cido fosf\u00f3rico. Tiene buena capacidad de transformaci\u00f3n activaci\u00f3n-pasivaci\u00f3n, excelente resistencia a la corrosi\u00f3n, buena resistencia a la corrosi\u00f3n en \u00e1cidos no oxidantes como el \u00e1cido sulf\u00farico, el \u00e1cido ac\u00e9tico, el \u00e1cido f\u00f3rmico y el \u00e1cido fosf\u00f3rico, buena resistencia a la corrosi\u00f3n por picaduras en medios neutros que contienen iones cloruro, y buena resistencia a la corrosi\u00f3n por hendiduras y a la corrosi\u00f3n bajo tensi\u00f3n.<\/li>\n<li>254SMO (UNS S31254) es un acero inoxidable austen\u00edtico de alta resistencia a la corrosi\u00f3n con un dise\u00f1o de aleaci\u00f3n de alto contenido en n\u00edquel, cromo y molibdeno, y proporciona una excelente resistencia a la corrosi\u00f3n en entornos de corrosi\u00f3n severa como el agua de mar a alta temperatura.<\/li>\n<li>El AL-6XN es un acero inoxidable s\u00faper austen\u00edtico t\u00edpico de 6 molibdeno (alto contenido de molibdeno 6,3%). La resistencia a las picaduras de cloruro, la corrosi\u00f3n por intersticios y la corrosi\u00f3n bajo tensi\u00f3n es mejor que la de los aceros inoxidables de la serie 3 y es menos costosa que la de las aleaciones resistentes a la corrosi\u00f3n a base de n\u00edquel. Buena resistencia a la corrosi\u00f3n en entornos corrosivos severos, adecuado para soluciones acuosas con alto contenido en cloruros y entornos de corrosi\u00f3n por cloruros. Para uso en diversos entornos con alto contenido en cloruros: lej\u00eda (hipoclorito s\u00f3dico, di\u00f3xido de cloro), hal\u00f3genos y productos qu\u00edmicos con alto contenido en sal o agua de mar.<\/li>\n<li>La aleaci\u00f3n 20 es un acero inoxidable extremadamente resistente a la corrosi\u00f3n por \u00e1cido sulf\u00farico.<\/li>\n<li>Este tipo de v\u00e1lvula industrial puede utilizarse en una amplia gama de entornos de \u00e1cido sulf\u00farico, incluidos entornos de alta concentraci\u00f3n y alta temperatura. Posee una excelente resistencia a la corrosi\u00f3n intergranular y al agrietamiento por corrosi\u00f3n bajo tensi\u00f3n.<\/li>\n<\/ul>\n<hr \/>\n<h6>Aplicaci\u00f3n de las v\u00e1lvulas de bola s\u00faper austen\u00edticas<\/h6>\n<ul class=\"list-paddingleft-2\">\n<li>Esta v\u00e1lvula de bola manual puede utilizarse para pulpa y papel<\/li>\n<li>La v\u00e1lvula manual puede utilizarse para el tratamiento de aguas residuales<\/li>\n<li>Qu\u00edmica<\/li>\n<\/ul>","protected":false},"excerpt":{"rendered":"<p>Las v\u00e1lvulas de bola super austen\u00edticas presentan una gran resistencia a la corrosi\u00f3n por picaduras de cloruro y a la corrosi\u00f3n por intersticios debido al alto contenido de molibdeno (&gt;6%) y a las adiciones de nitr\u00f3geno. Estos aceros se aproximan al rendimiento de las aleaciones de base n\u00edquel altamente resistentes a la corrosi\u00f3n a un coste significativamente inferior.<\/p>","protected":false},"featured_media":744,"comment_status":"open","ping_status":"closed","template":"","meta":{"_kad_post_transparent":"default","_kad_post_title":"","_kad_post_layout":"default","_kad_post_sidebar_id":"","_kad_post_content_style":"default","_kad_post_vertical_padding":"default","_kad_post_feature":"","_kad_post_feature_position":"","_kad_post_header":false,"_kad_post_footer":false,"_kad_post_classname":""},"product_brand":[],"product_cat":[25],"product_tag":[],"class_list":{"0":"post-725","1":"product","2":"type-product","3":"status-publish","4":"has-post-thumbnail","6":"product_cat-ball-valve","8":"first","9":"instock","10":"shipping-taxable","11":"product-type-simple","12":"entry","13":"content-bg","14":"loop-entry"},"_links":{"self":[{"href":"https:\/\/jstvalve.com\/es\/wp-json\/wp\/v2\/product\/725","targetHints":{"allow":["GET"]}}],"collection":[{"href":"https:\/\/jstvalve.com\/es\/wp-json\/wp\/v2\/product"}],"about":[{"href":"https:\/\/jstvalve.com\/es\/wp-json\/wp\/v2\/types\/product"}],"replies":[{"embeddable":true,"href":"https:\/\/jstvalve.com\/es\/wp-json\/wp\/v2\/comments?post=725"}],"wp:featuredmedia":[{"embeddable":true,"href":"https:\/\/jstvalve.com\/es\/wp-json\/wp\/v2\/media\/744"}],"wp:attachment":[{"href":"https:\/\/jstvalve.com\/es\/wp-json\/wp\/v2\/media?parent=725"}],"wp:term":[{"taxonomy":"product_brand","embeddable":true,"href":"https:\/\/jstvalve.com\/es\/wp-json\/wp\/v2\/product_brand?post=725"},{"taxonomy":"product_cat","embeddable":true,"href":"https:\/\/jstvalve.com\/es\/wp-json\/wp\/v2\/product_cat?post=725"},{"taxonomy":"product_tag","embeddable":true,"href":"https:\/\/jstvalve.com\/es\/wp-json\/wp\/v2\/product_tag?post=725"}],"curies":[{"name":"wp","href":"https:\/\/api.w.org\/{rel}","templated":true}]}}