{"id":722,"date":"2026-03-25T06:00:51","date_gmt":"2026-03-25T06:00:51","guid":{"rendered":"https:\/\/jstvalve.com\/?post_type=product&#038;p=722"},"modified":"2026-03-30T03:04:02","modified_gmt":"2026-03-30T03:04:02","slug":"valvulas-de-globo-super-austeniticas","status":"publish","type":"product","link":"https:\/\/jstvalve.com\/es\/product\/super-austenitic-globe-valves\/","title":{"rendered":"V\u00e1lvulas de globo s\u00faper austen\u00edticas"},"content":{"rendered":"<hr \/>\n<h6>Materiales de las v\u00e1lvulas de globo s\u00faper austen\u00edticas<\/h6>\n<div class=\"overflow-x\">\n<table style=\"border-collapse: collapse; text-align: center;\" border=\"1\" cellspacing=\"0\">\n<tbody>\n<tr class=\"firstRow\" style=\"background-color: #d9eaf7; font-weight: bold;\">\n<td valign=\"center\">Nombre<\/td>\n<td valign=\"center\">Grados de fundici\u00f3n<\/td>\n<td valign=\"center\">Grados de forja<\/td>\n<td valign=\"center\">Bares Grados<\/td>\n<\/tr>\n<tr>\n<td>904L<\/td>\n<td>904L<\/td>\n<td>A182 F904L<\/td>\n<td>B649 N08904<\/td>\n<\/tr>\n<tr>\n<td>254SMO<\/td>\n<td>A351 CK3MCuN<\/td>\n<td>A182 F44<\/td>\n<td>A276 S31254<\/td>\n<\/tr>\n<tr>\n<td>AL-6XN<\/td>\n<td>A351 CN3MN<\/td>\n<td>B462 N08367<\/td>\n<td>B688 N08367<\/td>\n<\/tr>\n<tr>\n<td>ALEACI\u00d3N 20<\/td>\n<td>A351 CN7M<\/td>\n<td>B462 N08020<\/td>\n<td>B473 N08020<\/td>\n<\/tr>\n<\/tbody>\n<\/table>\n<p>&gt;<\/p>\n<\/div>\n<hr \/>\n<h6>Otro tipo de v\u00e1lvulas de globo s\u00faper austen\u00edticas<\/h6>\n<p>Otro acero inoxidable s\u00faper austen\u00edtico popular es el UNS N08904 (904L), que tiene un contenido de Mo de 5%. Se utiliza en diversos componentes de v\u00e1lvulas para entornos de \u00e1cidos inorg\u00e1nicos, normalmente en plantas de fertilizantes con condiciones sulf\u00faricas y fosf\u00f3ricas.  Tambi\u00e9n se encuentra en las industrias de fabricaci\u00f3n de pasta y papel, farmac\u00e9utica y energ\u00e9tica. El material se utiliza principalmente para componentes de guarnici\u00f3n, pero tambi\u00e9n se est\u00e1n utilizando nuevos grados especializados con mayor resistencia para componentes de v\u00e1lvulas que contienen presi\u00f3n. A veces, las v\u00e1lvulas de globo de 904L pueden utilizarse para servicio de ox\u00edgeno.<\/p>","protected":false},"excerpt":{"rendered":"<p>Los aceros inoxidables s\u00faper austen\u00edticos m\u00e1s utilizados en la industria de las v\u00e1lvulas son el UNS S31254 (254SMO y AL6XN). Se utilizan principalmente para obtener una mayor resistencia y una mayor resistencia a las picaduras de cloruro por corrosi\u00f3n en grietas en comparaci\u00f3n con el acero inoxidable 316. Esta mayor resistencia a la corrosi\u00f3n se debe a un mayor contenido de Ni y Mo. Esta mayor resistencia a la corrosi\u00f3n se debe al mayor contenido de Ni y Mo, y el nitr\u00f3geno refuerza el material. Los servicios de desalinizaci\u00f3n, procesamiento de alimentos, procesamiento qu\u00edmico e incluso agua de mar utilizan los aceros inoxidables s\u00faper austen\u00edticos como una selecci\u00f3n econ\u00f3mica en los casos en los que se necesita una alta resistencia y una buena resistencia a la corrosi\u00f3n.<\/p>","protected":false},"featured_media":737,"comment_status":"open","ping_status":"closed","template":"","meta":{"_kad_post_transparent":"default","_kad_post_title":"","_kad_post_layout":"default","_kad_post_sidebar_id":"","_kad_post_content_style":"default","_kad_post_vertical_padding":"default","_kad_post_feature":"","_kad_post_feature_position":"","_kad_post_header":false,"_kad_post_footer":false,"_kad_post_classname":""},"product_brand":[],"product_cat":[24],"product_tag":[],"class_list":{"0":"post-722","1":"product","2":"type-product","3":"status-publish","4":"has-post-thumbnail","6":"product_cat-globe-valve","8":"first","9":"instock","10":"shipping-taxable","11":"product-type-simple","12":"entry","13":"content-bg","14":"loop-entry"},"_links":{"self":[{"href":"https:\/\/jstvalve.com\/es\/wp-json\/wp\/v2\/product\/722","targetHints":{"allow":["GET"]}}],"collection":[{"href":"https:\/\/jstvalve.com\/es\/wp-json\/wp\/v2\/product"}],"about":[{"href":"https:\/\/jstvalve.com\/es\/wp-json\/wp\/v2\/types\/product"}],"replies":[{"embeddable":true,"href":"https:\/\/jstvalve.com\/es\/wp-json\/wp\/v2\/comments?post=722"}],"wp:featuredmedia":[{"embeddable":true,"href":"https:\/\/jstvalve.com\/es\/wp-json\/wp\/v2\/media\/737"}],"wp:attachment":[{"href":"https:\/\/jstvalve.com\/es\/wp-json\/wp\/v2\/media?parent=722"}],"wp:term":[{"taxonomy":"product_brand","embeddable":true,"href":"https:\/\/jstvalve.com\/es\/wp-json\/wp\/v2\/product_brand?post=722"},{"taxonomy":"product_cat","embeddable":true,"href":"https:\/\/jstvalve.com\/es\/wp-json\/wp\/v2\/product_cat?post=722"},{"taxonomy":"product_tag","embeddable":true,"href":"https:\/\/jstvalve.com\/es\/wp-json\/wp\/v2\/product_tag?post=722"}],"curies":[{"name":"wp","href":"https:\/\/api.w.org\/{rel}","templated":true}]}}