{"id":720,"date":"2026-03-25T06:00:51","date_gmt":"2026-03-25T06:00:51","guid":{"rendered":"https:\/\/jstvalve.com\/?post_type=product&#038;p=720"},"modified":"2026-03-30T03:00:17","modified_gmt":"2026-03-30T03:00:17","slug":"valvulas-de-descarga-super-austeniticas","status":"publish","type":"product","link":"https:\/\/jstvalve.com\/es\/product\/super-austenitic-discharge-valves\/","title":{"rendered":"V\u00e1lvulas de descarga s\u00faper austen\u00edticas"},"content":{"rendered":"<hr \/>\n<h6>Caracter\u00edsticas de las v\u00e1lvulas de descarga s\u00faper austen\u00edticas<\/h6>\n<p>El acero inoxidable super austen\u00edtico 904L es un acero inoxidable austen\u00edtico con bajo contenido en carbono, alto contenido en n\u00edquel y molibdeno, que es un material patentado importado de Francia H-S.<\/p>\n<p>254SMO (UNS S31254) es un acero inoxidable austen\u00edtico de alta resistencia a la corrosi\u00f3n con un dise\u00f1o de aleaci\u00f3n de alto contenido en n\u00edquel, cromo y molibdeno, y proporciona una excelente resistencia a la corrosi\u00f3n en entornos de corrosi\u00f3n severa como el agua de mar a alta temperatura.<\/p>\n<p>El AL-6XN es un acero inoxidable s\u00faper austen\u00edtico t\u00edpico de 6 molibdeno (alto contenido de molibdeno 6,3%).<\/p>\n<p>La aleaci\u00f3n 20 es un acero inoxidable extremadamente resistente a la corrosi\u00f3n por \u00e1cido sulf\u00farico.<\/p>\n<hr \/>\n<h6>V\u00e1lvulas de descarga de tipo super austen\u00edtico<\/h6>\n<p><strong>V\u00e1lvulas de descarga hacia arriba<\/strong><\/p>\n<p><strong>Caracter\u00edsticas de dise\u00f1o<\/strong><\/p>\n<ol class=\"list-paddingleft-2\">\n<li>La junta se coloca en la ranura c\u00f3ncava del cuerpo de la v\u00e1lvula, la junta puede mantener la elasticidad durante mucho tiempo y el sellado es fiable.<\/li>\n<li>Dise\u00f1o de n\u00facleo de v\u00e1lvula de forja integral, con mayor resistencia.<\/li>\n<li>Ampliar el tama\u00f1o del v\u00e1stago y la varilla de conexi\u00f3n hizo que las v\u00e1lvulas fueran m\u00e1s estables y firmes.<\/li>\n<li>Los cuerpos de v\u00e1lvula de estructura de tambor de cintura tienen una buena l\u00ednea aerodin\u00e1mica, puede aumentar la capacidad de flujo y reducir la deposici\u00f3n de medio.<\/li>\n<li>El dise\u00f1o de la empaquetadura con resorte proporciona un sellado m\u00e1s fiable y realiza el ajuste en l\u00ednea del sellado de la empaquetadura.<\/li>\n<li>El n\u00facleo de la v\u00e1lvula tiene un dispositivo de gu\u00eda para proteger el v\u00e1stago de la desviaci\u00f3n<\/li>\n<\/ol>\n<p><strong>Piezas y material<\/strong><\/p>\n<div class=\"overflow-x\">\n<table border=\"1\" cellspacing=\"0\" cellpadding=\"6\">\n<tbody>\n<tr class=\"firstRow\" bgcolor=\"#E6F2FF\">\n<td><b>No.<\/b><\/td>\n<td><b>Nombre de la pieza<\/b><\/td>\n<td><b>Material<\/b><\/td>\n<\/tr>\n<tr>\n<td>1<\/td>\n<td>Disco<\/td>\n<td>Aleaci\u00f3n s\u00faper austen\u00edtica<\/td>\n<\/tr>\n<tr>\n<td>2<\/td>\n<td>Cap\u00f3 de disco<\/td>\n<td>Aleaci\u00f3n s\u00faper austen\u00edtica<\/td>\n<\/tr>\n<tr>\n<td>3<\/td>\n<td>Asiento<\/td>\n<td>Aleaci\u00f3n s\u00faper austen\u00edtica<\/td>\n<\/tr>\n<tr>\n<td>4<\/td>\n<td>Junta<\/td>\n<td>Aleaci\u00f3n s\u00faper austen\u00edtica + grafito<\/td>\n<\/tr>\n<tr>\n<td>5<\/td>\n<td>Cuerpo<\/td>\n<td>Aleaci\u00f3n s\u00faper austen\u00edtica<\/td>\n<\/tr>\n<tr>\n<td>6<\/td>\n<td>V\u00e1stago<\/td>\n<td>Aleaci\u00f3n s\u00faper austen\u00edtica<\/td>\n<\/tr>\n<tr>\n<td>7<\/td>\n<td>Embalaje<\/td>\n<td>Grafito<\/td>\n<\/tr>\n<tr>\n<td>8<\/td>\n<td>Casquillo prensaestopas<\/td>\n<td>Aleaci\u00f3n s\u00faper austen\u00edtica<\/td>\n<\/tr>\n<tr>\n<td>9<\/td>\n<td>Stud<\/td>\n<td>304<\/td>\n<\/tr>\n<tr>\n<td>10<\/td>\n<td>Tuerca hexagonal<\/td>\n<td>304<\/td>\n<\/tr>\n<tr>\n<td>11<\/td>\n<td>Atrezzo<\/td>\n<td>304<\/td>\n<\/tr>\n<tr>\n<td>12<\/td>\n<td>Placa gu\u00eda<\/td>\n<td>304<\/td>\n<\/tr>\n<tr>\n<td>13<\/td>\n<td>Tornillo<\/td>\n<td>304<\/td>\n<\/tr>\n<tr>\n<td>14<\/td>\n<td>Tuerca del v\u00e1stago<\/td>\n<td>DAL9-4<\/td>\n<\/tr>\n<tr>\n<td>15<\/td>\n<td>Asiento de apoyo<\/td>\n<td>304<\/td>\n<\/tr>\n<\/tbody>\n<\/table>\n<p>&gt;<\/p>\n<\/div>\n<p><img decoding=\"async\" title=\"V\u00e1lvulas de descarga s\u00faper austen\u00edticas\" src=\"https:\/\/www.wsv-valve.com\/uploads\/image\/20210428\/super-austenitic-discharge-valves.jpg\" alt=\"V\u00e1lvulas de descarga s\u00faper austen\u00edticas\" \/><\/p>","protected":false},"excerpt":{"rendered":"<p>El acero inoxidable con alto contenido en n\u00edquel, molibdeno, cobre y nitr\u00f3geno, y la microestructura del metal matriz es t\u00edpica de la austenita 100% se denomina acero inoxidable s\u00faper austen\u00edtico.<\/p>\n<p>Debido a que el acero inoxidable super austen\u00edtico tiene un alto contenido de n\u00edquel y molibdeno y contiene cobre y nitr\u00f3geno, es f\u00e1cil de fundir. F\u00e1cil de doblar, agrietamiento, y as\u00ed sucesivamente, por lo que el acero inoxidable s\u00faper austen\u00edtico es el requisito de proceso de producci\u00f3n de acero inoxidable de la m\u00e1s alta, la variedad m\u00e1s dif\u00edcil, es la encarnaci\u00f3n concentrada de la tecnolog\u00eda del acero.<\/p>","protected":false},"featured_media":734,"comment_status":"open","ping_status":"closed","template":"","meta":{"_kad_post_transparent":"default","_kad_post_title":"","_kad_post_layout":"default","_kad_post_sidebar_id":"","_kad_post_content_style":"default","_kad_post_vertical_padding":"default","_kad_post_feature":"","_kad_post_feature_position":"","_kad_post_header":false,"_kad_post_footer":false,"_kad_post_classname":""},"product_brand":[],"product_cat":[31],"product_tag":[],"class_list":{"0":"post-720","1":"product","2":"type-product","3":"status-publish","4":"has-post-thumbnail","6":"product_cat-discharge-valve","8":"first","9":"instock","10":"shipping-taxable","11":"product-type-simple","12":"entry","13":"content-bg","14":"loop-entry"},"_links":{"self":[{"href":"https:\/\/jstvalve.com\/es\/wp-json\/wp\/v2\/product\/720","targetHints":{"allow":["GET"]}}],"collection":[{"href":"https:\/\/jstvalve.com\/es\/wp-json\/wp\/v2\/product"}],"about":[{"href":"https:\/\/jstvalve.com\/es\/wp-json\/wp\/v2\/types\/product"}],"replies":[{"embeddable":true,"href":"https:\/\/jstvalve.com\/es\/wp-json\/wp\/v2\/comments?post=720"}],"wp:featuredmedia":[{"embeddable":true,"href":"https:\/\/jstvalve.com\/es\/wp-json\/wp\/v2\/media\/734"}],"wp:attachment":[{"href":"https:\/\/jstvalve.com\/es\/wp-json\/wp\/v2\/media?parent=720"}],"wp:term":[{"taxonomy":"product_brand","embeddable":true,"href":"https:\/\/jstvalve.com\/es\/wp-json\/wp\/v2\/product_brand?post=720"},{"taxonomy":"product_cat","embeddable":true,"href":"https:\/\/jstvalve.com\/es\/wp-json\/wp\/v2\/product_cat?post=720"},{"taxonomy":"product_tag","embeddable":true,"href":"https:\/\/jstvalve.com\/es\/wp-json\/wp\/v2\/product_tag?post=720"}],"curies":[{"name":"wp","href":"https:\/\/api.w.org\/{rel}","templated":true}]}}