{"id":672,"date":"2026-03-25T06:00:40","date_gmt":"2026-03-25T06:00:40","guid":{"rendered":"https:\/\/jstvalve.com\/?post_type=product&#038;p=672"},"modified":"2026-03-30T05:57:35","modified_gmt":"2026-03-30T05:57:35","slug":"valvulas-de-globo-nab-c95800","status":"publish","type":"product","link":"https:\/\/jstvalve.com\/es\/product\/nab-c95800-globe-valves\/","title":{"rendered":"V\u00e1lvulas de globo NAB C95800"},"content":{"rendered":"<hr \/>\n<h6>El hecho de que las v\u00e1lvulas de globo NAB C95800<\/h6>\n<ul class=\"list-paddingleft-2\">\n<li>\u00a0rentable (m\u00e1s barata que las alternativas ex\u00f3ticas);<\/li>\n<li>\u00a0duraderas (comparables en rendimiento frente a la corrosi\u00f3n general, las picaduras y la cavitaci\u00f3n a las aleaciones superd\u00faplex y significativamente mejores que las aleaciones est\u00e1ndar), y<\/li>\n<li>\u00a0un buen material para v\u00e1lvulas (no se hiela, tiene excelentes propiedades antiincrustantes y es un buen conductor t\u00e9rmico), lo que lo convierte en una excelente elecci\u00f3n para v\u00e1lvulas en servicio de agua de mar.<\/li>\n<\/ul>\n<hr \/>\n<h6>V\u00e1lvula de globo NAB C95800 Material de construcci\u00f3n<\/h6>\n<p>Cuerpo, bonete, disco Fundici\u00f3n Ni-Alu bronce ASTM B148-C95800<\/p>\n<p>V\u00e1stago, anillo del asiento trasero Alu-Bronce ASTM B150-C63200 o Monel 400<\/p>\n<p>Juntas y empaquetaduras Grafito o PTFE<\/p>\n<p>Torniller\u00eda, Fijaciones Acero inoxidable A194-8M &amp; A193-B8M<\/p>\n<p>Volante fundici\u00f3n A536+pl\u00e1stico anticorrosivo<\/p>","protected":false},"excerpt":{"rendered":"<p>Las v\u00e1lvulas de aluminio-bronce son un sustituto adecuado y mucho m\u00e1s barato del d\u00faplex, el superd\u00faplex y el monel para muchas aplicaciones de agua de mar, especialmente en aplicaciones de baja presi\u00f3n. Su principal inconveniente es su escasa tolerancia al calor. El aluminio-bronce tambi\u00e9n se denomina bronce n\u00edquel-aluminio y se abrevia NAB.<\/p>\n<p>C95800 ofrece una resistencia superior a la corrosi\u00f3n en agua salada. Tambi\u00e9n es resistente a la cavitaci\u00f3n y la erosi\u00f3n. Junto con la ventaja de la estanqueidad a la presi\u00f3n, esta aleaci\u00f3n de alta resistencia es excelente para la soldadura y est\u00e1 disponible en muchas formas a un coste menor para usted. As\u00ed pues, las v\u00e1lvulas de globo NAB C95800 se utilizan normalmente en la construcci\u00f3n naval con aplicaciones de agua de mar o agua contra incendios.<\/p>","protected":false},"featured_media":717,"comment_status":"open","ping_status":"closed","template":"","meta":{"_kad_post_transparent":"default","_kad_post_title":"","_kad_post_layout":"default","_kad_post_sidebar_id":"","_kad_post_content_style":"default","_kad_post_vertical_padding":"default","_kad_post_feature":"","_kad_post_feature_position":"","_kad_post_header":false,"_kad_post_footer":false,"_kad_post_classname":""},"product_brand":[],"product_cat":[24],"product_tag":[],"class_list":{"0":"post-672","1":"product","2":"type-product","3":"status-publish","4":"has-post-thumbnail","6":"product_cat-globe-valve","8":"first","9":"instock","10":"shipping-taxable","11":"product-type-simple","12":"entry","13":"content-bg","14":"loop-entry"},"_links":{"self":[{"href":"https:\/\/jstvalve.com\/es\/wp-json\/wp\/v2\/product\/672","targetHints":{"allow":["GET"]}}],"collection":[{"href":"https:\/\/jstvalve.com\/es\/wp-json\/wp\/v2\/product"}],"about":[{"href":"https:\/\/jstvalve.com\/es\/wp-json\/wp\/v2\/types\/product"}],"replies":[{"embeddable":true,"href":"https:\/\/jstvalve.com\/es\/wp-json\/wp\/v2\/comments?post=672"}],"wp:featuredmedia":[{"embeddable":true,"href":"https:\/\/jstvalve.com\/es\/wp-json\/wp\/v2\/media\/717"}],"wp:attachment":[{"href":"https:\/\/jstvalve.com\/es\/wp-json\/wp\/v2\/media?parent=672"}],"wp:term":[{"taxonomy":"product_brand","embeddable":true,"href":"https:\/\/jstvalve.com\/es\/wp-json\/wp\/v2\/product_brand?post=672"},{"taxonomy":"product_cat","embeddable":true,"href":"https:\/\/jstvalve.com\/es\/wp-json\/wp\/v2\/product_cat?post=672"},{"taxonomy":"product_tag","embeddable":true,"href":"https:\/\/jstvalve.com\/es\/wp-json\/wp\/v2\/product_tag?post=672"}],"curies":[{"name":"wp","href":"https:\/\/api.w.org\/{rel}","templated":true}]}}