{"id":663,"date":"2026-03-25T06:00:39","date_gmt":"2026-03-25T06:00:39","guid":{"rendered":"https:\/\/jstvalve.com\/?post_type=product&#038;p=663"},"modified":"2026-04-01T06:42:35","modified_gmt":"2026-04-01T06:42:35","slug":"valvulas-de-globo-de-circonio","status":"publish","type":"product","link":"https:\/\/jstvalve.com\/es\/product\/zirconium-globe-valves\/","title":{"rendered":"V\u00e1lvulas de globo de circonio"},"content":{"rendered":"<hr \/>\n<h6>Tabla de especificaciones de las v\u00e1lvulas de globo de circonio<\/h6>\n<ul class=\"list-paddingleft-2\">\n<li>Dise\u00f1o\/Est\u00e1ndar: ASTM, BS1873<\/li>\n<li>Especificaci\u00f3n: ASTM B752, 702C y 705C<\/li>\n<li>Tama\u00f1o: 1\/2\u2033~16\u2033.<\/li>\n<li>Calidades: UNS R60702 (aleaci\u00f3n de hafnio) y UNS R60705 (aleaci\u00f3n de niobio)<\/li>\n<\/ul>\n<hr \/>\n<h6>Aplicaci\u00f3n de las v\u00e1lvulas de globo de circonio<\/h6>\n<p>En la actualidad, las v\u00e1lvulas de la serie de circonio desarrolladas por nuestra empresa se utilizan ampliamente en la industria cloroalcalina, la industria de ceniza de sosa, la industria farmac\u00e9utica, la industria de fertilizantes qu\u00edmicos, la industria de qu\u00edmica fina, la industria de s\u00edntesis de fibras textiles y la industria de blanqueo y te\u00f1ido, la producci\u00f3n de \u00e1cidos org\u00e1nicos b\u00e1sicos y sales inorg\u00e1nicas, la industria de \u00e1cido n\u00edtrico, etc.<\/p>","protected":false},"excerpt":{"rendered":"<p>El circonio, que posee amplias propiedades como resistencia a altas temperaturas, buena resistencia a la corrosi\u00f3n, procesabilidad, buen rendimiento y baja secci\u00f3n transversal de absorci\u00f3n de neutrones t\u00e9rmicos, es un importante material estructural para reactores nucleares. El circonio y sus aleaciones son materiales \u00fanicos resistentes a la corrosi\u00f3n en soluciones alcalinas de diversas concentraciones y en \u00e1lcali fundido, incluso mejor que el t\u00e1ntalo.<\/p>","protected":false},"featured_media":707,"comment_status":"open","ping_status":"closed","template":"","meta":{"_kad_post_transparent":"default","_kad_post_title":"","_kad_post_layout":"default","_kad_post_sidebar_id":"","_kad_post_content_style":"default","_kad_post_vertical_padding":"default","_kad_post_feature":"","_kad_post_feature_position":"","_kad_post_header":false,"_kad_post_footer":false,"_kad_post_classname":""},"product_brand":[],"product_cat":[24],"product_tag":[],"class_list":{"0":"post-663","1":"product","2":"type-product","3":"status-publish","4":"has-post-thumbnail","6":"product_cat-globe-valve","8":"first","9":"instock","10":"shipping-taxable","11":"product-type-simple","12":"entry","13":"content-bg","14":"loop-entry"},"_links":{"self":[{"href":"https:\/\/jstvalve.com\/es\/wp-json\/wp\/v2\/product\/663","targetHints":{"allow":["GET"]}}],"collection":[{"href":"https:\/\/jstvalve.com\/es\/wp-json\/wp\/v2\/product"}],"about":[{"href":"https:\/\/jstvalve.com\/es\/wp-json\/wp\/v2\/types\/product"}],"replies":[{"embeddable":true,"href":"https:\/\/jstvalve.com\/es\/wp-json\/wp\/v2\/comments?post=663"}],"wp:featuredmedia":[{"embeddable":true,"href":"https:\/\/jstvalve.com\/es\/wp-json\/wp\/v2\/media\/707"}],"wp:attachment":[{"href":"https:\/\/jstvalve.com\/es\/wp-json\/wp\/v2\/media?parent=663"}],"wp:term":[{"taxonomy":"product_brand","embeddable":true,"href":"https:\/\/jstvalve.com\/es\/wp-json\/wp\/v2\/product_brand?post=663"},{"taxonomy":"product_cat","embeddable":true,"href":"https:\/\/jstvalve.com\/es\/wp-json\/wp\/v2\/product_cat?post=663"},{"taxonomy":"product_tag","embeddable":true,"href":"https:\/\/jstvalve.com\/es\/wp-json\/wp\/v2\/product_tag?post=663"}],"curies":[{"name":"wp","href":"https:\/\/api.w.org\/{rel}","templated":true}]}}