{"id":659,"date":"2026-03-25T06:00:39","date_gmt":"2026-03-25T06:00:39","guid":{"rendered":"https:\/\/jstvalve.com\/?post_type=product&#038;p=659"},"modified":"2026-03-30T01:56:41","modified_gmt":"2026-03-30T01:56:41","slug":"valvulas-de-macho-duplex","status":"publish","type":"product","link":"https:\/\/jstvalve.com\/es\/product\/duplex-plug-valves\/","title":{"rendered":"V\u00e1lvulas de obturador Duplex"},"content":{"rendered":"<hr \/>\n<h6>Resistencia a la corrosi\u00f3n de las v\u00e1lvulas de macho d\u00faplex<\/h6>\n<p>Como ocurre con todos los aceros inoxidables, la resistencia a la corrosi\u00f3n depende sobre todo de su composici\u00f3n. Para la resistencia a la corrosi\u00f3n por picaduras de cloruro y por intersticios, lo m\u00e1s importante es su contenido en cromo, molibdeno y nitr\u00f3geno. Los tipos de acero inoxidable d\u00faplex tienen una gama de resistencia a la corrosi\u00f3n similar a la de los aceros inoxidables austen\u00edticos, es decir, desde los tipos 304 \u00f3 316 (por ejemplo, LDX 2101\u00a9) hasta los aceros inoxidables con molibdeno 6% (por ejemplo, SAF 2507\u00a9).<\/p>\n<hr \/>\n<h6>El coste de las v\u00e1lvulas de macho doble<\/h6>\n<p>Los inoxidables d\u00faplex tienen menor contenido de n\u00edquel y molibdeno que sus hom\u00f3logos austen\u00edticos de similar resistencia a la corrosi\u00f3n. Debido al menor contenido de aleaci\u00f3n, los inoxidables d\u00faplex pueden tener un coste inferior, especialmente en \u00e9pocas de elevados recargos por aleaci\u00f3n. Adem\u00e1s, a menudo puede ser posible reducir el espesor de secci\u00f3n de los inoxidables d\u00faplex, debido a su mayor l\u00edmite el\u00e1stico en comparaci\u00f3n con los inoxidables austen\u00edticos. Esta combinaci\u00f3n puede suponer un importante ahorro de costes y peso en comparaci\u00f3n con una soluci\u00f3n en acero inoxidable austen\u00edtico.<\/p>\n<hr \/>\n<h6>Aplicaciones de las v\u00e1lvulas de macho d\u00faplex<\/h6>\n<p>Las v\u00e1lvulas d\u00faplex son vers\u00e1tiles y pueden utilizarse en diversas aplicaciones en las que se requiere un control fiable y eficaz del caudal, por ejemplo: procesamiento qu\u00edmico, oleoductos y gasoductos, tratamiento de aguas, generaci\u00f3n de energ\u00eda, etc.<\/p>","protected":false},"excerpt":{"rendered":"<p>Los aceros inoxidables d\u00faplex se denominan \u201cd\u00faplex\u201d porque tienen una microestructura bif\u00e1sica formada por granos de acero inoxidable ferr\u00edtico y austen\u00edtico.<\/p>\n<p>Resistencia: Los inoxidables d\u00faplex son aproximadamente el doble de resistentes que los inoxidables austen\u00edticos o ferr\u00edticos normales.<\/p>\n<p>Las v\u00e1lvulas superd\u00faplex se utilizan en muchas industrias, como la petroqu\u00edmica, equipos qu\u00edmicos, procesamiento de alimentos, petr\u00f3leo y gas.<\/p>","protected":false},"featured_media":701,"comment_status":"open","ping_status":"closed","template":"","meta":{"_kad_post_transparent":"","_kad_post_title":"","_kad_post_layout":"","_kad_post_sidebar_id":"","_kad_post_content_style":"","_kad_post_vertical_padding":"","_kad_post_feature":"","_kad_post_feature_position":"","_kad_post_header":false,"_kad_post_footer":false,"_kad_post_classname":""},"product_brand":[],"product_cat":[27],"product_tag":[],"class_list":{"0":"post-659","1":"product","2":"type-product","3":"status-publish","4":"has-post-thumbnail","6":"product_cat-plug-valve","8":"first","9":"instock","10":"shipping-taxable","11":"product-type-simple","12":"entry","13":"content-bg","14":"loop-entry"},"_links":{"self":[{"href":"https:\/\/jstvalve.com\/es\/wp-json\/wp\/v2\/product\/659","targetHints":{"allow":["GET"]}}],"collection":[{"href":"https:\/\/jstvalve.com\/es\/wp-json\/wp\/v2\/product"}],"about":[{"href":"https:\/\/jstvalve.com\/es\/wp-json\/wp\/v2\/types\/product"}],"replies":[{"embeddable":true,"href":"https:\/\/jstvalve.com\/es\/wp-json\/wp\/v2\/comments?post=659"}],"wp:featuredmedia":[{"embeddable":true,"href":"https:\/\/jstvalve.com\/es\/wp-json\/wp\/v2\/media\/701"}],"wp:attachment":[{"href":"https:\/\/jstvalve.com\/es\/wp-json\/wp\/v2\/media?parent=659"}],"wp:term":[{"taxonomy":"product_brand","embeddable":true,"href":"https:\/\/jstvalve.com\/es\/wp-json\/wp\/v2\/product_brand?post=659"},{"taxonomy":"product_cat","embeddable":true,"href":"https:\/\/jstvalve.com\/es\/wp-json\/wp\/v2\/product_cat?post=659"},{"taxonomy":"product_tag","embeddable":true,"href":"https:\/\/jstvalve.com\/es\/wp-json\/wp\/v2\/product_tag?post=659"}],"curies":[{"name":"wp","href":"https:\/\/api.w.org\/{rel}","templated":true}]}}