{"id":655,"date":"2026-03-25T06:00:39","date_gmt":"2026-03-25T06:00:39","guid":{"rendered":"https:\/\/jstvalve.com\/?post_type=product&#038;p=655"},"modified":"2026-04-01T03:10:41","modified_gmt":"2026-04-01T03:10:41","slug":"valvulas-de-bola-de-inconel","status":"publish","type":"product","link":"https:\/\/jstvalve.com\/es\/product\/inconel-ball-valves\/","title":{"rendered":"V\u00e1lvulas de bola de Inconel"},"content":{"rendered":"<hr \/>\n<h6>Caracter\u00edsticas de resistencia a la corrosi\u00f3n de las v\u00e1lvulas de bola de Inconel<\/h6>\n<ul class=\"list-paddingleft-2\">\n<li>Este tipo de v\u00e1lvula de bola manual se fabrica de acuerdo con las normas ASTM\/DIN\/GB\/T. Garantizamos una entrega r\u00e1pida y la mejor calidad. Nos aseguramos de que nuestros clientes reciban lo mejor en t\u00e9rminos de calidad de los bienes, as\u00ed como los servicios en el comercio.<\/li>\n<li>Esta v\u00e1lvula de accionamiento manual tiene un dise\u00f1o de 2 o 3 piezas.<\/li>\n<li>JST ofrece diferentes tipos de v\u00e1lvulas industriales dise\u00f1adas con asiento blando o asiento met\u00e1lico .<\/li>\n<li>Las v\u00e1lvulas de bola JST Inconel son la versi\u00f3n para aplicaciones estructurales de alta temperatura, siendo Incoloy 800H. Se utiliza en equipos de tratamiento t\u00e9rmico, como cestas y abrazaderas, y tambi\u00e9n en intercambiadores de calor de las industrias qu\u00edmica y petroqu\u00edmica.<\/li>\n<\/ul>\n<hr \/>\n<h6>Aplicaci\u00f3n de las v\u00e1lvulas de bola de Inconel<\/h6>\n<ul class=\"list-paddingleft-2\">\n<li>\u00c1cido inorg\u00e1nico, Alto rendimiento de resistencia a la corrosi\u00f3n<\/li>\n<li>Agua de mar y soluci\u00f3n salina, alto rendimiento de resistencia a la corrosi\u00f3n<\/li>\n<li>Digestores y blanqueadores en la industria papelera<\/li>\n<li>Generador de vapor nuclear, alto rendimiento de alta temperatura y resistencia a la corrosi\u00f3n<\/li>\n<li>Equipos de intercambio t\u00e9rmico, resistencia a altas temperaturas<\/li>\n<li>Industria qu\u00edmica, buena resistencia a la corrosi\u00f3n y alta resistencia<\/li>\n<\/ul>\n<hr \/>\n<h6>\u00bfQu\u00e9 tiene de especial el Inconel?<\/h6>\n<p>El Inconel se aplica ampliamente en la situaci\u00f3n de entorno de alta corrosi\u00f3n y resistencia a la corrosi\u00f3n bajo tensi\u00f3n. Por lo tanto, las v\u00e1lvulas de bola de Inconel son muy eficaces en entornos altamente corrosivos o da\u00f1inos. Adem\u00e1s, Inconel es capaz de manejar los vapores corrosivos calientes en circunstancias oxidantes. Es m\u00e1s, el Inconel es especial para sus aplicaciones a gran escala en el tratamiento de agua caliente de calderas en f\u00e1bricas nucleares. Por \u00faltimo, Inconel es mucho m\u00e1s seguro que el acero inoxidable.<\/p>\n<hr \/>\n<h6>\u00bfEs el Inconel m\u00e1s resistente que el Titanio?<\/h6>\n<p>Antes de conocer la respuesta de cu\u00e1l es m\u00e1s fuerte, vamos a entender la definici\u00f3n de Inconel y material de titanio en primer lugar. El titanio es uno de los materiales met\u00e1licos naturales, que se aplica generalmente por los medios de comunicaci\u00f3n y cineastas con la caracter\u00edstica de dureza. Mientras que el Inconel es una aleaci\u00f3n que es uno de los 10 mejores materiales de la tierra. Formado por una mezcla de austenita, n\u00edquel y cromo, el Inconel es especial por su gran resistencia a las altas temperaturas y a la corrosi\u00f3n. Aunque existen varias diferencias entre el Inconel y el titanio, no hay normas espec\u00edficas para comparar su resistencia. La selecci\u00f3n de estos dos materiales depender\u00e1 de la aplicaci\u00f3n espec\u00edfica.<\/p>","protected":false},"excerpt":{"rendered":"<p>Las v\u00e1lvulas de bola de Inconel tienen muchos grados diferentes, como Inconel 600, Inconel 625, Incoloy 800, Incoloy 800H e Incoloy 825. Los distintos grados tienen diferente resistencia a la corrosi\u00f3n, pudiendo satisfacer diversas aplicaciones industriales. La demanda de v\u00e1lvulas de bola de Inconel ha aumentado en los \u00faltimos a\u00f1os y hemos adaptado nuestra pol\u00edtica para satisfacer este aumento de la demanda y facilitar las cosas a nuestros clientes.<\/p>","protected":false},"featured_media":694,"comment_status":"open","ping_status":"closed","template":"","meta":{"_kad_post_transparent":"default","_kad_post_title":"","_kad_post_layout":"default","_kad_post_sidebar_id":"","_kad_post_content_style":"default","_kad_post_vertical_padding":"default","_kad_post_feature":"","_kad_post_feature_position":"","_kad_post_header":false,"_kad_post_footer":false,"_kad_post_classname":""},"product_brand":[],"product_cat":[25],"product_tag":[],"class_list":{"0":"post-655","1":"product","2":"type-product","3":"status-publish","4":"has-post-thumbnail","6":"product_cat-ball-valve","8":"first","9":"instock","10":"shipping-taxable","11":"product-type-simple","12":"entry","13":"content-bg","14":"loop-entry"},"_links":{"self":[{"href":"https:\/\/jstvalve.com\/es\/wp-json\/wp\/v2\/product\/655","targetHints":{"allow":["GET"]}}],"collection":[{"href":"https:\/\/jstvalve.com\/es\/wp-json\/wp\/v2\/product"}],"about":[{"href":"https:\/\/jstvalve.com\/es\/wp-json\/wp\/v2\/types\/product"}],"replies":[{"embeddable":true,"href":"https:\/\/jstvalve.com\/es\/wp-json\/wp\/v2\/comments?post=655"}],"wp:featuredmedia":[{"embeddable":true,"href":"https:\/\/jstvalve.com\/es\/wp-json\/wp\/v2\/media\/694"}],"wp:attachment":[{"href":"https:\/\/jstvalve.com\/es\/wp-json\/wp\/v2\/media?parent=655"}],"wp:term":[{"taxonomy":"product_brand","embeddable":true,"href":"https:\/\/jstvalve.com\/es\/wp-json\/wp\/v2\/product_brand?post=655"},{"taxonomy":"product_cat","embeddable":true,"href":"https:\/\/jstvalve.com\/es\/wp-json\/wp\/v2\/product_cat?post=655"},{"taxonomy":"product_tag","embeddable":true,"href":"https:\/\/jstvalve.com\/es\/wp-json\/wp\/v2\/product_tag?post=655"}],"curies":[{"name":"wp","href":"https:\/\/api.w.org\/{rel}","templated":true}]}}