{"id":653,"date":"2026-03-25T06:00:39","date_gmt":"2026-03-25T06:00:39","guid":{"rendered":"https:\/\/jstvalve.com\/?post_type=product&#038;p=653"},"modified":"2026-03-30T02:17:12","modified_gmt":"2026-03-30T02:17:12","slug":"valvulas-de-macho-inconel","status":"publish","type":"product","link":"https:\/\/jstvalve.com\/es\/product\/inconel-plug-valves\/","title":{"rendered":"V\u00e1lvulas de macho Inconel"},"content":{"rendered":"<hr \/>\n<h6>Grado de las v\u00e1lvulas de macho Inconel<\/h6>\n<p>INCONEL\u00ae 600, INCONEL\u00ae 601, INCONEL\u00ae 617, INCONEL\u00ae 625, INCONEL\u00ae 718, INCONEL\u00ae 725, INCOLOY\u00ae 800, INCOLOY\u00ae 800H\/HT, UNS N06600, UNS N06601, UNS N06617, UNS N06625, UNS N07718, UNS N07725, UNS N08810, UNS N08811, 2.4816, 2.4851, 2.4663, 2.4856, 2.4668, 1.4876, 1.4958, 1.4959<\/p>\n<hr \/>\n<h6>Usos de las v\u00e1lvulas de macho Inconel<\/h6>\n<p>Condiciones de servicio: Alta presi\u00f3n, Alta temperatura, Baja temperatura, Corrosi\u00f3n, Alta viscosidad, Vac\u00edo, Fiabilidad<\/p>\n<p>Tipo de fluidos: L\u00edquidos, L\u00edquidos con part\u00edculas s\u00f3lidas - Lodos, Gases, Fluidos de alta viscosidad<\/p>\n<p>Aplicaciones: Qu\u00edmica fina, Pl\u00e1sticos y pol\u00edmeros, Qu\u00edmica general, Petroqu\u00edmica, Nuclear y naval \/ submarina, Servicio criog\u00e9nico<\/p>","protected":false},"excerpt":{"rendered":"<p>Inconel: Detr\u00e1s de este nombre se esconden m\u00e1s de veinte grados diferentes. Estos materiales son muy resistentes a la corrosi\u00f3n y a la fluencia y su ductilidad permite utilizarlos a temperaturas muy bajas. Se utilizan en muchos sectores (qu\u00edmico, papelero, nuclear y criog\u00e9nico).<\/p>\n<p>Su aplicaci\u00f3n es a veces m\u00e1s dif\u00edcil que en el caso del acero inoxidable debido a su elevada ductilidad.<\/p>\n<p>Incoloy: Estas aleaciones presentan muy buena resistencia a la corrosi\u00f3n, alta resistencia a la fluencia y excelente resistencia a las altas temperaturas. Se utilizan principalmente en las industrias qu\u00edmica y petroqu\u00edmica.<\/p>","protected":false},"featured_media":691,"comment_status":"open","ping_status":"closed","template":"","meta":{"_kad_post_transparent":"default","_kad_post_title":"","_kad_post_layout":"default","_kad_post_sidebar_id":"","_kad_post_content_style":"default","_kad_post_vertical_padding":"default","_kad_post_feature":"","_kad_post_feature_position":"","_kad_post_header":false,"_kad_post_footer":false,"_kad_post_classname":""},"product_brand":[],"product_cat":[27],"product_tag":[],"class_list":{"0":"post-653","1":"product","2":"type-product","3":"status-publish","4":"has-post-thumbnail","6":"product_cat-plug-valve","8":"first","9":"instock","10":"shipping-taxable","11":"product-type-simple","12":"entry","13":"content-bg","14":"loop-entry"},"_links":{"self":[{"href":"https:\/\/jstvalve.com\/es\/wp-json\/wp\/v2\/product\/653","targetHints":{"allow":["GET"]}}],"collection":[{"href":"https:\/\/jstvalve.com\/es\/wp-json\/wp\/v2\/product"}],"about":[{"href":"https:\/\/jstvalve.com\/es\/wp-json\/wp\/v2\/types\/product"}],"replies":[{"embeddable":true,"href":"https:\/\/jstvalve.com\/es\/wp-json\/wp\/v2\/comments?post=653"}],"wp:featuredmedia":[{"embeddable":true,"href":"https:\/\/jstvalve.com\/es\/wp-json\/wp\/v2\/media\/691"}],"wp:attachment":[{"href":"https:\/\/jstvalve.com\/es\/wp-json\/wp\/v2\/media?parent=653"}],"wp:term":[{"taxonomy":"product_brand","embeddable":true,"href":"https:\/\/jstvalve.com\/es\/wp-json\/wp\/v2\/product_brand?post=653"},{"taxonomy":"product_cat","embeddable":true,"href":"https:\/\/jstvalve.com\/es\/wp-json\/wp\/v2\/product_cat?post=653"},{"taxonomy":"product_tag","embeddable":true,"href":"https:\/\/jstvalve.com\/es\/wp-json\/wp\/v2\/product_tag?post=653"}],"curies":[{"name":"wp","href":"https:\/\/api.w.org\/{rel}","templated":true}]}}