{"id":650,"date":"2026-03-25T06:00:39","date_gmt":"2026-03-25T06:00:39","guid":{"rendered":"https:\/\/jstvalve.com\/?post_type=product&#038;p=650"},"modified":"2026-03-31T07:16:31","modified_gmt":"2026-03-31T07:16:31","slug":"valvulas-de-descarga-de-inconel","status":"publish","type":"product","link":"https:\/\/jstvalve.com\/es\/product\/inconel-discharge-valves\/","title":{"rendered":"V\u00e1lvulas de descarga Inconel"},"content":{"rendered":"<hr \/>\n<h6>Caracter\u00edsticas del material de las v\u00e1lvulas de descarga de Inconel<\/h6>\n<p>La aleaci\u00f3n Inconel tiene alta resistencia a la tracci\u00f3n, a la fatiga, a la fluencia y a la fractura a 700\u2103, alta resistencia a la oxidaci\u00f3n a 1000\u2103, comportamiento qu\u00edmico estable a baja temperatura, buen comportamiento en soldadura y f\u00e1cil de procesar.<\/p>\n<p>Aunque la aleaci\u00f3n est\u00e1 dise\u00f1ada para ofrecer resistencia a altas temperaturas, el alto contenido de cromo y molibdeno proporciona una gran resistencia a una amplia gama de medios corrosivos.<\/p>\n<hr \/>\n<h6>V\u00e1lvulas de descarga Inconel Tipo<\/h6>\n<p><strong>Dise\u00f1o de v\u00e1lvulas de descarga hacia arriba Caracter\u00edsticas<\/strong><\/p>\n<ol class=\"list-paddingleft-2\">\n<li>La junta se coloca en la ranura c\u00f3ncava del cuerpo de la v\u00e1lvula, la junta puede mantener la elasticidad durante mucho tiempo y el sellado es fiable.<\/li>\n<li>Dise\u00f1o de n\u00facleo de v\u00e1lvula de forja integral, con mayor resistencia.<\/li>\n<li>Ampliar el tama\u00f1o del v\u00e1stago y la varilla de conexi\u00f3n hizo que las v\u00e1lvulas fueran m\u00e1s estables y firmes.<\/li>\n<li>Los cuerpos de v\u00e1lvula de estructura de tambor de cintura tienen una buena l\u00ednea aerodin\u00e1mica, puede aumentar la capacidad de flujo y reducir la deposici\u00f3n de medio.<\/li>\n<li>El dise\u00f1o de la empaquetadura con resorte proporciona un sellado m\u00e1s fiable y realiza el ajuste en l\u00ednea del sellado de la empaquetadura.<\/li>\n<li>El n\u00facleo de la v\u00e1lvula tiene un dispositivo de gu\u00eda para proteger el v\u00e1stago de la desviaci\u00f3n<\/li>\n<\/ol>\n<p><strong>Piezas y material<\/strong><\/p>\n<div class=\"overflow-x\">\n<table style=\"border-collapse: collapse; text-align: center;\" border=\"1\" cellspacing=\"0\" cellpadding=\"6\">\n<thead>\n<tr style=\"background-color: #d9ebf7; font-weight: bold;\">\n<td>No.<\/td>\n<td>Nombre de la pieza<\/td>\n<td>Material<\/td>\n<\/tr>\n<\/thead>\n<tbody>\n<tr>\n<td>1<\/td>\n<td>Disco<\/td>\n<td>Inconel<\/td>\n<\/tr>\n<tr>\n<td>2<\/td>\n<td>Cap\u00f3 de disco<\/td>\n<td>Inconel<\/td>\n<\/tr>\n<tr>\n<td>3<\/td>\n<td>Asiento<\/td>\n<td>Inconel<\/td>\n<\/tr>\n<tr>\n<td>4<\/td>\n<td>Junta<\/td>\n<td>Inconel+Grafito<\/td>\n<\/tr>\n<tr>\n<td>5<\/td>\n<td>Cuerpo<\/td>\n<td>Inconel<\/td>\n<\/tr>\n<tr>\n<td>6<\/td>\n<td>V\u00e1stago<\/td>\n<td>Inconel<\/td>\n<\/tr>\n<tr>\n<td>7<\/td>\n<td>Embalaje<\/td>\n<td>Grafito<\/td>\n<\/tr>\n<tr>\n<td>8<\/td>\n<td>Casquillo prensaestopas<\/td>\n<td>Inconel<\/td>\n<\/tr>\n<tr>\n<td>9<\/td>\n<td>Stud<\/td>\n<td>304<\/td>\n<\/tr>\n<tr>\n<td>10<\/td>\n<td>Tuerca hexagonal<\/td>\n<td>304<\/td>\n<\/tr>\n<tr>\n<td>11<\/td>\n<td>Atrezzo<\/td>\n<td>304<\/td>\n<\/tr>\n<tr>\n<td>12<\/td>\n<td>Placa gu\u00eda<\/td>\n<td>304<\/td>\n<\/tr>\n<tr>\n<td>13<\/td>\n<td>Tornillo<\/td>\n<td>304<\/td>\n<\/tr>\n<tr>\n<td>14<\/td>\n<td>Tuerca del v\u00e1stago<\/td>\n<td>DAL9-4<\/td>\n<\/tr>\n<tr>\n<td>15<\/td>\n<td>Asiento de apoyo<\/td>\n<td>304<\/td>\n<\/tr>\n<\/tbody>\n<\/table>\n<p>&gt;<\/p>\n<\/div>\n<p><img decoding=\"async\" title=\"V\u00e1lvulas de descarga Inconel\" src=\"https:\/\/www.wsv-valve.com\/uploads\/image\/20210428\/inconel-discharge-valves.jpg\" alt=\"V\u00e1lvulas de descarga Inconel\" \/><\/p>","protected":false},"excerpt":{"rendered":"<p>Inconel es una familia de superaleaciones austen\u00edticas a base de n\u00edquel-cromo. Las aleaciones Inconel son materiales resistentes a la oxidaci\u00f3n y a la corrosi\u00f3n muy adecuados para el servicio en entornos extremos.<\/p>\n<p>Las diferentes aleaciones de Inconel tienen composiciones muy variadas, pero en todas predomina el n\u00edquel, con el cromo como segundo elemento, buena resistencia a la corrosi\u00f3n bajo tensi\u00f3n en soluci\u00f3n de cloruro de alta concentraci\u00f3n.<\/p>","protected":false},"featured_media":686,"comment_status":"open","ping_status":"closed","template":"","meta":{"_kad_post_transparent":"default","_kad_post_title":"","_kad_post_layout":"default","_kad_post_sidebar_id":"","_kad_post_content_style":"default","_kad_post_vertical_padding":"default","_kad_post_feature":"","_kad_post_feature_position":"","_kad_post_header":false,"_kad_post_footer":false,"_kad_post_classname":""},"product_brand":[],"product_cat":[31],"product_tag":[],"class_list":{"0":"post-650","1":"product","2":"type-product","3":"status-publish","4":"has-post-thumbnail","6":"product_cat-discharge-valve","8":"first","9":"instock","10":"shipping-taxable","11":"product-type-simple","12":"entry","13":"content-bg","14":"loop-entry"},"_links":{"self":[{"href":"https:\/\/jstvalve.com\/es\/wp-json\/wp\/v2\/product\/650","targetHints":{"allow":["GET"]}}],"collection":[{"href":"https:\/\/jstvalve.com\/es\/wp-json\/wp\/v2\/product"}],"about":[{"href":"https:\/\/jstvalve.com\/es\/wp-json\/wp\/v2\/types\/product"}],"replies":[{"embeddable":true,"href":"https:\/\/jstvalve.com\/es\/wp-json\/wp\/v2\/comments?post=650"}],"wp:featuredmedia":[{"embeddable":true,"href":"https:\/\/jstvalve.com\/es\/wp-json\/wp\/v2\/media\/686"}],"wp:attachment":[{"href":"https:\/\/jstvalve.com\/es\/wp-json\/wp\/v2\/media?parent=650"}],"wp:term":[{"taxonomy":"product_brand","embeddable":true,"href":"https:\/\/jstvalve.com\/es\/wp-json\/wp\/v2\/product_brand?post=650"},{"taxonomy":"product_cat","embeddable":true,"href":"https:\/\/jstvalve.com\/es\/wp-json\/wp\/v2\/product_cat?post=650"},{"taxonomy":"product_tag","embeddable":true,"href":"https:\/\/jstvalve.com\/es\/wp-json\/wp\/v2\/product_tag?post=650"}],"curies":[{"name":"wp","href":"https:\/\/api.w.org\/{rel}","templated":true}]}}