{"id":647,"date":"2026-03-25T06:00:39","date_gmt":"2026-03-25T06:00:39","guid":{"rendered":"https:\/\/jstvalve.com\/?post_type=product&#038;p=647"},"modified":"2026-03-31T03:26:42","modified_gmt":"2026-03-31T03:26:42","slug":"valvulas-de-macho-hastelloy","status":"publish","type":"product","link":"https:\/\/jstvalve.com\/es\/product\/hastelloy-plug-valves\/","title":{"rendered":"V\u00e1lvulas de obturador Hastelloy"},"content":{"rendered":"<hr \/>\n<p data-start=\"95\" data-end=\"452\">JST <strong data-start=\"99\" data-end=\"124\">V\u00e1lvulas de obturador Hastelloy<\/strong> est\u00e1n especialmente dise\u00f1adas para aplicaciones industriales altamente corrosivas en las que la durabilidad a largo plazo y la fiabilidad de la estanquidad son fundamentales. Fabricadas con aleaciones de Hastelloy de primera calidad como C-276, C-22, C-4 y C-2000, estas v\u00e1lvulas ofrecen una excelente resistencia a la corrosi\u00f3n uniforme, las picaduras localizadas y el agrietamiento por corrosi\u00f3n bajo tensi\u00f3n.<\/p>\n<p data-start=\"454\" data-end=\"794\">Gracias a sus excelentes propiedades de fabricaci\u00f3n y soldadura, se utilizan ampliamente en plantas de procesamiento qu\u00edmico, sistemas petroqu\u00edmicos, instalaciones de desalinizaci\u00f3n, l\u00edneas de producci\u00f3n biotecnol\u00f3gica e industrias de fabricaci\u00f3n farmac\u00e9utica. Su composici\u00f3n de aleaci\u00f3n superior garantiza un excelente rendimiento en entornos \u00e1cidos y ricos en cloruros.<\/p>\n<p data-start=\"796\" data-end=\"1046\">Entre los grados disponibles se incluyen Hastelloy C-276, Hastelloy C-22, Hastelloy C-4, Hastelloy C-2000, Hastelloy B, B-2, B-3, G y G-30, lo que permite a los clientes seleccionar el material m\u00e1s adecuado en funci\u00f3n del medio, la temperatura y las condiciones de presi\u00f3n.<\/p>\n<p data-start=\"1048\" data-end=\"1325\">Estas v\u00e1lvulas son ideales para manipular \u00e1cido sulf\u00farico, \u00e1cido clorh\u00eddrico, \u00e1cidos org\u00e1nicos, agua de mar y otros medios qu\u00edmicos agresivos. El dise\u00f1o compacto de su cuerpo, sus excelentes prestaciones de estanquidad y su resistencia a la corrosi\u00f3n las convierten en la soluci\u00f3n preferida para tuber\u00edas de procesos cr\u00edticos.<\/p>\n<p data-start=\"1327\" data-end=\"1585\">Para m\u00e1s soluciones de v\u00e1lvulas resistentes a la corrosi\u00f3n, visite nuestra <a class=\"decorated-link cursor-pointer\" rel=\"noopener\" data-start=\"1390\" data-end=\"1430\">p\u00e1gina de productos de v\u00e1lvulas de macho<\/a> y <a class=\"decorated-link cursor-pointer\" rel=\"noopener\" data-start=\"1435\" data-end=\"1478\">p\u00e1gina de soluciones de v\u00e1lvulas de aleaci\u00f3n<\/a>. Para obtener informaci\u00f3n sobre el material de aleaci\u00f3n, consulte el <a class=\"decorated-link\" href=\"https:\/\/www.specialmetals.com\" target=\"_new\" rel=\"noopener\" data-start=\"1527\" data-end=\"1584\">Gu\u00eda de materiales Hastelloy<\/a>.<\/p>\n<p data-start=\"1587\" data-end=\"1714\">JST <strong data-start=\"1591\" data-end=\"1616\">V\u00e1lvulas de obturador Hastelloy<\/strong> tambi\u00e9n pueden personalizarse seg\u00fan los requisitos industriales espec\u00edficos y<\/p>","protected":false},"excerpt":{"rendered":"<p>Las aleaciones HASTELLOY resistentes a la corrosi\u00f3n son ampliamente utilizadas por las industrias de transformaci\u00f3n qu\u00edmica. La necesidad de un rendimiento fiable conduce a su aceptaci\u00f3n y crecimiento en los sectores de la energ\u00eda, la salud y el medio ambiente, el petr\u00f3leo y el gas, la industria farmac\u00e9utica y la desulfuraci\u00f3n de gases de combusti\u00f3n.<\/p>","protected":false},"featured_media":680,"comment_status":"open","ping_status":"closed","template":"","meta":{"_kad_post_transparent":"default","_kad_post_title":"","_kad_post_layout":"default","_kad_post_sidebar_id":"","_kad_post_content_style":"default","_kad_post_vertical_padding":"default","_kad_post_feature":"","_kad_post_feature_position":"","_kad_post_header":false,"_kad_post_footer":false,"_kad_post_classname":""},"product_brand":[],"product_cat":[27],"product_tag":[],"class_list":{"0":"post-647","1":"product","2":"type-product","3":"status-publish","4":"has-post-thumbnail","6":"product_cat-plug-valve","8":"first","9":"instock","10":"shipping-taxable","11":"product-type-simple","12":"entry","13":"content-bg","14":"loop-entry"},"_links":{"self":[{"href":"https:\/\/jstvalve.com\/es\/wp-json\/wp\/v2\/product\/647","targetHints":{"allow":["GET"]}}],"collection":[{"href":"https:\/\/jstvalve.com\/es\/wp-json\/wp\/v2\/product"}],"about":[{"href":"https:\/\/jstvalve.com\/es\/wp-json\/wp\/v2\/types\/product"}],"replies":[{"embeddable":true,"href":"https:\/\/jstvalve.com\/es\/wp-json\/wp\/v2\/comments?post=647"}],"wp:featuredmedia":[{"embeddable":true,"href":"https:\/\/jstvalve.com\/es\/wp-json\/wp\/v2\/media\/680"}],"wp:attachment":[{"href":"https:\/\/jstvalve.com\/es\/wp-json\/wp\/v2\/media?parent=647"}],"wp:term":[{"taxonomy":"product_brand","embeddable":true,"href":"https:\/\/jstvalve.com\/es\/wp-json\/wp\/v2\/product_brand?post=647"},{"taxonomy":"product_cat","embeddable":true,"href":"https:\/\/jstvalve.com\/es\/wp-json\/wp\/v2\/product_cat?post=647"},{"taxonomy":"product_tag","embeddable":true,"href":"https:\/\/jstvalve.com\/es\/wp-json\/wp\/v2\/product_tag?post=647"}],"curies":[{"name":"wp","href":"https:\/\/api.w.org\/{rel}","templated":true}]}}