{"id":646,"date":"2026-03-25T06:00:39","date_gmt":"2026-03-25T06:00:39","guid":{"rendered":"https:\/\/jstvalve.com\/?post_type=product&#038;p=646"},"modified":"2026-03-30T09:10:52","modified_gmt":"2026-03-30T09:10:52","slug":"valvulas-de-globo-hastelloy","status":"publish","type":"product","link":"https:\/\/jstvalve.com\/es\/product\/hastelloy-globe-valves\/","title":{"rendered":"V\u00e1lvulas de globo de Hastelloy"},"content":{"rendered":"<hr \/>\n<h6>Aplicaci\u00f3n de las v\u00e1lvulas de globo de Hastelloy<\/h6>\n<p>La v\u00e1lvula de aleaci\u00f3n C-276 se utiliza ampliamente en los entornos m\u00e1s extremos, como la preparaci\u00f3n de productos qu\u00edmicos, el control de la contaminaci\u00f3n, la generaci\u00f3n de papilla y papel, el tratamiento mec\u00e1nico y metropolitano de residuos y la recuperaci\u00f3n de gas normal acre. El alto contenido en n\u00edquel y molibdeno hace que la amalgama de acero al n\u00edquel sea especialmente resistente a la corrosi\u00f3n por picaduras y agujeros en situaciones de reducci\u00f3n, mientras que el cromo transmite resistencia a los medios oxidantes.<\/p>\n<hr \/>\n<h6>Caracter\u00edsticas de las v\u00e1lvulas de globo de Hastelloy<\/h6>\n<p>La v\u00e1lvula de aleaci\u00f3n C22, tambi\u00e9n conocida como v\u00e1lvula de Hastelloy C22, puede ser una mezcla austen\u00edtica vers\u00e1til de n\u00edquel-molibdeno-cromo-tungsteno con resistencia mejorada a la erosi\u00f3n por hendiduras, al fraguado y al agrietamiento por erosi\u00f3n bajo tensi\u00f3n. La v\u00e1lvula Hastelloy B2 podr\u00eda ser una aleaci\u00f3n de n\u00edquel-molibdeno reforzada con soluci\u00f3n s\u00f3lida, con una resistencia significativa a entornos decrecientes como el gas cloruro de hidr\u00f3geno y los \u00e1cidos sulf\u00farico, \u00e1cido y fosf\u00f3rico. El molibdeno es el componente de aleaci\u00f3n esencial que le confiere una importante resistencia a la corrosi\u00f3n en entornos desfavorables.<\/p>\n<p>Gracias a su excelente resistencia a la corrosi\u00f3n, las v\u00e1lvulas de Hastelloy se utilizan ampliamente en la industria qu\u00edmica, desalinizadora, petroqu\u00edmica, biotecnol\u00f3gica y farmac\u00e9utica.<\/p>","protected":false},"excerpt":{"rendered":"<p>Existen muchos tipos de v\u00e1lvulas Hastelloy, como Hastelloy B2, Hastelloy B3, Hastelloy C22 y Hastelloy C276. Las aleaciones de la serie Hastelloy UNS tambi\u00e9n se conocen como N10665, N10276, N06022, N10675, N06455. Las especificaciones DIN son 2.4617, 2.4600, 2.4602, 2.4819. La forma m\u00e1s com\u00fan de Hastelloy fundido utilizado para v\u00e1lvulas es el A494 CW12MW y el A494 CX-2MW.<\/p>","protected":false},"featured_media":679,"comment_status":"open","ping_status":"closed","template":"","meta":{"_kad_post_transparent":"default","_kad_post_title":"","_kad_post_layout":"default","_kad_post_sidebar_id":"","_kad_post_content_style":"default","_kad_post_vertical_padding":"default","_kad_post_feature":"","_kad_post_feature_position":"","_kad_post_header":false,"_kad_post_footer":false,"_kad_post_classname":""},"product_brand":[],"product_cat":[24],"product_tag":[],"class_list":{"0":"post-646","1":"product","2":"type-product","3":"status-publish","4":"has-post-thumbnail","6":"product_cat-globe-valve","8":"first","9":"instock","10":"shipping-taxable","11":"product-type-simple","12":"entry","13":"content-bg","14":"loop-entry"},"_links":{"self":[{"href":"https:\/\/jstvalve.com\/es\/wp-json\/wp\/v2\/product\/646","targetHints":{"allow":["GET"]}}],"collection":[{"href":"https:\/\/jstvalve.com\/es\/wp-json\/wp\/v2\/product"}],"about":[{"href":"https:\/\/jstvalve.com\/es\/wp-json\/wp\/v2\/types\/product"}],"replies":[{"embeddable":true,"href":"https:\/\/jstvalve.com\/es\/wp-json\/wp\/v2\/comments?post=646"}],"wp:featuredmedia":[{"embeddable":true,"href":"https:\/\/jstvalve.com\/es\/wp-json\/wp\/v2\/media\/679"}],"wp:attachment":[{"href":"https:\/\/jstvalve.com\/es\/wp-json\/wp\/v2\/media?parent=646"}],"wp:term":[{"taxonomy":"product_brand","embeddable":true,"href":"https:\/\/jstvalve.com\/es\/wp-json\/wp\/v2\/product_brand?post=646"},{"taxonomy":"product_cat","embeddable":true,"href":"https:\/\/jstvalve.com\/es\/wp-json\/wp\/v2\/product_cat?post=646"},{"taxonomy":"product_tag","embeddable":true,"href":"https:\/\/jstvalve.com\/es\/wp-json\/wp\/v2\/product_tag?post=646"}],"curies":[{"name":"wp","href":"https:\/\/api.w.org\/{rel}","templated":true}]}}