{"id":643,"date":"2026-03-25T06:00:39","date_gmt":"2026-03-25T06:00:39","guid":{"rendered":"https:\/\/jstvalve.com\/?post_type=product&#038;p=643"},"modified":"2026-03-27T08:01:45","modified_gmt":"2026-03-27T08:01:45","slug":"valvulas-de-bola-de-monel","status":"publish","type":"product","link":"https:\/\/jstvalve.com\/es\/product\/monel-ball-valves\/","title":{"rendered":"V\u00e1lvulas de bola de monel"},"content":{"rendered":"<hr \/>\n<h6>Caracter\u00edsticas de resistencia a la corrosi\u00f3n de las v\u00e1lvulas de bola de Monel<\/h6>\n<ul class=\"list-paddingleft-2\">\n<li>Este\u00a0<a href=\"https:\/\/www.wsv-valve.com\/products\/ball-valves\/\" target=\"_self\" rel=\"noopener\">v\u00e1lvula de bola manual<\/a>\u00a0tiene una peque\u00f1a resistencia al flujo, incluso si se trata de v\u00e1lvulas de bola de paso reducido, la resistencia al flujo es muy peque\u00f1a.<\/li>\n<li>V\u00e1lvulas de bola de monel con buenas prestaciones de estanquidad.<\/li>\n<li>El sellado del v\u00e1stago de las v\u00e1lvulas de bola de Monel es fiable, se puede abrir o cerrar siempre que el v\u00e1stago gire 90 grados, el sellado de la empaquetadura del v\u00e1stago no se puede da\u00f1ar f\u00e1cilmente.<\/li>\n<li>En\u00a0<a href=\"https:\/\/www.wsv-valve.com\/manual-valve-wsv\/\" target=\"_self\" rel=\"noopener\">v\u00e1lvula manual<\/a>\u00a0con una excelente resistencia a la corrosi\u00f3n en numerosas condiciones \u00e1cidas y alcalinas. Es especialmente adecuado para condiciones de reducci\u00f3n qu\u00edmica.<\/li>\n<li>Las v\u00e1lvulas de bola de Monel son adecuadas para todos los instrumentos patentados, buenas propiedades mec\u00e1nicas.<\/li>\n<li>V\u00e1lvulas de bola de monel que prolongan la vida \u00fatil de los instrumentos.<\/li>\n<li>Las v\u00e1lvulas de bola de monel pueden reducir el tiempo de inactividad de la planta.<\/li>\n<li>Estos\u00a0<a href=\"https:\/\/www.wsv-valve.com\/\" target=\"_self\" rel=\"noopener\">tipos de v\u00e1lvulas industriales<\/a>\u00a0puede eliminar los elevados costes de mantenimiento.<\/li>\n<li>V\u00e1lvulas de bola de Monel con buena soldabilidad.<\/li>\n<li>V\u00e1lvulas de bola de monel con temperatura de funcionamiento de la junta.<\/li>\n<\/ul>\n<hr \/>\n<h6>Aplicaci\u00f3n de las v\u00e1lvulas de bola de Monel<\/h6>\n<ul class=\"list-paddingleft-2\">\n<li>Planta petroqu\u00edmica<\/li>\n<li>Refiner\u00eda<\/li>\n<li>Central el\u00e9ctrica<\/li>\n<li>Depuradora de agua<\/li>\n<li>Explotaci\u00f3n marina<\/li>\n<\/ul>","protected":false},"excerpt":{"rendered":"<p>Las v\u00e1lvulas de bola de monel est\u00e1n dise\u00f1adas para proporcionar a\u00f1os de servicio a un coste econ\u00f3mico y est\u00e1n disponibles en varias opciones. Su resistencia a la corrosi\u00f3n es superior a la de las aleaciones de cobre en el agua de mar. Las v\u00e1lvulas de bola de monel son adecuadas para el transporte de gas fluoruro de hidr\u00f3geno a alta temperatura y soluciones de \u00e1cido fluorh\u00eddrico.<\/p>","protected":false},"featured_media":673,"comment_status":"open","ping_status":"closed","template":"","meta":{"_kad_post_transparent":"","_kad_post_title":"","_kad_post_layout":"","_kad_post_sidebar_id":"","_kad_post_content_style":"","_kad_post_vertical_padding":"","_kad_post_feature":"","_kad_post_feature_position":"","_kad_post_header":false,"_kad_post_footer":false,"_kad_post_classname":""},"product_brand":[],"product_cat":[25],"product_tag":[],"class_list":{"0":"post-643","1":"product","2":"type-product","3":"status-publish","4":"has-post-thumbnail","6":"product_cat-ball-valve","8":"first","9":"instock","10":"shipping-taxable","11":"product-type-simple","12":"entry","13":"content-bg","14":"loop-entry"},"_links":{"self":[{"href":"https:\/\/jstvalve.com\/es\/wp-json\/wp\/v2\/product\/643","targetHints":{"allow":["GET"]}}],"collection":[{"href":"https:\/\/jstvalve.com\/es\/wp-json\/wp\/v2\/product"}],"about":[{"href":"https:\/\/jstvalve.com\/es\/wp-json\/wp\/v2\/types\/product"}],"replies":[{"embeddable":true,"href":"https:\/\/jstvalve.com\/es\/wp-json\/wp\/v2\/comments?post=643"}],"wp:featuredmedia":[{"embeddable":true,"href":"https:\/\/jstvalve.com\/es\/wp-json\/wp\/v2\/media\/673"}],"wp:attachment":[{"href":"https:\/\/jstvalve.com\/es\/wp-json\/wp\/v2\/media?parent=643"}],"wp:term":[{"taxonomy":"product_brand","embeddable":true,"href":"https:\/\/jstvalve.com\/es\/wp-json\/wp\/v2\/product_brand?post=643"},{"taxonomy":"product_cat","embeddable":true,"href":"https:\/\/jstvalve.com\/es\/wp-json\/wp\/v2\/product_cat?post=643"},{"taxonomy":"product_tag","embeddable":true,"href":"https:\/\/jstvalve.com\/es\/wp-json\/wp\/v2\/product_tag?post=643"}],"curies":[{"name":"wp","href":"https:\/\/api.w.org\/{rel}","templated":true}]}}