{"id":570,"date":"2026-03-25T06:00:19","date_gmt":"2026-03-25T06:00:19","guid":{"rendered":"https:\/\/jstvalve.com\/?post_type=product&#038;p=570"},"modified":"2026-03-27T08:08:43","modified_gmt":"2026-03-27T08:08:43","slug":"valvulas-de-macho-monel","status":"publish","type":"product","link":"https:\/\/jstvalve.com\/es\/product\/monel-plug-valves\/","title":{"rendered":"V\u00e1lvulas de tap\u00f3n de monel"},"content":{"rendered":"<hr \/>\n<h6>Calidades de las aleaciones de Monel<\/h6>\n<table style=\"border-collapse: collapse; text-align: center;\" border=\"1\" cellspacing=\"0\">\n<tbody>\n<tr style=\"background-color: #d9ebf7; font-weight: bold;\">\n<td>Nombre comercial<\/td>\n<td>UNS<\/td>\n<td>%Cu<\/td>\n<td>%Al<\/td>\n<td>%Ti<\/td>\n<td>%Fe<\/td>\n<td>%Mn<\/td>\n<td>%Si<\/td>\n<td>%Ni<\/td>\n<td>C\u00f3digo de colada<\/td>\n<td>C\u00f3digo de forja<\/td>\n<td>C\u00f3digo de barras<\/td>\n<\/tr>\n<tr>\n<td>Monel 400<\/td>\n<td>N04400<\/td>\n<td>28-34<\/td>\n<td>\u2013<\/td>\n<td>\u2013<\/td>\n<td>2,5 m\u00e1x.<\/td>\n<td>2,0 m\u00e1x.<\/td>\n<td>0,5 m\u00e1x.<\/td>\n<td>63 min<\/td>\n<td>A494 M35-1<\/td>\n<td>ASTM B564<\/td>\n<td>ASTM B164<\/td>\n<\/tr>\n<tr>\n<td>Monel K-500<\/td>\n<td>N05500<\/td>\n<td>27-33<\/td>\n<td>2.3-3.15<\/td>\n<td>0.35-0.85<\/td>\n<td>2,0 m\u00e1x.<\/td>\n<td>1,5 m\u00e1x.<\/td>\n<td>0,5 m\u00e1x.<\/td>\n<td>63 min<\/td>\n<td>\/<\/td>\n<td>ASTM B865<\/td>\n<td>ASTM B865<\/td>\n<\/tr>\n<\/tbody>\n<\/table>\n<p>La aleaci\u00f3n Monel 400 se utiliza ampliamente en aplicaciones marinas. Si bien los productos de la aleaci\u00f3n 400 presentan \u00edndices de corrosi\u00f3n muy bajos en agua de mar corriente, se ha demostrado que en condiciones de estancamiento inducen corrosi\u00f3n por grietas y picaduras. La aleaci\u00f3n 400 tambi\u00e9n es resistente a la corrosi\u00f3n bajo tensi\u00f3n y a las picaduras en la mayor\u00eda de las aguas dulces e industriales.<\/p>\n<p>La aleaci\u00f3n Monel K500 mantiene la excelente resistencia a la corrosi\u00f3n caracter\u00edstica de la 400 y con una resistencia mec\u00e1nica mejorada y dureza endurecida, aproximadamente 3 veces en el l\u00edmite el\u00e1stico y 2 veces en la resistencia a la tracci\u00f3n.<\/p>\n<hr \/>\n<h6>Aplicaciones de las v\u00e1lvulas de tap\u00f3n de Monel<\/h6>\n<p>En general, las v\u00e1lvulas de Monel pueden utilizarse en las aplicaciones de alquilaci\u00f3n m\u00e1s exigentes, como el servicio de HF. Las v\u00e1lvulas de Monel se utilizan a menudo como v\u00e1lvulas qu\u00edmicas, v\u00e1lvulas petroqu\u00edmicas, v\u00e1lvulas de desalinizaci\u00f3n, v\u00e1lvulas de construcci\u00f3n naval, v\u00e1lvulas de petr\u00f3leo y gas, v\u00e1lvulas m\u00e9dicas y v\u00e1lvulas de ox\u00edgeno.<\/p>\n<p>Cuando las V\u00e1lvulas de Tap\u00f3n de Monel se aplican en servicio de HF, baja emisi\u00f3n, y es preferible el dise\u00f1o de doble sello de gl\u00e1ndula y despu\u00e9s de la instalaci\u00f3n, las v\u00e1lvulas deben ser pintadas con pintura de precauci\u00f3n, que es indicador \u00e1cido-base (tambi\u00e9n conocido como indicadores de pH) son sustancias que cambian de color con el pH.<\/p>","protected":false},"excerpt":{"rendered":"<p>El monel es un grupo de aleaciones de n\u00edquel con una excelente resistencia a la corrosi\u00f3n por muchos agentes, en numerosas condiciones \u00e1cidas y alcalinas.<\/p>","protected":false},"featured_media":641,"comment_status":"open","ping_status":"closed","template":"","meta":{"_kad_post_transparent":"","_kad_post_title":"","_kad_post_layout":"","_kad_post_sidebar_id":"","_kad_post_content_style":"","_kad_post_vertical_padding":"","_kad_post_feature":"","_kad_post_feature_position":"","_kad_post_header":false,"_kad_post_footer":false,"_kad_post_classname":""},"product_brand":[],"product_cat":[27],"product_tag":[],"class_list":{"0":"post-570","1":"product","2":"type-product","3":"status-publish","4":"has-post-thumbnail","6":"product_cat-plug-valve","8":"first","9":"instock","10":"shipping-taxable","11":"product-type-simple","12":"entry","13":"content-bg","14":"loop-entry"},"_links":{"self":[{"href":"https:\/\/jstvalve.com\/es\/wp-json\/wp\/v2\/product\/570","targetHints":{"allow":["GET"]}}],"collection":[{"href":"https:\/\/jstvalve.com\/es\/wp-json\/wp\/v2\/product"}],"about":[{"href":"https:\/\/jstvalve.com\/es\/wp-json\/wp\/v2\/types\/product"}],"replies":[{"embeddable":true,"href":"https:\/\/jstvalve.com\/es\/wp-json\/wp\/v2\/comments?post=570"}],"wp:featuredmedia":[{"embeddable":true,"href":"https:\/\/jstvalve.com\/es\/wp-json\/wp\/v2\/media\/641"}],"wp:attachment":[{"href":"https:\/\/jstvalve.com\/es\/wp-json\/wp\/v2\/media?parent=570"}],"wp:term":[{"taxonomy":"product_brand","embeddable":true,"href":"https:\/\/jstvalve.com\/es\/wp-json\/wp\/v2\/product_brand?post=570"},{"taxonomy":"product_cat","embeddable":true,"href":"https:\/\/jstvalve.com\/es\/wp-json\/wp\/v2\/product_cat?post=570"},{"taxonomy":"product_tag","embeddable":true,"href":"https:\/\/jstvalve.com\/es\/wp-json\/wp\/v2\/product_tag?post=570"}],"curies":[{"name":"wp","href":"https:\/\/api.w.org\/{rel}","templated":true}]}}