{"id":566,"date":"2026-03-25T06:00:19","date_gmt":"2026-03-25T06:00:19","guid":{"rendered":"https:\/\/jstvalve.com\/?post_type=product&#038;p=566"},"modified":"2026-03-27T08:08:01","modified_gmt":"2026-03-27T08:08:01","slug":"valvulas-de-descarga-de-niquel","status":"publish","type":"product","link":"https:\/\/jstvalve.com\/es\/product\/nickel-discharge-valves\/","title":{"rendered":"V\u00e1lvulas de descarga de n\u00edquel"},"content":{"rendered":"<hr \/>\n<h6>Caracter\u00edsticas materiales de las v\u00e1lvulas de descarga de n\u00edquel<\/h6>\n<p>El n\u00edquel puro es anticorrosi\u00f3n extrema bajo cualquier densidad y soluci\u00f3n alcalina c\u00e1ustica de alta temperatura, y el rendimiento antifisuras alcalinas es excepcional. Se aplica principalmente en condiciones de medio corrosivo alcalino espeso a alta temperatura.<\/p>\n<p>Se distingue por su ductilidad, solidez y resistencia a la corrosi\u00f3n y al calor. Resiste la corrosi\u00f3n incluso a altas temperaturas y \u00e1lcalis concentrados.<\/p>\n<p>Tambi\u00e9n tiene buenas propiedades mec\u00e1nicas y una excelente resistencia a muchos ambientes corrosivos.  Otras caracter\u00edsticas \u00fatiles de la aleaci\u00f3n son sus propiedades magn\u00e9ticas y magnetostrictivas, su alta conductividad t\u00e9rmica y el\u00e9ctrica, su bajo contenido en gas y su baja presi\u00f3n de vapor.<\/p>\n<hr \/>\n<h6>V\u00e1lvulas de descarga de n\u00edquel Tipo<\/h6>\n<p><strong>V\u00e1lvulas de descarga hacia arriba<\/strong><\/p>\n<p><strong>Caracter\u00edsticas de dise\u00f1o<\/strong><\/p>\n<ol class=\"list-paddingleft-2\">\n<li>La junta se coloca en la ranura c\u00f3ncava del cuerpo de la v\u00e1lvula, la junta puede mantener la elasticidad durante mucho tiempo y el sellado es fiable.<\/li>\n<li>Dise\u00f1o de n\u00facleo de v\u00e1lvula de forja integral, con mayor resistencia.<\/li>\n<li>Ampliar el tama\u00f1o del v\u00e1stago y la varilla de conexi\u00f3n hizo que las v\u00e1lvulas fueran m\u00e1s estables y firmes.<\/li>\n<li>Los cuerpos de v\u00e1lvula de estructura de tambor de cintura tienen una buena l\u00ednea aerodin\u00e1mica, puede aumentar la capacidad de flujo y reducir la deposici\u00f3n de medio.<\/li>\n<li>El dise\u00f1o de la empaquetadura con resorte proporciona un sellado m\u00e1s fiable y realiza el ajuste en l\u00ednea del sellado de la empaquetadura.<\/li>\n<li>El n\u00facleo de la v\u00e1lvula tiene un dispositivo de gu\u00eda para proteger el v\u00e1stago de la desviaci\u00f3n<\/li>\n<\/ol>\n<p><strong>Piezas y material<\/strong><\/p>\n<div class=\"overflow-x\">\n<table style=\"border-collapse: collapse; text-align: left; width: 100%;\" border=\"1\" cellspacing=\"0\" cellpadding=\"6\">\n<thead>\n<tr style=\"background-color: #d9edf7; font-weight: bold;\">\n<td>No.<\/td>\n<td>Nombre de la pieza<\/td>\n<td>Material<\/td>\n<\/tr>\n<\/thead>\n<tbody>\n<tr>\n<td>1<\/td>\n<td>Disco<\/td>\n<td>Hastelloy C276<\/td>\n<\/tr>\n<tr>\n<td>2<\/td>\n<td>Cap\u00f3 de disco<\/td>\n<td>Hastelloy C276<\/td>\n<\/tr>\n<tr>\n<td>3<\/td>\n<td>Asiento<\/td>\n<td>Hastelloy C276<\/td>\n<\/tr>\n<tr>\n<td>4<\/td>\n<td>Junta<\/td>\n<td>Hastelloy C276 + Grafito<\/td>\n<\/tr>\n<tr>\n<td>5<\/td>\n<td>Cuerpo<\/td>\n<td>N\u00edquel<\/td>\n<\/tr>\n<tr>\n<td>6<\/td>\n<td>V\u00e1stago<\/td>\n<td>Hastelloy C276<\/td>\n<\/tr>\n<tr>\n<td>7<\/td>\n<td>Embalaje<\/td>\n<td>Grafito<\/td>\n<\/tr>\n<tr>\n<td>8<\/td>\n<td>Casquillo prensaestopas<\/td>\n<td>Hastelloy C276<\/td>\n<\/tr>\n<tr>\n<td>9<\/td>\n<td>Stud<\/td>\n<td>304<\/td>\n<\/tr>\n<tr>\n<td>10<\/td>\n<td>Tuerca hexagonal<\/td>\n<td>304<\/td>\n<\/tr>\n<tr>\n<td>11<\/td>\n<td>Atrezzo<\/td>\n<td>304<\/td>\n<\/tr>\n<tr>\n<td>12<\/td>\n<td>Placa gu\u00eda<\/td>\n<td>304<\/td>\n<\/tr>\n<tr>\n<td>13<\/td>\n<td>Tornillo<\/td>\n<td>304<\/td>\n<\/tr>\n<tr>\n<td>14<\/td>\n<td>Tuerca del v\u00e1stago<\/td>\n<td>DAL9-4<\/td>\n<\/tr>\n<tr>\n<td>15<\/td>\n<td>Asiento de apoyo<\/td>\n<td>304<\/td>\n<\/tr>\n<\/tbody>\n<\/table>\n<p>&gt;<br \/>\n<img decoding=\"async\" src=\"https:\/\/www.wsv-valve.com\/uploads\/image\/20210428\/nickel-discharge-valves.jpg\" alt=\"V\u00e1lvulas de descarga de n\u00edquel\" \/><\/p>\n<p><strong>tambi\u00e9n podemos suministrar v\u00e1lvulas de descarga hacia abajo.<\/strong><\/p>\n<\/div>","protected":false},"excerpt":{"rendered":"<p>El n\u00edquel puro es n\u00edquel forjado comercialmente puro (99,6%).<\/p>\n<p>JST es fabricante de v\u00e1lvulas de n\u00edquel puro. Normalmente, JST puede suministrar n\u00edquel 200 y n\u00edquel 201 v\u00e1lvulas materiales.<\/p>","protected":false},"featured_media":634,"comment_status":"open","ping_status":"closed","template":"","meta":{"_kad_post_transparent":"","_kad_post_title":"","_kad_post_layout":"","_kad_post_sidebar_id":"","_kad_post_content_style":"","_kad_post_vertical_padding":"","_kad_post_feature":"","_kad_post_feature_position":"","_kad_post_header":false,"_kad_post_footer":false,"_kad_post_classname":""},"product_brand":[],"product_cat":[31],"product_tag":[],"class_list":{"0":"post-566","1":"product","2":"type-product","3":"status-publish","4":"has-post-thumbnail","6":"product_cat-discharge-valve","8":"first","9":"instock","10":"shipping-taxable","11":"product-type-simple","12":"entry","13":"content-bg","14":"loop-entry"},"_links":{"self":[{"href":"https:\/\/jstvalve.com\/es\/wp-json\/wp\/v2\/product\/566","targetHints":{"allow":["GET"]}}],"collection":[{"href":"https:\/\/jstvalve.com\/es\/wp-json\/wp\/v2\/product"}],"about":[{"href":"https:\/\/jstvalve.com\/es\/wp-json\/wp\/v2\/types\/product"}],"replies":[{"embeddable":true,"href":"https:\/\/jstvalve.com\/es\/wp-json\/wp\/v2\/comments?post=566"}],"wp:featuredmedia":[{"embeddable":true,"href":"https:\/\/jstvalve.com\/es\/wp-json\/wp\/v2\/media\/634"}],"wp:attachment":[{"href":"https:\/\/jstvalve.com\/es\/wp-json\/wp\/v2\/media?parent=566"}],"wp:term":[{"taxonomy":"product_brand","embeddable":true,"href":"https:\/\/jstvalve.com\/es\/wp-json\/wp\/v2\/product_brand?post=566"},{"taxonomy":"product_cat","embeddable":true,"href":"https:\/\/jstvalve.com\/es\/wp-json\/wp\/v2\/product_cat?post=566"},{"taxonomy":"product_tag","embeddable":true,"href":"https:\/\/jstvalve.com\/es\/wp-json\/wp\/v2\/product_tag?post=566"}],"curies":[{"name":"wp","href":"https:\/\/api.w.org\/{rel}","templated":true}]}}