{"id":565,"date":"2026-03-25T06:00:19","date_gmt":"2026-03-25T06:00:19","guid":{"rendered":"https:\/\/jstvalve.com\/?post_type=product&#038;p=565"},"modified":"2026-03-27T08:07:52","modified_gmt":"2026-03-27T08:07:52","slug":"valvulas-de-bola-de-niquel","status":"publish","type":"product","link":"https:\/\/jstvalve.com\/es\/product\/nickel-ball-valves\/","title":{"rendered":"V\u00e1lvulas de bola de n\u00edquel"},"content":{"rendered":"<hr \/>\n<h6>Caracter\u00edsticas de resistencia a la corrosi\u00f3n de las v\u00e1lvulas de bola de n\u00edquel<\/h6>\n<ul class=\"list-paddingleft-2\">\n<li>La v\u00e1lvula de bola manual tiene un buen rendimiento de sellado. El asiento de la v\u00e1lvula de bola de n\u00edquel puro (anillo de sellado) se hace generalmente de un material el\u00e1stico como el tefl\u00f3n, que es f\u00e1cil de asegurar el sello, y la fuerza de sellado de la v\u00e1lvula de bola aumenta a medida que aumenta la presi\u00f3n del medio.<\/li>\n<li>El sellado manual del v\u00e1stago de la v\u00e1lvula es fiable. Cuando la v\u00e1lvula de bola se abre y se cierra, el v\u00e1stago de la v\u00e1lvula s\u00f3lo gira 90\u00b0, por lo que el sello de empaquetadura del v\u00e1stago de la v\u00e1lvula no se da\u00f1a f\u00e1cilmente, y la fuerza de sellado del sello invertido del v\u00e1stago de la v\u00e1lvula aumenta con el aumento de la presi\u00f3n del medio.<\/li>\n<li>La apertura y cierre de la v\u00e1lvula de bola de n\u00edquel puro s\u00f3lo realiza una rotaci\u00f3n de 90\u00b0, por lo que es f\u00e1cil realizar el control autom\u00e1tico y el control remoto.<\/li>\n<li>Si la v\u00e1lvula de bola de n\u00edquel puro puede resistir la corrosi\u00f3n del medio del entorno de trabajo, la clave reside en la estabilidad qu\u00edmica de la \u201cpel\u00edcula de \u00f3xido pasiva\u201d de la superficie en el medio corrosivo.<\/li>\n<\/ul>\n<hr \/>\n<h6>Aplicaci\u00f3n de las v\u00e1lvulas de bola de n\u00edquel<\/h6>\n<ul class=\"list-paddingleft-2\">\n<li>Industria petroqu\u00edmica<\/li>\n<li>Metalurgia<\/li>\n<li>Industrias relacionadas con la energ\u00eda nuclear<\/li>\n<li>Explotaci\u00f3n marina<\/li>\n<li>Desulfuraci\u00f3n en centrales el\u00e9ctricas<\/li>\n<\/ul>\n<p>Los distintos tipos de v\u00e1lvulas industriales tienen diversas aplicaciones en muchas circunstancias.<\/p>","protected":false},"excerpt":{"rendered":"<p>La v\u00e1lvula de bola de n\u00edquel puro tiene una peque\u00f1a resistencia al flujo, que es una de las peque\u00f1as resistencias al fluido de todas las v\u00e1lvulas de n\u00edquel. Incluso para una v\u00e1lvula de bola de paso reducido, la resistencia al fluido es bastante peque\u00f1a.<\/p>","protected":false},"featured_media":632,"comment_status":"open","ping_status":"closed","template":"","meta":{"_kad_post_transparent":"","_kad_post_title":"","_kad_post_layout":"","_kad_post_sidebar_id":"","_kad_post_content_style":"","_kad_post_vertical_padding":"","_kad_post_feature":"","_kad_post_feature_position":"","_kad_post_header":false,"_kad_post_footer":false,"_kad_post_classname":""},"product_brand":[],"product_cat":[25],"product_tag":[],"class_list":{"0":"post-565","1":"product","2":"type-product","3":"status-publish","4":"has-post-thumbnail","6":"product_cat-ball-valve","8":"first","9":"instock","10":"shipping-taxable","11":"product-type-simple","12":"entry","13":"content-bg","14":"loop-entry"},"_links":{"self":[{"href":"https:\/\/jstvalve.com\/es\/wp-json\/wp\/v2\/product\/565","targetHints":{"allow":["GET"]}}],"collection":[{"href":"https:\/\/jstvalve.com\/es\/wp-json\/wp\/v2\/product"}],"about":[{"href":"https:\/\/jstvalve.com\/es\/wp-json\/wp\/v2\/types\/product"}],"replies":[{"embeddable":true,"href":"https:\/\/jstvalve.com\/es\/wp-json\/wp\/v2\/comments?post=565"}],"wp:featuredmedia":[{"embeddable":true,"href":"https:\/\/jstvalve.com\/es\/wp-json\/wp\/v2\/media\/632"}],"wp:attachment":[{"href":"https:\/\/jstvalve.com\/es\/wp-json\/wp\/v2\/media?parent=565"}],"wp:term":[{"taxonomy":"product_brand","embeddable":true,"href":"https:\/\/jstvalve.com\/es\/wp-json\/wp\/v2\/product_brand?post=565"},{"taxonomy":"product_cat","embeddable":true,"href":"https:\/\/jstvalve.com\/es\/wp-json\/wp\/v2\/product_cat?post=565"},{"taxonomy":"product_tag","embeddable":true,"href":"https:\/\/jstvalve.com\/es\/wp-json\/wp\/v2\/product_tag?post=565"}],"curies":[{"name":"wp","href":"https:\/\/api.w.org\/{rel}","templated":true}]}}