{"id":720,"date":"2026-03-25T06:00:51","date_gmt":"2026-03-25T06:00:51","guid":{"rendered":"https:\/\/jstvalve.com\/?post_type=product&#038;p=720"},"modified":"2026-03-30T03:00:17","modified_gmt":"2026-03-30T03:00:17","slug":"superaustenitische-auslassventile","status":"publish","type":"product","link":"https:\/\/jstvalve.com\/de\/product\/super-austenitic-discharge-valves\/","title":{"rendered":"Super Austenitische Auslassventile"},"content":{"rendered":"<hr \/>\n<h6>Merkmale von superaustenitischen Entleerungsventilen<\/h6>\n<p>Der superaustenitische Edelstahl 904L ist ein austenitischer Edelstahl mit niedrigem Kohlenstoffgehalt und hohem Nickel- und Molybd\u00e4ngehalt, der aus Frankreich importiert wurde.<\/p>\n<p>254SMO (UNS S31254) ist ein hoch korrosionsbest\u00e4ndiger austenitischer rostfreier Stahl mit hohem Nickel-, Chrom- und Molybd\u00e4ngehalt und bietet eine ausgezeichnete Korrosionsbest\u00e4ndigkeit in schweren Korrosionsumgebungen, wie z. B. in Hochtemperaturseewasser.<\/p>\n<p>AL-6XN ist ein typischer superaustenitischer Edelstahl mit 6 Molybd\u00e4n (hoher Molybd\u00e4ngehalt 6,3%).<\/p>\n<p>Alloy 20 ist ein rostfreier Stahl mit extrem hoher Korrosionsbest\u00e4ndigkeit gegen\u00fcber Schwefels\u00e4ure.<\/p>\n<hr \/>\n<h6>Super Austenitische Auslassventile Typ<\/h6>\n<p><strong>Aufw\u00e4rtsgerichtete Auslassventile<\/strong><\/p>\n<p><strong>Design-Merkmale<\/strong><\/p>\n<ol class=\"list-paddingleft-2\">\n<li>Die Dichtung wird in die konkave Nut des Ventilgeh\u00e4uses eingelegt. Die Dichtung kann die Elastizit\u00e4t f\u00fcr eine lange Zeit beibehalten und die Abdichtung ist zuverl\u00e4ssig.<\/li>\n<li>Integral geschmiedeter Ventileinsatz, mit besserer Festigkeit.<\/li>\n<li>Durch die Vergr\u00f6\u00dferung der Spindel und der Verbindungsstange wurden die Ventile stabiler und fester.<\/li>\n<li>Die Ventilk\u00f6rper mit Taillentrommelstruktur haben eine gute Stromlinienform, sie k\u00f6nnen die Durchflusskapazit\u00e4t erh\u00f6hen und die Ablagerung des Mediums verringern.<\/li>\n<li>Die federbelastete Packungskonstruktion bietet eine zuverl\u00e4ssigere Abdichtung und erm\u00f6glicht eine Online-Einstellung der Packungsdichtung<\/li>\n<li>Ventileinsatz mit F\u00fchrungsvorrichtung zum Schutz der Spindel vor Abweichungen<\/li>\n<\/ol>\n<p><strong>Teile &amp; Material<\/strong><\/p>\n<div class=\"overflow-x\">\n<table border=\"1\" cellspacing=\"0\" cellpadding=\"6\">\n<tbody>\n<tr class=\"firstRow\" bgcolor=\"#E6F2FF\">\n<td><b>Nein.<\/b><\/td>\n<td><b>Teil Name<\/b><\/td>\n<td><b>Material<\/b><\/td>\n<\/tr>\n<tr>\n<td>1<\/td>\n<td>Scheibe<\/td>\n<td>Superaustenitische Legierung<\/td>\n<\/tr>\n<tr>\n<td>2<\/td>\n<td>Scheibenhaube<\/td>\n<td>Superaustenitische Legierung<\/td>\n<\/tr>\n<tr>\n<td>3<\/td>\n<td>Sitz<\/td>\n<td>Superaustenitische Legierung<\/td>\n<\/tr>\n<tr>\n<td>4<\/td>\n<td>Dichtung<\/td>\n<td>Superaustenitische Legierung+Graphit<\/td>\n<\/tr>\n<tr>\n<td>5<\/td>\n<td>K\u00f6rper<\/td>\n<td>Superaustenitische Legierung<\/td>\n<\/tr>\n<tr>\n<td>6<\/td>\n<td>Vorbau<\/td>\n<td>Superaustenitische Legierung<\/td>\n<\/tr>\n<tr>\n<td>7<\/td>\n<td>Verpacken<\/td>\n<td>Graphit<\/td>\n<\/tr>\n<tr>\n<td>8<\/td>\n<td>Stopfbuchse<\/td>\n<td>Superaustenitische Legierung<\/td>\n<\/tr>\n<tr>\n<td>9<\/td>\n<td>Bolzen<\/td>\n<td>304<\/td>\n<\/tr>\n<tr>\n<td>10<\/td>\n<td>Sechskantmutter<\/td>\n<td>304<\/td>\n<\/tr>\n<tr>\n<td>11<\/td>\n<td>Requisite<\/td>\n<td>304<\/td>\n<\/tr>\n<tr>\n<td>12<\/td>\n<td>Leitblech<\/td>\n<td>304<\/td>\n<\/tr>\n<tr>\n<td>13<\/td>\n<td>Schraube<\/td>\n<td>304<\/td>\n<\/tr>\n<tr>\n<td>14<\/td>\n<td>Spindelmutter<\/td>\n<td>DAL9-4<\/td>\n<\/tr>\n<tr>\n<td>15<\/td>\n<td>St\u00fctzsitz<\/td>\n<td>304<\/td>\n<\/tr>\n<\/tbody>\n<\/table>\n<p>&gt;<\/p>\n<\/div>\n<p><img decoding=\"async\" title=\"Super Austenitische Auslassventile\" src=\"https:\/\/www.wsv-valve.com\/uploads\/image\/20210428\/super-austenitic-discharge-valves.jpg\" alt=\"Super Austenitische Auslassventile\" \/><\/p>","protected":false},"excerpt":{"rendered":"<p>Rostfreier Stahl mit hohem Nickel-, Molybd\u00e4n-, Kupfer- und Stickstoffgehalt und einer f\u00fcr 100% Austenit typischen Mikrostruktur des Matrixmetalls wird als rostfreier Super-Austenit-Stahl bezeichnet.<\/p>\n<p>Da superaustenitischer rostfreier Stahl einen hohen Anteil an Nickel und Molybd\u00e4n hat und Kupfer und Stickstoff enth\u00e4lt, ist er leicht zu schmelzen. Leicht zu biegen, Rissbildung, und so weiter, so super austenitischen Edelstahl ist die Edelstahl-Produktionsprozess Anforderung der h\u00f6chsten, die schwierigste Sorte, es ist die konzentrierte Verk\u00f6rperung der Stahl-Technologie.<\/p>","protected":false},"featured_media":734,"comment_status":"open","ping_status":"closed","template":"","meta":{"_kad_post_transparent":"default","_kad_post_title":"","_kad_post_layout":"default","_kad_post_sidebar_id":"","_kad_post_content_style":"default","_kad_post_vertical_padding":"default","_kad_post_feature":"","_kad_post_feature_position":"","_kad_post_header":false,"_kad_post_footer":false,"_kad_post_classname":""},"product_brand":[],"product_cat":[31],"product_tag":[],"class_list":{"0":"post-720","1":"product","2":"type-product","3":"status-publish","4":"has-post-thumbnail","6":"product_cat-discharge-valve","8":"first","9":"instock","10":"shipping-taxable","11":"product-type-simple","12":"entry","13":"content-bg","14":"loop-entry"},"_links":{"self":[{"href":"https:\/\/jstvalve.com\/de\/wp-json\/wp\/v2\/product\/720","targetHints":{"allow":["GET"]}}],"collection":[{"href":"https:\/\/jstvalve.com\/de\/wp-json\/wp\/v2\/product"}],"about":[{"href":"https:\/\/jstvalve.com\/de\/wp-json\/wp\/v2\/types\/product"}],"replies":[{"embeddable":true,"href":"https:\/\/jstvalve.com\/de\/wp-json\/wp\/v2\/comments?post=720"}],"wp:featuredmedia":[{"embeddable":true,"href":"https:\/\/jstvalve.com\/de\/wp-json\/wp\/v2\/media\/734"}],"wp:attachment":[{"href":"https:\/\/jstvalve.com\/de\/wp-json\/wp\/v2\/media?parent=720"}],"wp:term":[{"taxonomy":"product_brand","embeddable":true,"href":"https:\/\/jstvalve.com\/de\/wp-json\/wp\/v2\/product_brand?post=720"},{"taxonomy":"product_cat","embeddable":true,"href":"https:\/\/jstvalve.com\/de\/wp-json\/wp\/v2\/product_cat?post=720"},{"taxonomy":"product_tag","embeddable":true,"href":"https:\/\/jstvalve.com\/de\/wp-json\/wp\/v2\/product_tag?post=720"}],"curies":[{"name":"wp","href":"https:\/\/api.w.org\/{rel}","templated":true}]}}