{"id":659,"date":"2026-03-25T06:00:39","date_gmt":"2026-03-25T06:00:39","guid":{"rendered":"https:\/\/jstvalve.com\/?post_type=product&#038;p=659"},"modified":"2026-03-30T01:56:41","modified_gmt":"2026-03-30T01:56:41","slug":"duplex-plug-valves","status":"publish","type":"product","link":"https:\/\/jstvalve.com\/de\/produkt\/duplex-plug-valves\/","title":{"rendered":"Duplex-Kegelventile"},"content":{"rendered":"<hr \/>\n<h6>Korrosionsbest\u00e4ndigkeit von Duplex-Kegelventilen<\/h6>\n<p>Wie bei allen nichtrostenden St\u00e4hlen h\u00e4ngt die Korrosionsbest\u00e4ndigkeit haupts\u00e4chlich von der Zusammensetzung des nichtrostenden Stahls ab. F\u00fcr die Best\u00e4ndigkeit gegen Chlorid-Lochfra\u00df und Spaltkorrosion ist der Gehalt an Chrom, Molybd\u00e4n und Stickstoff am wichtigsten. Die Korrosionsbest\u00e4ndigkeit von nichtrostenden Duplexst\u00e4hlen ist \u00e4hnlich wie die von austenitischen nichtrostenden St\u00e4hlen, d. h. von Typ 304 oder 316 (z. B. LDX 2101\u00a9) bis zu 6%-Molybd\u00e4n (z. B. SAF 2507\u00a9).<\/p>\n<hr \/>\n<h6>Die Kosten f\u00fcr Duplex-Kegelventile<\/h6>\n<p>Nichtrostende Duplexst\u00e4hle haben einen geringeren Nickel- und Molybd\u00e4ngehalt als ihre austenitischen Gegenst\u00fccke mit \u00e4hnlicher Korrosionsbest\u00e4ndigkeit. Aufgrund des geringeren Legierungsgehalts k\u00f6nnen nichtrostende Duplexst\u00e4hle kosteng\u00fcnstiger sein, insbesondere in Zeiten hoher Legierungszuschl\u00e4ge. Dar\u00fcber hinaus ist es oft m\u00f6glich, die Querschnittsdicke von nichtrostendem Duplexstahl zu verringern, da er im Vergleich zu austenitischem nichtrostendem Stahl eine h\u00f6here Streckgrenze aufweist. Diese Kombination kann zu erheblichen Kosten- und Gewichtseinsparungen im Vergleich zu einer L\u00f6sung aus austenitischem Edelstahl f\u00fchren.<\/p>\n<hr \/>\n<h6>Anwendungen von Duplex-Kegelventilen<\/h6>\n<p>Duplex-Ventile sind vielseitig und k\u00f6nnen in verschiedenen Anwendungen eingesetzt werden, in denen eine zuverl\u00e4ssige und effiziente Durchflussregelung erforderlich ist, z. B. in der chemischen Verarbeitung, in \u00d6l- und Gaspipelines, bei der Wasseraufbereitung, bei der Stromerzeugung usw.<\/p>","protected":false},"excerpt":{"rendered":"<p>Nichtrostende Duplexst\u00e4hle werden so genannt, weil sie ein zweiphasiges Gef\u00fcge aufweisen, das aus K\u00f6rnern von ferritischem und austenitischem nichtrostendem Stahl besteht.<\/p>\n<p>Festigkeit: Duplex-Edelst\u00e4hle sind etwa doppelt so fest wie normale austenitische oder ferritische Edelst\u00e4hle.<\/p>\n<p>Super-Duplex-Ventile werden in vielen Industriezweigen eingesetzt, z. B. in der Petrochemie, der chemischen Industrie, der Lebensmittelverarbeitung, der \u00d6l- und Gasindustrie.<\/p>","protected":false},"featured_media":701,"comment_status":"open","ping_status":"closed","template":"","meta":{"_kad_post_transparent":"","_kad_post_title":"","_kad_post_layout":"","_kad_post_sidebar_id":"","_kad_post_content_style":"","_kad_post_vertical_padding":"","_kad_post_feature":"","_kad_post_feature_position":"","_kad_post_header":false,"_kad_post_footer":false,"_kad_post_classname":""},"product_brand":[],"product_cat":[27],"product_tag":[],"class_list":{"0":"post-659","1":"product","2":"type-product","3":"status-publish","4":"has-post-thumbnail","6":"product_cat-plug-valve","8":"first","9":"instock","10":"shipping-taxable","11":"product-type-simple","12":"entry","13":"content-bg","14":"loop-entry"},"yoast_head":"<!-- This site is optimized with the Yoast SEO Premium plugin v26.7 (Yoast SEO v27.2) - https:\/\/yoast.com\/product\/yoast-seo-premium-wordpress\/ -->\n<title>Duplex Plug Valves - jstvalve.com<\/title>\n<meta name=\"robots\" content=\"index, follow, max-snippet:-1, max-image-preview:large, max-video-preview:-1\" \/>\n<link rel=\"canonical\" href=\"https:\/\/jstvalve.com\/de\/produkt\/duplex-plug-valves\/\" \/>\n<meta property=\"og:locale\" content=\"de_DE\" \/>\n<meta property=\"og:type\" content=\"article\" \/>\n<meta property=\"og:title\" content=\"Duplex Plug Valves\" \/>\n<meta property=\"og:description\" content=\"Duplex stainless steels are called \u201cduplex\u201d because they have a two-phase microstructure consisting of grains of ferritic and austenitic stainless steel.  Strength: Duplex stainless steels are about twice as strong as regular austenitic or ferritic stainless steels.  Super duplex valves are used in many industries such as petrochemical, chemical equipment, food processing, oil, and gas.\" \/>\n<meta property=\"og:url\" content=\"https:\/\/jstvalve.com\/de\/produkt\/duplex-plug-valves\/\" \/>\n<meta property=\"og:site_name\" content=\"jstvalve.com\" \/>\n<meta property=\"article:publisher\" content=\"https:\/\/www.facebook.com\/jst.valve\/\" \/>\n<meta property=\"article:modified_time\" content=\"2026-03-30T01:56:41+00:00\" \/>\n<meta property=\"og:image\" content=\"https:\/\/jstvalve.com\/wp-content\/uploads\/2026\/03\/DM_20250821083912_023.jpeg\" \/>\n\t<meta property=\"og:image:width\" content=\"257\" \/>\n\t<meta property=\"og:image:height\" content=\"257\" \/>\n\t<meta property=\"og:image:type\" content=\"image\/jpeg\" \/>\n<meta name=\"twitter:card\" content=\"summary_large_image\" \/>\n<meta name=\"twitter:label1\" content=\"Gesch\u00e4tzte Lesezeit\" \/>\n\t<meta name=\"twitter:data1\" content=\"1\u00a0Minute\" \/>\n<script type=\"application\/ld+json\" class=\"yoast-schema-graph\">{\"@context\":\"https:\/\/schema.org\",\"@graph\":[{\"@type\":\"WebPage\",\"@id\":\"https:\/\/jstvalve.com\/product\/duplex-plug-valves\/\",\"url\":\"https:\/\/jstvalve.com\/product\/duplex-plug-valves\/\",\"name\":\"Duplex Plug Valves - jstvalve.com\",\"isPartOf\":{\"@id\":\"https:\/\/jstvalve.com\/#website\"},\"primaryImageOfPage\":{\"@id\":\"https:\/\/jstvalve.com\/product\/duplex-plug-valves\/#primaryimage\"},\"image\":{\"@id\":\"https:\/\/jstvalve.com\/product\/duplex-plug-valves\/#primaryimage\"},\"thumbnailUrl\":\"https:\/\/jstvalve.com\/wp-content\/uploads\/2026\/03\/DM_20250821083912_023.jpeg\",\"datePublished\":\"2026-03-25T06:00:39+00:00\",\"dateModified\":\"2026-03-30T01:56:41+00:00\",\"breadcrumb\":{\"@id\":\"https:\/\/jstvalve.com\/product\/duplex-plug-valves\/#breadcrumb\"},\"inLanguage\":\"de\",\"potentialAction\":[{\"@type\":\"ReadAction\",\"target\":[\"https:\/\/jstvalve.com\/product\/duplex-plug-valves\/\"]}]},{\"@type\":\"ImageObject\",\"inLanguage\":\"de\",\"@id\":\"https:\/\/jstvalve.com\/product\/duplex-plug-valves\/#primaryimage\",\"url\":\"https:\/\/jstvalve.com\/wp-content\/uploads\/2026\/03\/DM_20250821083912_023.jpeg\",\"contentUrl\":\"https:\/\/jstvalve.com\/wp-content\/uploads\/2026\/03\/DM_20250821083912_023.jpeg\",\"width\":257,\"height\":257},{\"@type\":\"BreadcrumbList\",\"@id\":\"https:\/\/jstvalve.com\/product\/duplex-plug-valves\/#breadcrumb\",\"itemListElement\":[{\"@type\":\"ListItem\",\"position\":1,\"name\":\"Home\",\"item\":\"https:\/\/jstvalve.com\/\"},{\"@type\":\"ListItem\",\"position\":2,\"name\":\"Shop\",\"item\":\"https:\/\/jstvalve.com\/?page_id=257\"},{\"@type\":\"ListItem\",\"position\":3,\"name\":\"Duplex Plug Valves\"}]},{\"@type\":\"WebSite\",\"@id\":\"https:\/\/jstvalve.com\/#website\",\"url\":\"https:\/\/jstvalve.com\/\",\"name\":\"jstvalve.com\",\"description\":\"\",\"publisher\":{\"@id\":\"https:\/\/jstvalve.com\/#organization\"},\"potentialAction\":[{\"@type\":\"SearchAction\",\"target\":{\"@type\":\"EntryPoint\",\"urlTemplate\":\"https:\/\/jstvalve.com\/?s={search_term_string}\"},\"query-input\":{\"@type\":\"PropertyValueSpecification\",\"valueRequired\":true,\"valueName\":\"search_term_string\"}}],\"inLanguage\":\"de\"},{\"@type\":\"Organization\",\"@id\":\"https:\/\/jstvalve.com\/#organization\",\"name\":\"jstvalve.com\",\"url\":\"https:\/\/jstvalve.com\/\",\"logo\":{\"@type\":\"ImageObject\",\"inLanguage\":\"de\",\"@id\":\"https:\/\/jstvalve.com\/#\/schema\/logo\/image\/\",\"url\":\"https:\/\/jstvalve.com\/wp-content\/uploads\/2026\/03\/cropped-1608878501.webp\",\"contentUrl\":\"https:\/\/jstvalve.com\/wp-content\/uploads\/2026\/03\/cropped-1608878501.webp\",\"width\":300,\"height\":154,\"caption\":\"jstvalve.com\"},\"image\":{\"@id\":\"https:\/\/jstvalve.com\/#\/schema\/logo\/image\/\"},\"sameAs\":[\"https:\/\/www.facebook.com\/jst.valve\/\"]}]}<\/script>\n<!-- \/ Yoast SEO Premium plugin. -->","yoast_head_json":{"title":"Duplex Plug Valves - jstvalve.com","robots":{"index":"index","follow":"follow","max-snippet":"max-snippet:-1","max-image-preview":"max-image-preview:large","max-video-preview":"max-video-preview:-1"},"canonical":"https:\/\/jstvalve.com\/de\/produkt\/duplex-plug-valves\/","og_locale":"de_DE","og_type":"article","og_title":"Duplex Plug Valves","og_description":"Duplex stainless steels are called \u201cduplex\u201d because they have a two-phase microstructure consisting of grains of ferritic and austenitic stainless steel.  Strength: Duplex stainless steels are about twice as strong as regular austenitic or ferritic stainless steels.  Super duplex valves are used in many industries such as petrochemical, chemical equipment, food processing, oil, and gas.","og_url":"https:\/\/jstvalve.com\/de\/produkt\/duplex-plug-valves\/","og_site_name":"jstvalve.com","article_publisher":"https:\/\/www.facebook.com\/jst.valve\/","article_modified_time":"2026-03-30T01:56:41+00:00","og_image":[{"width":257,"height":257,"url":"https:\/\/jstvalve.com\/wp-content\/uploads\/2026\/03\/DM_20250821083912_023.jpeg","type":"image\/jpeg"}],"twitter_card":"summary_large_image","twitter_misc":{"Gesch\u00e4tzte Lesezeit":"1\u00a0Minute"},"schema":{"@context":"https:\/\/schema.org","@graph":[{"@type":"WebPage","@id":"https:\/\/jstvalve.com\/product\/duplex-plug-valves\/","url":"https:\/\/jstvalve.com\/product\/duplex-plug-valves\/","name":"Duplex Plug Valves - jstvalve.com","isPartOf":{"@id":"https:\/\/jstvalve.com\/#website"},"primaryImageOfPage":{"@id":"https:\/\/jstvalve.com\/product\/duplex-plug-valves\/#primaryimage"},"image":{"@id":"https:\/\/jstvalve.com\/product\/duplex-plug-valves\/#primaryimage"},"thumbnailUrl":"https:\/\/jstvalve.com\/wp-content\/uploads\/2026\/03\/DM_20250821083912_023.jpeg","datePublished":"2026-03-25T06:00:39+00:00","dateModified":"2026-03-30T01:56:41+00:00","breadcrumb":{"@id":"https:\/\/jstvalve.com\/product\/duplex-plug-valves\/#breadcrumb"},"inLanguage":"de","potentialAction":[{"@type":"ReadAction","target":["https:\/\/jstvalve.com\/product\/duplex-plug-valves\/"]}]},{"@type":"ImageObject","inLanguage":"de","@id":"https:\/\/jstvalve.com\/product\/duplex-plug-valves\/#primaryimage","url":"https:\/\/jstvalve.com\/wp-content\/uploads\/2026\/03\/DM_20250821083912_023.jpeg","contentUrl":"https:\/\/jstvalve.com\/wp-content\/uploads\/2026\/03\/DM_20250821083912_023.jpeg","width":257,"height":257},{"@type":"BreadcrumbList","@id":"https:\/\/jstvalve.com\/product\/duplex-plug-valves\/#breadcrumb","itemListElement":[{"@type":"ListItem","position":1,"name":"Home","item":"https:\/\/jstvalve.com\/"},{"@type":"ListItem","position":2,"name":"Shop","item":"https:\/\/jstvalve.com\/?page_id=257"},{"@type":"ListItem","position":3,"name":"Duplex Plug Valves"}]},{"@type":"WebSite","@id":"https:\/\/jstvalve.com\/#website","url":"https:\/\/jstvalve.com\/","name":"jstvalve.com","description":"","publisher":{"@id":"https:\/\/jstvalve.com\/#organization"},"potentialAction":[{"@type":"SearchAction","target":{"@type":"EntryPoint","urlTemplate":"https:\/\/jstvalve.com\/?s={search_term_string}"},"query-input":{"@type":"PropertyValueSpecification","valueRequired":true,"valueName":"search_term_string"}}],"inLanguage":"de"},{"@type":"Organization","@id":"https:\/\/jstvalve.com\/#organization","name":"jstvalve.com","url":"https:\/\/jstvalve.com\/","logo":{"@type":"ImageObject","inLanguage":"de","@id":"https:\/\/jstvalve.com\/#\/schema\/logo\/image\/","url":"https:\/\/jstvalve.com\/wp-content\/uploads\/2026\/03\/cropped-1608878501.webp","contentUrl":"https:\/\/jstvalve.com\/wp-content\/uploads\/2026\/03\/cropped-1608878501.webp","width":300,"height":154,"caption":"jstvalve.com"},"image":{"@id":"https:\/\/jstvalve.com\/#\/schema\/logo\/image\/"},"sameAs":["https:\/\/www.facebook.com\/jst.valve\/"]}]}},"_links":{"self":[{"href":"https:\/\/jstvalve.com\/de\/wp-json\/wp\/v2\/product\/659","targetHints":{"allow":["GET"]}}],"collection":[{"href":"https:\/\/jstvalve.com\/de\/wp-json\/wp\/v2\/product"}],"about":[{"href":"https:\/\/jstvalve.com\/de\/wp-json\/wp\/v2\/types\/product"}],"replies":[{"embeddable":true,"href":"https:\/\/jstvalve.com\/de\/wp-json\/wp\/v2\/comments?post=659"}],"wp:featuredmedia":[{"embeddable":true,"href":"https:\/\/jstvalve.com\/de\/wp-json\/wp\/v2\/media\/701"}],"wp:attachment":[{"href":"https:\/\/jstvalve.com\/de\/wp-json\/wp\/v2\/media?parent=659"}],"wp:term":[{"taxonomy":"product_brand","embeddable":true,"href":"https:\/\/jstvalve.com\/de\/wp-json\/wp\/v2\/product_brand?post=659"},{"taxonomy":"product_cat","embeddable":true,"href":"https:\/\/jstvalve.com\/de\/wp-json\/wp\/v2\/product_cat?post=659"},{"taxonomy":"product_tag","embeddable":true,"href":"https:\/\/jstvalve.com\/de\/wp-json\/wp\/v2\/product_tag?post=659"}],"curies":[{"name":"wp","href":"https:\/\/api.w.org\/{rel}","templated":true}]}}