{"id":569,"date":"2026-03-25T06:00:19","date_gmt":"2026-03-25T06:00:19","guid":{"rendered":"https:\/\/jstvalve.com\/?post_type=product&#038;p=569"},"modified":"2026-03-27T08:08:35","modified_gmt":"2026-03-27T08:08:35","slug":"monel-durchgangsventile","status":"publish","type":"product","link":"https:\/\/jstvalve.com\/de\/product\/monel-globe-valves\/","title":{"rendered":"Monel-Durchgangsventile"},"content":{"rendered":"<hr \/>\n<h6>Die Eigenschaften von Monel-Durchgangsventilen lassen sich wie folgt zusammenfassen<\/h6>\n<ol class=\"list-paddingleft-2\">\n<li>Gute Korrosionsbest\u00e4ndigkeit in marinen und chemischen Umgebungen;<\/li>\n<li>Sehr unempfindlich gegen Chloridionen-Spannungsrisskorrosion;<\/li>\n<li>Gute mechanische Eigenschaften von unter Null bis 550\u2103;<\/li>\n<li>Anerkannt von ASME kann als Druckbeh\u00e4lter bei -10~425\u2103 verwendet werden;<\/li>\n<li>Gute Verarbeitungs- und Schwei\u00dfeigenschaften.<\/li>\n<\/ol>\n<hr \/>\n<h6>Verf\u00fcgbare Monel Globe Valves\u2019 Materialqualit\u00e4ten<\/h6>\n<ul class=\"list-paddingleft-2\">\n<li>Monel 400<\/li>\n<li>Monel K500<\/li>\n<li>Guss: A494 M35-1, M35-2,M30C<\/li>\n<\/ul>\n<p><img decoding=\"async\" title=\"Verf\u00fcgbare Monel Globe Valves Werkstoffsorten\" src=\"https:\/\/www.wsv-valve.com\/uploads\/image\/20210519\/Available-Monel-Globe-Valves'-material-grades.jpg\" alt=\"Verf\u00fcgbare Monel Globe Valves Werkstoffsorten\" \/><\/p>","protected":false},"excerpt":{"rendered":"<p>Monel\u00ae ist ein hervorragender Werkstoff f\u00fcr Ventile mit Aluminium-Bronze-Geh\u00e4use f\u00fcr den Einsatz in Meerwasser. Monel\u00ae eignet sich auch sehr gut f\u00fcr den Einsatz in Sauerstoff und ist \u00e4u\u00dferst korrosionsbest\u00e4ndig. Dieses Sortiment an Monel-Ventilen wurde speziell f\u00fcr den Einsatz in gasf\u00f6rmigem Sauerstoff entwickelt. Diese Ventile k\u00f6nnen auch hinter einer Barriere installiert werden (siehe Abbildung unten), mit oder ohne Getriebe. Sie werden in der Industrie, insbesondere in Stahlwerken, in gro\u00dfem Umfang eingesetzt.<\/p>\n<p>Hauptleistung und Anwendungsbereich: Monel-Legierung Ventile haben eine ausgezeichnete Korrosionsbest\u00e4ndigkeit gegen Flusss\u00e4ure (HF), Uranfluorid (UF6, UF4), verd\u00fcnnte Schwefels\u00e4ure, Salzs\u00e4ure, Phosphors\u00e4ure, Essigs\u00e4ure, starke alkalische L\u00f6sungen, Sole, Meerwasser und Halogenelemente, so dass sie weit verbreitet in der Petrochemie, Erd\u00f6lraffination, Atomenergie-Industrie, pharmazeutische Industrie und andere gro\u00dfe moderne Unternehmen auf die wichtigsten Teile des Rohrleitungssystems verwendet werden<\/p>","protected":false},"featured_media":639,"comment_status":"open","ping_status":"closed","template":"","meta":{"_kad_post_transparent":"","_kad_post_title":"","_kad_post_layout":"","_kad_post_sidebar_id":"","_kad_post_content_style":"","_kad_post_vertical_padding":"","_kad_post_feature":"","_kad_post_feature_position":"","_kad_post_header":false,"_kad_post_footer":false,"_kad_post_classname":""},"product_brand":[],"product_cat":[24],"product_tag":[],"class_list":{"0":"post-569","1":"product","2":"type-product","3":"status-publish","4":"has-post-thumbnail","6":"product_cat-globe-valve","8":"first","9":"instock","10":"shipping-taxable","11":"product-type-simple","12":"entry","13":"content-bg","14":"loop-entry"},"_links":{"self":[{"href":"https:\/\/jstvalve.com\/de\/wp-json\/wp\/v2\/product\/569","targetHints":{"allow":["GET"]}}],"collection":[{"href":"https:\/\/jstvalve.com\/de\/wp-json\/wp\/v2\/product"}],"about":[{"href":"https:\/\/jstvalve.com\/de\/wp-json\/wp\/v2\/types\/product"}],"replies":[{"embeddable":true,"href":"https:\/\/jstvalve.com\/de\/wp-json\/wp\/v2\/comments?post=569"}],"wp:featuredmedia":[{"embeddable":true,"href":"https:\/\/jstvalve.com\/de\/wp-json\/wp\/v2\/media\/639"}],"wp:attachment":[{"href":"https:\/\/jstvalve.com\/de\/wp-json\/wp\/v2\/media?parent=569"}],"wp:term":[{"taxonomy":"product_brand","embeddable":true,"href":"https:\/\/jstvalve.com\/de\/wp-json\/wp\/v2\/product_brand?post=569"},{"taxonomy":"product_cat","embeddable":true,"href":"https:\/\/jstvalve.com\/de\/wp-json\/wp\/v2\/product_cat?post=569"},{"taxonomy":"product_tag","embeddable":true,"href":"https:\/\/jstvalve.com\/de\/wp-json\/wp\/v2\/product_tag?post=569"}],"curies":[{"name":"wp","href":"https:\/\/api.w.org\/{rel}","templated":true}]}}