{"id":564,"date":"2026-03-25T06:00:19","date_gmt":"2026-03-25T06:00:19","guid":{"rendered":"https:\/\/jstvalve.com\/?post_type=product&#038;p=564"},"modified":"2026-03-27T08:07:45","modified_gmt":"2026-03-27T08:07:45","slug":"nickel-gate-valves","status":"publish","type":"product","link":"https:\/\/jstvalve.com\/de\/produkt\/nickel-gate-valves\/","title":{"rendered":"Nickel-Schieberventile"},"content":{"rendered":"<hr \/>\n<h6>Merkmale von Nickelschiebern<\/h6>\n<p>Die Korrosionsbest\u00e4ndigkeit von Nickel 200 macht es besonders n\u00fctzlich f\u00fcr die Aufrechterhaltung der Produktreinheit in synthetischen Fasern und \u00e4tzenden Alkalien sowie f\u00fcr strukturelle Anwendungen, bei denen die Korrosionsbest\u00e4ndigkeit eine wichtige Rolle spielt.<\/p>\n<p>Ventile aus einer Nickellegierung k\u00f6nnen der Korrosion standhalten, der herk\u00f6mmlicher Edelstahl und andere Materialien nicht standhalten k\u00f6nnen, und gew\u00e4hrleisten so den langfristigen stabilen Betrieb von Pipeline-Regelventilen in extrem aggressiven korrosiven Medien, wie z. B. beim Transport und der Behandlung von konzentriertem Alkali.<\/p>\n<p>Nickel zeichnet sich durch Duktilit\u00e4t, Festigkeit, Korrosions- und Hitzebest\u00e4ndigkeit aus. Es ist selbst bei hohen Temperaturen und konzentriertem Alkali korrosionsbest\u00e4ndig.<\/p>\n<hr \/>\n<h6>Nickelschieber Industrielle Prozesse Anwendungen<\/h6>\n<p>Nickel ist eine Art industrieller Absperrschieber, der sich in vielen industriellen Prozessen auszeichnet. Nachfolgend sind einige der Umgebungen aufgef\u00fchrt, in denen Nickel vollst\u00e4ndig best\u00e4ndig ist.<\/p>\n<p>- Anorganische S\u00e4ure - Boden<br \/>\n- Hydratisiertes Oxid - Alkanol<br \/>\n- Aldehyd - Ether<br \/>\n- Keton - Alkali<br \/>\n- Phenol - Organische Verbindungen<\/p>\n<hr \/>\n<h6>Anwendung von Nickelschiebern<\/h6>\n<ul class=\"list-paddingleft-2\">\n<li>Chemisch<\/li>\n<li>Petrochemie<\/li>\n<li>\u00d6l und Gas<\/li>\n<li>Metallurgie<\/li>\n<li>Entsalzung<\/li>\n<li>Entschwefelung von Kraftwerken<\/li>\n<\/ul>","protected":false},"excerpt":{"rendered":"<p>JST ist Hersteller von Nickel 200- und Nickel 201-Ventilen. Diese Materialien werden haupts\u00e4chlich f\u00fcr den Einsatz in Hochtemperatur- und korrosiven Umgebungen ausgew\u00e4hlt.<\/p>\n<p>Nickel 200 ist handels\u00fcbliches reines (99,6%) Knetnickel.  Es hat gute mechanische Eigenschaften und eine ausgezeichnete Best\u00e4ndigkeit gegen viele korrosive Umgebungen.  Weitere n\u00fctzliche Merkmale der Legierung sind ihre magnetischen und magnetostriktiven Eigenschaften, ihre hohe thermische und elektrische Leitf\u00e4higkeit, ihr geringer Gasgehalt und ihr niedriger Dampfdruck.<\/p>","protected":false},"featured_media":630,"comment_status":"open","ping_status":"closed","template":"","meta":{"_kad_post_transparent":"","_kad_post_title":"","_kad_post_layout":"","_kad_post_sidebar_id":"","_kad_post_content_style":"","_kad_post_vertical_padding":"","_kad_post_feature":"","_kad_post_feature_position":"","_kad_post_header":false,"_kad_post_footer":false,"_kad_post_classname":""},"product_brand":[],"product_cat":[28],"product_tag":[],"class_list":{"0":"post-564","1":"product","2":"type-product","3":"status-publish","4":"has-post-thumbnail","6":"product_cat-gate-valve","8":"first","9":"instock","10":"shipping-taxable","11":"product-type-simple","12":"entry","13":"content-bg","14":"loop-entry"},"yoast_head":"<!-- This site is optimized with the Yoast SEO Premium plugin v26.7 (Yoast SEO v27.2) - https:\/\/yoast.com\/product\/yoast-seo-premium-wordpress\/ -->\n<title>Nickel Gate Valves - jstvalve.com<\/title>\n<meta name=\"robots\" content=\"index, follow, max-snippet:-1, max-image-preview:large, max-video-preview:-1\" \/>\n<link rel=\"canonical\" href=\"https:\/\/jstvalve.com\/de\/produkt\/nickel-gate-valves\/\" \/>\n<meta property=\"og:locale\" content=\"de_DE\" \/>\n<meta property=\"og:type\" content=\"article\" \/>\n<meta property=\"og:title\" content=\"Nickel Gate Valves\" \/>\n<meta property=\"og:description\" content=\"JST has manufacturer of Nickel 200 and Nickel 201 valves, these material valves are primarily selected for use in high temperature and or corrosive environments.  Nickel 200 is commercially pure (99.6%) wrought nickel. \u00a0It has good mechanical properties and excellent resistance to many corrosive environments. \u00a0Other useful features of the alloy are its magnetic and magnetostrictive properties, high thermal and electrical conductivities, low gas content and low vapor pressure.\" \/>\n<meta property=\"og:url\" content=\"https:\/\/jstvalve.com\/de\/produkt\/nickel-gate-valves\/\" \/>\n<meta property=\"og:site_name\" content=\"jstvalve.com\" \/>\n<meta property=\"article:publisher\" content=\"https:\/\/www.facebook.com\/jst.valve\/\" \/>\n<meta property=\"article:modified_time\" content=\"2026-03-27T08:07:45+00:00\" \/>\n<meta property=\"og:image\" content=\"https:\/\/jstvalve.com\/wp-content\/uploads\/2026\/03\/DM_20250821083711_025-1.jpeg\" \/>\n\t<meta property=\"og:image:width\" content=\"257\" \/>\n\t<meta property=\"og:image:height\" content=\"257\" \/>\n\t<meta property=\"og:image:type\" content=\"image\/jpeg\" \/>\n<meta name=\"twitter:card\" content=\"summary_large_image\" \/>\n<meta name=\"twitter:label1\" content=\"Gesch\u00e4tzte Lesezeit\" \/>\n\t<meta name=\"twitter:data1\" content=\"1\u00a0Minute\" \/>\n<script type=\"application\/ld+json\" class=\"yoast-schema-graph\">{\"@context\":\"https:\/\/schema.org\",\"@graph\":[{\"@type\":\"WebPage\",\"@id\":\"https:\/\/jstvalve.com\/product\/nickel-gate-valves\/\",\"url\":\"https:\/\/jstvalve.com\/product\/nickel-gate-valves\/\",\"name\":\"Nickel Gate Valves - jstvalve.com\",\"isPartOf\":{\"@id\":\"https:\/\/jstvalve.com\/#website\"},\"primaryImageOfPage\":{\"@id\":\"https:\/\/jstvalve.com\/product\/nickel-gate-valves\/#primaryimage\"},\"image\":{\"@id\":\"https:\/\/jstvalve.com\/product\/nickel-gate-valves\/#primaryimage\"},\"thumbnailUrl\":\"https:\/\/jstvalve.com\/wp-content\/uploads\/2026\/03\/DM_20250821083711_025-1.jpeg\",\"datePublished\":\"2026-03-25T06:00:19+00:00\",\"dateModified\":\"2026-03-27T08:07:45+00:00\",\"breadcrumb\":{\"@id\":\"https:\/\/jstvalve.com\/product\/nickel-gate-valves\/#breadcrumb\"},\"inLanguage\":\"de\",\"potentialAction\":[{\"@type\":\"ReadAction\",\"target\":[\"https:\/\/jstvalve.com\/product\/nickel-gate-valves\/\"]}]},{\"@type\":\"ImageObject\",\"inLanguage\":\"de\",\"@id\":\"https:\/\/jstvalve.com\/product\/nickel-gate-valves\/#primaryimage\",\"url\":\"https:\/\/jstvalve.com\/wp-content\/uploads\/2026\/03\/DM_20250821083711_025-1.jpeg\",\"contentUrl\":\"https:\/\/jstvalve.com\/wp-content\/uploads\/2026\/03\/DM_20250821083711_025-1.jpeg\",\"width\":257,\"height\":257},{\"@type\":\"BreadcrumbList\",\"@id\":\"https:\/\/jstvalve.com\/product\/nickel-gate-valves\/#breadcrumb\",\"itemListElement\":[{\"@type\":\"ListItem\",\"position\":1,\"name\":\"Home\",\"item\":\"https:\/\/jstvalve.com\/\"},{\"@type\":\"ListItem\",\"position\":2,\"name\":\"Shop\",\"item\":\"https:\/\/jstvalve.com\/?page_id=257\"},{\"@type\":\"ListItem\",\"position\":3,\"name\":\"Nickel Gate Valves\"}]},{\"@type\":\"WebSite\",\"@id\":\"https:\/\/jstvalve.com\/#website\",\"url\":\"https:\/\/jstvalve.com\/\",\"name\":\"jstvalve.com\",\"description\":\"\",\"publisher\":{\"@id\":\"https:\/\/jstvalve.com\/#organization\"},\"potentialAction\":[{\"@type\":\"SearchAction\",\"target\":{\"@type\":\"EntryPoint\",\"urlTemplate\":\"https:\/\/jstvalve.com\/?s={search_term_string}\"},\"query-input\":{\"@type\":\"PropertyValueSpecification\",\"valueRequired\":true,\"valueName\":\"search_term_string\"}}],\"inLanguage\":\"de\"},{\"@type\":\"Organization\",\"@id\":\"https:\/\/jstvalve.com\/#organization\",\"name\":\"jstvalve.com\",\"url\":\"https:\/\/jstvalve.com\/\",\"logo\":{\"@type\":\"ImageObject\",\"inLanguage\":\"de\",\"@id\":\"https:\/\/jstvalve.com\/#\/schema\/logo\/image\/\",\"url\":\"https:\/\/jstvalve.com\/wp-content\/uploads\/2026\/03\/cropped-1608878501.webp\",\"contentUrl\":\"https:\/\/jstvalve.com\/wp-content\/uploads\/2026\/03\/cropped-1608878501.webp\",\"width\":300,\"height\":154,\"caption\":\"jstvalve.com\"},\"image\":{\"@id\":\"https:\/\/jstvalve.com\/#\/schema\/logo\/image\/\"},\"sameAs\":[\"https:\/\/www.facebook.com\/jst.valve\/\"]}]}<\/script>\n<!-- \/ Yoast SEO Premium plugin. -->","yoast_head_json":{"title":"Nickel Gate Valves - jstvalve.com","robots":{"index":"index","follow":"follow","max-snippet":"max-snippet:-1","max-image-preview":"max-image-preview:large","max-video-preview":"max-video-preview:-1"},"canonical":"https:\/\/jstvalve.com\/de\/produkt\/nickel-gate-valves\/","og_locale":"de_DE","og_type":"article","og_title":"Nickel Gate Valves","og_description":"JST has manufacturer of Nickel 200 and Nickel 201 valves, these material valves are primarily selected for use in high temperature and or corrosive environments.  Nickel 200 is commercially pure (99.6%) wrought nickel. \u00a0It has good mechanical properties and excellent resistance to many corrosive environments. \u00a0Other useful features of the alloy are its magnetic and magnetostrictive properties, high thermal and electrical conductivities, low gas content and low vapor pressure.","og_url":"https:\/\/jstvalve.com\/de\/produkt\/nickel-gate-valves\/","og_site_name":"jstvalve.com","article_publisher":"https:\/\/www.facebook.com\/jst.valve\/","article_modified_time":"2026-03-27T08:07:45+00:00","og_image":[{"width":257,"height":257,"url":"https:\/\/jstvalve.com\/wp-content\/uploads\/2026\/03\/DM_20250821083711_025-1.jpeg","type":"image\/jpeg"}],"twitter_card":"summary_large_image","twitter_misc":{"Gesch\u00e4tzte Lesezeit":"1\u00a0Minute"},"schema":{"@context":"https:\/\/schema.org","@graph":[{"@type":"WebPage","@id":"https:\/\/jstvalve.com\/product\/nickel-gate-valves\/","url":"https:\/\/jstvalve.com\/product\/nickel-gate-valves\/","name":"Nickel Gate Valves - jstvalve.com","isPartOf":{"@id":"https:\/\/jstvalve.com\/#website"},"primaryImageOfPage":{"@id":"https:\/\/jstvalve.com\/product\/nickel-gate-valves\/#primaryimage"},"image":{"@id":"https:\/\/jstvalve.com\/product\/nickel-gate-valves\/#primaryimage"},"thumbnailUrl":"https:\/\/jstvalve.com\/wp-content\/uploads\/2026\/03\/DM_20250821083711_025-1.jpeg","datePublished":"2026-03-25T06:00:19+00:00","dateModified":"2026-03-27T08:07:45+00:00","breadcrumb":{"@id":"https:\/\/jstvalve.com\/product\/nickel-gate-valves\/#breadcrumb"},"inLanguage":"de","potentialAction":[{"@type":"ReadAction","target":["https:\/\/jstvalve.com\/product\/nickel-gate-valves\/"]}]},{"@type":"ImageObject","inLanguage":"de","@id":"https:\/\/jstvalve.com\/product\/nickel-gate-valves\/#primaryimage","url":"https:\/\/jstvalve.com\/wp-content\/uploads\/2026\/03\/DM_20250821083711_025-1.jpeg","contentUrl":"https:\/\/jstvalve.com\/wp-content\/uploads\/2026\/03\/DM_20250821083711_025-1.jpeg","width":257,"height":257},{"@type":"BreadcrumbList","@id":"https:\/\/jstvalve.com\/product\/nickel-gate-valves\/#breadcrumb","itemListElement":[{"@type":"ListItem","position":1,"name":"Home","item":"https:\/\/jstvalve.com\/"},{"@type":"ListItem","position":2,"name":"Shop","item":"https:\/\/jstvalve.com\/?page_id=257"},{"@type":"ListItem","position":3,"name":"Nickel Gate Valves"}]},{"@type":"WebSite","@id":"https:\/\/jstvalve.com\/#website","url":"https:\/\/jstvalve.com\/","name":"jstvalve.com","description":"","publisher":{"@id":"https:\/\/jstvalve.com\/#organization"},"potentialAction":[{"@type":"SearchAction","target":{"@type":"EntryPoint","urlTemplate":"https:\/\/jstvalve.com\/?s={search_term_string}"},"query-input":{"@type":"PropertyValueSpecification","valueRequired":true,"valueName":"search_term_string"}}],"inLanguage":"de"},{"@type":"Organization","@id":"https:\/\/jstvalve.com\/#organization","name":"jstvalve.com","url":"https:\/\/jstvalve.com\/","logo":{"@type":"ImageObject","inLanguage":"de","@id":"https:\/\/jstvalve.com\/#\/schema\/logo\/image\/","url":"https:\/\/jstvalve.com\/wp-content\/uploads\/2026\/03\/cropped-1608878501.webp","contentUrl":"https:\/\/jstvalve.com\/wp-content\/uploads\/2026\/03\/cropped-1608878501.webp","width":300,"height":154,"caption":"jstvalve.com"},"image":{"@id":"https:\/\/jstvalve.com\/#\/schema\/logo\/image\/"},"sameAs":["https:\/\/www.facebook.com\/jst.valve\/"]}]}},"_links":{"self":[{"href":"https:\/\/jstvalve.com\/de\/wp-json\/wp\/v2\/product\/564","targetHints":{"allow":["GET"]}}],"collection":[{"href":"https:\/\/jstvalve.com\/de\/wp-json\/wp\/v2\/product"}],"about":[{"href":"https:\/\/jstvalve.com\/de\/wp-json\/wp\/v2\/types\/product"}],"replies":[{"embeddable":true,"href":"https:\/\/jstvalve.com\/de\/wp-json\/wp\/v2\/comments?post=564"}],"wp:featuredmedia":[{"embeddable":true,"href":"https:\/\/jstvalve.com\/de\/wp-json\/wp\/v2\/media\/630"}],"wp:attachment":[{"href":"https:\/\/jstvalve.com\/de\/wp-json\/wp\/v2\/media?parent=564"}],"wp:term":[{"taxonomy":"product_brand","embeddable":true,"href":"https:\/\/jstvalve.com\/de\/wp-json\/wp\/v2\/product_brand?post=564"},{"taxonomy":"product_cat","embeddable":true,"href":"https:\/\/jstvalve.com\/de\/wp-json\/wp\/v2\/product_cat?post=564"},{"taxonomy":"product_tag","embeddable":true,"href":"https:\/\/jstvalve.com\/de\/wp-json\/wp\/v2\/product_tag?post=564"}],"curies":[{"name":"wp","href":"https:\/\/api.w.org\/{rel}","templated":true}]}}